{"id":9793,"date":"2019-01-22T20:22:48","date_gmt":"2019-01-22T19:22:48","guid":{"rendered":"https:\/\/www.anne-frank-gymnasium.de\/?page_id=9793"},"modified":"2026-02-04T12:03:10","modified_gmt":"2026-02-04T11:03:10","slug":"informationen-zum-arlington-austausch-usa","status":"publish","type":"page","link":"https:\/\/www.anne-frank-gymnasium.de\/?page_id=9793","title":{"rendered":"Arlington, USA (6+EF)"},"content":{"rendered":"<p><a href=\"https:\/\/www.anne-frank-gymnasium.de\/wp-content\/uploads\/2026\/02\/Elementary-School-Exchange-Arlington-2025-scaled.jpg\"><img loading=\"lazy\" decoding=\"async\" class=\"alignnone size-large wp-image-19345\" src=\"https:\/\/www.anne-frank-gymnasium.de\/wp-content\/uploads\/2026\/02\/Elementary-School-Exchange-Arlington-2025-1024x661.jpg\" alt=\"\" width=\"870\" height=\"562\" srcset=\"https:\/\/www.anne-frank-gymnasium.de\/wp-content\/uploads\/2026\/02\/Elementary-School-Exchange-Arlington-2025-1024x661.jpg 1024w, https:\/\/www.anne-frank-gymnasium.de\/wp-content\/uploads\/2026\/02\/Elementary-School-Exchange-Arlington-2025-300x194.jpg 300w, https:\/\/www.anne-frank-gymnasium.de\/wp-content\/uploads\/2026\/02\/Elementary-School-Exchange-Arlington-2025-768x496.jpg 768w, https:\/\/www.anne-frank-gymnasium.de\/wp-content\/uploads\/2026\/02\/Elementary-School-Exchange-Arlington-2025-1536x991.jpg 1536w, https:\/\/www.anne-frank-gymnasium.de\/wp-content\/uploads\/2026\/02\/Elementary-School-Exchange-Arlington-2025-2048x1321.jpg 2048w, https:\/\/www.anne-frank-gymnasium.de\/wp-content\/uploads\/2026\/02\/Elementary-School-Exchange-Arlington-2025-870x561.jpg 870w\" sizes=\"auto, (max-width: 870px) 100vw, 870px\" \/><\/a><\/p>\n<p>Am Austausch mit unserer amerikanischen Partnerstadt Arlington d\u00fcrfen Sch\u00fclerinnen und Sch\u00fcler aller weiterf\u00fchrenden Schulen in Aachen teilnehmen. Er wird vom <a href=\"http:\/\/aachen-arlington.de\/\">Aachen &amp; Arlington e.V.<\/a> organisiert. Jedes Jahr fliegen zwei Sch\u00fclergruppen in die USA. Erfahrungsgem\u00e4\u00df k\u00f6nnen jedes Jahr drei oder vier Sch\u00fclerinnen und Sch\u00fcler vom AFG teilnehmen.<\/p>\n<p>&nbsp;<\/p>\n<p><strong>Der Austausch in Jahrgangsstufe 6<\/strong><\/p>\n<p>Dieser Austausch ist ein Eltern-Kind-Austausch. Er dauert 8 Tage, in denen das teilnehmende Kind und ein Elternteil von einer Gastfamilie in Arlington aufgenommen werden. Dies ist eine tolle M\u00f6glichkeit, eine amerikanische Schule, die Sehensw\u00fcrdigkeiten im nahegelegenen Washington, D.C. und den American way of life kennenzulernen. Einige Monate sp\u00e4ter kommt das amerikanische Austauschkind mit einem Elternteil zum Gegenbesuch in die Aachener Gastfamilie.<\/p>\n<p>Ungef\u00e4hrer zeitlicher Ablauf:<\/p>\n<table style=\"border-collapse: collapse; width: 100%;\">\n<tbody>\n<tr>\n<td style=\"width: 25.4667%;\">Ende Jahrgangsstufe 5:<\/td>\n<td style=\"width: 74.5333%;\">Die Sch\u00fclerinnen und Sch\u00fcler werden aufgefordert sich zu bewerben.<\/td>\n<\/tr>\n<tr>\n<td style=\"width: 25.4667%;\">Oktober:<\/td>\n<td style=\"width: 74.5333%;\">Die AachenerInnen fliegen in die USA.<\/td>\n<\/tr>\n<tr>\n<td style=\"width: 25.4667%;\">M\u00e4rz:<\/td>\n<td style=\"width: 74.5333%;\">Die Arlingtonians kommen nach Aachen.<\/td>\n<\/tr>\n<\/tbody>\n<\/table>\n<p>Hier sind Erlebnisberichte von <a href=\"https:\/\/ucloud4schools.de\/afg\/index.php\/apps\/files\/files\/3135105?dir=\/_AFG-Lehrerzimmer\/Projekte%20und%20Events\/Arlington-Austausch&amp;openfile=true\">Benjamin<\/a> und <a href=\"https:\/\/ucloud4schools.de\/afg\/index.php\/apps\/files\/files\/3135415?dir=\/_AFG-Lehrerzimmer\/Projekte%20und%20Events\/Arlington-Austausch&amp;openfile=true\">Tristan<\/a> \u00a0verlinkt, zwei begeisterten Arlingtonfahrern aus dem Jahr 2018 bzw. 2025. Die Lokalzeitung in Arlington w\u00fcrdigte den Austausch 2025 anl\u00e4sslich seines 30-j\u00e4hrigen Bestehens in diesem <a href=\"https:\/\/www.arlnow.com\/2025\/10\/15\/arlingtons-sister-city-in-germany-sends-record-number-of-fifth-graders-this-year\/\">Artikel<\/a>.<\/p>\n<p>&nbsp;<\/p>\n<p><strong>Der Austausch in der EF<\/strong><\/p>\n<p>Die Sch\u00fclerinnen und Sch\u00fcler der Oberstufe fahren als Gruppe unter Begleitung von zwei Lehrkr\u00e4ften. Auch sie besuchen ihre amerikanischen Gastfamilien und nehmen im Gegenzug ihre Austauschpartner auf. Der Austausch dauert zwei Wochen. Zus\u00e4tzlich zum Aufenthalt in Arlington reist die deutsche Sch\u00fclergruppe f\u00fcr drei Tage nach New York. Die Amerikaner fahren im Anschluss an ihre Woche in den Gastfamilien weiter nach Berlin.<\/p>\n<p>Ungef\u00e4hrer zeitlicher Ablauf:<\/p>\n<table style=\"border-collapse: collapse; width: 100%;\">\n<tbody>\n<tr>\n<td style=\"width: 25.6%;\">Januar:<\/td>\n<td style=\"width: 74.4%;\">Die Sch\u00fclerinnen und Sch\u00fcler werden aufgefordert sich zu bewerben.<\/td>\n<\/tr>\n<tr>\n<td style=\"width: 25.6%;\">M\u00e4rz:<\/td>\n<td style=\"width: 74.4%;\">Auswahlgespr\u00e4ch beim Aachen &amp; Arlington Verein<\/td>\n<\/tr>\n<tr>\n<td style=\"width: 25.6%;\">Juli:<\/td>\n<td style=\"width: 74.4%;\">Die amerikanische Gruppe kommt nach Aachen.<\/td>\n<\/tr>\n<tr>\n<td style=\"width: 25.6%;\">Oktober:<\/td>\n<td style=\"width: 74.4%;\">Die Aachener fliegen nach Arlington.<\/td>\n<\/tr>\n<\/tbody>\n<\/table>\n<p>&nbsp;<\/p>\n<p>Hier der Bericht von <a href=\"https:\/\/ucloud4schools.de\/afg\/index.php\/apps\/files\/files\/3135127?dir=\/_AFG-Lehrerzimmer\/Projekte%20und%20Events\/Arlington-Austausch&amp;openfile=true\">Carlotta<\/a> (2024).<\/p>\n<p>Ansprechpartnerin f\u00fcr den Austausch ist Frau Heuterkes (heuterkes@afgmail.de).<\/p>\n<p>Stand 04\/2026<\/p>\n","protected":false},"excerpt":{"rendered":"<p><a href=\"https:\/\/www.anne-frank-gymnasium.de\/wp-content\/uploads\/2026\/02\/Elementary-School-Exchange-Arlington-2025-scaled.jpg\"><\/a><\/p>\n<p>Am Austausch mit unserer amerikanischen Partnerstadt Arlington d\u00fcrfen Sch\u00fclerinnen und Sch\u00fcler aller weiterf\u00fchrenden Schulen in Aachen teilnehmen. Er wird vom <a href=\"http:\/\/aachen-arlington.de\/\">Aachen &amp; Arlington e.V.<\/a> organisiert. Jedes Jahr fliegen zwei Sch\u00fclergruppen in die USA. Erfahrungsgem\u00e4\u00df k\u00f6nnen jedes Jahr drei oder vier Sch\u00fclerinnen und Sch\u00fcler vom AFG teilnehmen.<\/p>\n<p>&nbsp;<\/p>\n<p>Der Austausch in Jahrgangsstufe 6<\/p>\n<p> &hellip; <\/p>\n<p><a class=\"more-link btn\" href=\"https:\/\/www.anne-frank-gymnasium.de\/?page_id=9793\">Weiterlesen<\/a><\/p>\n","protected":false},"author":12,"featured_media":0,"parent":124,"menu_order":0,"comment_status":"closed","ping_status":"closed","template":"","meta":{"footnotes":""},"class_list":["post-9793","page","type-page","status-publish","hentry","nodate","item-wrap"],"_links":{"self":[{"href":"https:\/\/www.anne-frank-gymnasium.de\/index.php?rest_route=\/wp\/v2\/pages\/9793","targetHints":{"allow":["GET"]}}],"collection":[{"href":"https:\/\/www.anne-frank-gymnasium.de\/index.php?rest_route=\/wp\/v2\/pages"}],"about":[{"href":"https:\/\/www.anne-frank-gymnasium.de\/index.php?rest_route=\/wp\/v2\/types\/page"}],"author":[{"embeddable":true,"href":"https:\/\/www.anne-frank-gymnasium.de\/index.php?rest_route=\/wp\/v2\/users\/12"}],"replies":[{"embeddable":true,"href":"https:\/\/www.anne-frank-gymnasium.de\/index.php?rest_route=%2Fwp%2Fv2%2Fcomments&post=9793"}],"version-history":[{"count":6,"href":"https:\/\/www.anne-frank-gymnasium.de\/index.php?rest_route=\/wp\/v2\/pages\/9793\/revisions"}],"predecessor-version":[{"id":19356,"href":"https:\/\/www.anne-frank-gymnasium.de\/index.php?rest_route=\/wp\/v2\/pages\/9793\/revisions\/19356"}],"up":[{"embeddable":true,"href":"https:\/\/www.anne-frank-gymnasium.de\/index.php?rest_route=\/wp\/v2\/pages\/124"}],"wp:attachment":[{"href":"https:\/\/www.anne-frank-gymnasium.de\/index.php?rest_route=%2Fwp%2Fv2%2Fmedia&parent=9793"}],"curies":[{"name":"wp","href":"https:\/\/api.w.org\/{rel}","templated":true}]}}