{"id":9517,"date":"2018-11-26T19:42:25","date_gmt":"2018-11-26T18:42:25","guid":{"rendered":"https:\/\/www.anne-frank-gymnasium.de\/?page_id=9517"},"modified":"2025-11-25T08:51:13","modified_gmt":"2025-11-25T07:51:13","slug":"allgemeines-zum-erasmus-austausch","status":"publish","type":"page","link":"https:\/\/www.anne-frank-gymnasium.de\/?page_id=9517","title":{"rendered":"Erasmus+ am Anne-Frank-Gymnasium"},"content":{"rendered":"<p>Seit 2014 f\u00f6rdert das Erasmus+ Programm der EU pers\u00f6nliche Begegnungen, digitalen Austausch und gemeinsame Projekte von Schulen aus ganz Europa. Tausende Lehrkr\u00e4fte, Sch\u00fclerinnen und Sch\u00fcler aus ganz Deutschland haben Europa dadurch \u2013 ganz kostenfrei &#8211; \u00a0neu erlebt und kennengelernt.<\/p>\n<p>Die M\u00f6glichkeiten sind vielf\u00e4ltig \u2013 vom klassischen Austausch f\u00fcr Sch\u00fclergruppen \u00fcber (auch l\u00e4ngere) Aufenthalte einzelner Sch\u00fcler, z. B. f\u00fcr ein Praktikum, bis hin zu Job Shadowing f\u00fcr Lehrkr\u00e4fte, die an Anregungen und Fortbildung zum Schulleben im Ausland interessiert sind.<\/p>\n<p>Das Anne-Frank-Gymnasium hat bereits eine lange Tradition als Erasmus-Schule. Bisher fanden bereits Projekte mit Schulen u.a. aus Polen, Frankreich, der T\u00fcrkei, Spanien und Portugal statt.<\/p>\n<p>Das letzte Projekt war eine Kooperation mit dem Institut Vil-la Romana in La Garriga bei Barcelona.<\/p>\n<p>Aktuell werden Projekte mit Schweden, der T\u00fcrkei, Tschechien und dem franz\u00f6sischen \u00dcberseed\u00e9partement Martinique in der Karibik geplant\u2026<\/p>\n<p>&nbsp;<\/p>\n<p>N\u00e4here Informationen zur Teilnahme erteilt <a href=\"https:\/\/www.anne-frank-gymnasium.de\/?page_id=97\">Frau Kanitz<\/a>.<\/p>\n<p><a href=\"https:\/\/www.anne-frank-gymnasium.de\/?cat=21\">Beitr\u00e4ge zu Erasmus +<\/a><\/p>\n<p>http:\/\/www.erasmusplus.de\/<\/p>\n<p>&nbsp;<\/p>\n","protected":false},"excerpt":{"rendered":"<p>Seit 2014 f\u00f6rdert das Erasmus+ Programm der EU pers\u00f6nliche Begegnungen, digitalen Austausch und gemeinsame Projekte von Schulen aus ganz Europa. Tausende Lehrkr\u00e4fte, Sch\u00fclerinnen und Sch\u00fcler aus ganz Deutschland haben Europa dadurch \u2013 ganz kostenfrei &#8211; \u00a0neu erlebt und kennengelernt.<\/p>\n<p>Die M\u00f6glichkeiten sind vielf\u00e4ltig \u2013 vom klassischen Austausch f\u00fcr Sch\u00fclergruppen \u00fcber (auch l\u00e4ngere) Aufenthalte einzelner Sch\u00fcler, &hellip; <\/p>\n<p><a class=\"more-link btn\" href=\"https:\/\/www.anne-frank-gymnasium.de\/?page_id=9517\">Weiterlesen<\/a><\/p>\n","protected":false},"author":12,"featured_media":0,"parent":1015,"menu_order":0,"comment_status":"closed","ping_status":"closed","template":"","meta":{"footnotes":""},"class_list":["post-9517","page","type-page","status-publish","hentry","nodate","item-wrap"],"_links":{"self":[{"href":"https:\/\/www.anne-frank-gymnasium.de\/index.php?rest_route=\/wp\/v2\/pages\/9517","targetHints":{"allow":["GET"]}}],"collection":[{"href":"https:\/\/www.anne-frank-gymnasium.de\/index.php?rest_route=\/wp\/v2\/pages"}],"about":[{"href":"https:\/\/www.anne-frank-gymnasium.de\/index.php?rest_route=\/wp\/v2\/types\/page"}],"author":[{"embeddable":true,"href":"https:\/\/www.anne-frank-gymnasium.de\/index.php?rest_route=\/wp\/v2\/users\/12"}],"replies":[{"embeddable":true,"href":"https:\/\/www.anne-frank-gymnasium.de\/index.php?rest_route=%2Fwp%2Fv2%2Fcomments&post=9517"}],"version-history":[{"count":5,"href":"https:\/\/www.anne-frank-gymnasium.de\/index.php?rest_route=\/wp\/v2\/pages\/9517\/revisions"}],"predecessor-version":[{"id":14995,"href":"https:\/\/www.anne-frank-gymnasium.de\/index.php?rest_route=\/wp\/v2\/pages\/9517\/revisions\/14995"}],"up":[{"embeddable":true,"href":"https:\/\/www.anne-frank-gymnasium.de\/index.php?rest_route=\/wp\/v2\/pages\/1015"}],"wp:attachment":[{"href":"https:\/\/www.anne-frank-gymnasium.de\/index.php?rest_route=%2Fwp%2Fv2%2Fmedia&parent=9517"}],"curies":[{"name":"wp","href":"https:\/\/api.w.org\/{rel}","templated":true}]}}