{"id":9362,"date":"2018-11-13T21:28:28","date_gmt":"2018-11-13T20:28:28","guid":{"rendered":"https:\/\/www.anne-frank-gymnasium.de\/?page_id=9362"},"modified":"2026-02-20T13:48:42","modified_gmt":"2026-02-20T12:48:42","slug":"allgemeines-zu-mathematik-am-afg","status":"publish","type":"page","link":"https:\/\/www.anne-frank-gymnasium.de\/?page_id=9362","title":{"rendered":"Mathematik am AFG"},"content":{"rendered":"<p><img loading=\"lazy\" decoding=\"async\" class=\"aligncenter wp-image-9263 size-large\" src=\"https:\/\/www.anne-frank-gymnasium.de\/wp-content\/uploads\/2018\/11\/Mathe-Tafelbild-1024x203.jpg\" alt=\"\" width=\"870\" height=\"172\" srcset=\"https:\/\/www.anne-frank-gymnasium.de\/wp-content\/uploads\/2018\/11\/Mathe-Tafelbild-1024x203.jpg 1024w, https:\/\/www.anne-frank-gymnasium.de\/wp-content\/uploads\/2018\/11\/Mathe-Tafelbild-300x59.jpg 300w, https:\/\/www.anne-frank-gymnasium.de\/wp-content\/uploads\/2018\/11\/Mathe-Tafelbild-768x152.jpg 768w\" sizes=\"auto, (max-width: 870px) 100vw, 870px\" \/><\/p>\n<p style=\"text-align: center;\">\u201eMathematik ist das Alphabet, mit dessen Hilfe Gott das Universum beschrieben hat.\u201c<\/p>\n<p style=\"text-align: right;\"><em>Galileo Galilei<\/em><\/p>\n<p>&nbsp;<\/p>\n<p><b>Allgemeines zum Fach und seinen Zielen<\/b><\/p>\n<p>Muss man Mathematik vorstellen? Eigentlich wohl nicht, denn jeder hat mehr oder weniger angenehme Erinnerungen an die Prozentrechnung, den Satz des Pythagoras, die Kongruenzs\u00e4tze, lineare, quadratische und einige andere Funktionen und vieles mehr\u2026<\/p>\n<p>Auch wenn viele es anders vermuten, steckt Mathematik in vielz\u00e4hligen Bereichen des Alltags. Ein Smartphone w\u00fcrde ohne Mathematik nicht existieren, um nur ein Beispiel zu nennen.<\/p>\n<p>Neben dem Erwerb mathematischer F\u00e4higkeiten und deren Anwendung zur L\u00f6sung von Problemen mit Alltagsbezug, z\u00e4hlen das Erlernen von strukturellem Denken und allgemeinen Probleml\u00f6sef\u00e4higkeiten zu den zentralen Zielen des Mathematikunterrichts.<\/p>\n<p>&nbsp;<\/p>\n<p><b>Mathematik am AFG<\/b><\/p>\n<p>Das Fach Mathematik wird durchg\u00e4ngig von Klasse 5 bis zum Abitur unterrichtet. In der Qualifikationsphase kann zwischen Grundkurs oder Leistungskurs gew\u00e4hlt werden.<\/p>\n<p>&nbsp;<\/p>\n<p><b>Wettbewerbe<\/b><\/p>\n<p>Um Sch\u00fclerinnen und Sch\u00fcler fr\u00fch an die Teilnahme an Wettbewerben heranzuf\u00fchren, nehmen in den Klassen 5-7 Sch\u00fclerinnen und Sch\u00fcler am K\u00e4nguru-Wettbewerb Mathematik teil.<\/p>\n<p>Dar\u00fcber hinaus werden die Sch\u00fclerinnen und Sch\u00fcler aller Jahrgangsstufen regelm\u00e4\u00dfig \u00fcber verschiedene Wettbewerbe im Fach Mathematik beraten und individuell bei der Teilnahme unterst\u00fctzt. In der Vergangenheit haben Sch\u00fclerinnen Sch\u00fcler sowohl an kleineren Wettbewerben wie \u201eMathe im\u00a0 Advent\u201c sowie auch bei mehrstufigen Wettbewerben wie z. B. an der Mathematik-Olympiade teilgenommen.<\/p>\n<p>&nbsp;<\/p>\n<p><b>Sekundarstufe I<\/b><\/p>\n<p>F\u00fcr die Jahrgangsstufen 5 \u201310 gibt es ein schulinternes Curriculum, das sich an den offiziellen Kernlehrpl\u00e4nen orientiert. Im zweiten Halbjahr der 8. Klasse werden die <b>zentralen Pr\u00fcfungen<\/b> Vera 8 durchgef\u00fchrt. Am Ende der Einf\u00fchrungsphase und am Ende der Klasse 10 finden Zentrale Pr\u00fcfungen in den F\u00e4chern Deutsch und Mathematik statt. Sie ersetzen die 2. Klausur im 2.Halbjahr.<\/p>\n<p>F\u00fcr leistungsschw\u00e4chere Sch\u00fclerinnen und Sch\u00fcler bieten wir <b>F\u00f6rderkurse<\/b> an, die von Fachlehrern geleitet werden. Hier k\u00f6nnen schwierige Themen individuell wiederholt und intensiver als im regul\u00e4ren Unterricht ge\u00fcbt werden.<\/p>\n<p>&nbsp;<\/p>\n<p><b>Sekundarstufe II<\/b><\/p>\n<p>F\u00fcr die Sekundarstufe II gibt es ebenfalls ein schulinternes Curriculum, dessen Inhalte im Wesentlichen durch die Vorgaben des Ministeriums f\u00fcr Schule und Bildung im Hinblick auf das zu absolvierende<b> Zentralabitur<\/b>\u00a0vorgegeben sind und daher stetigen Anpassungen unterliegen kann.<\/p>\n<p>In der Stufe Q1 (2. Halbjahr) besteht die M\u00f6glichkeit, die\u00a0<b>Facharbeit <\/b>(anstelle einer Klausur) u.a. im Fach Mathematik zu schreiben.<\/p>\n<p>&nbsp;<\/p>\n<p><b>Unterrichtsmedien<\/b><\/p>\n<p>Als Lehrwerk f\u00fcr die Klassen 5 \u2013 10 wird derzeit das Lehrbuch <b>Neue Wege <\/b>aus dem Westermann-Verlag verwendet, wobei ab Jahrgangsstufe 7 ausschlie\u00dflich mit dem digitalen E-Book gearbeitet wird. In der Oberstufe wird das Lehrbuch <b>Mathematik Oberstufe\u00a0<\/b>aus dem Cornelsen-Verlag verwendet. Beide Lehrwerke enthalten zahlreiche \u00dcbungs- und Anwendungsaufgaben zum \u00dcben und Vertiefen der Unterrichtsinhalte.<\/p>\n<p>Im Zusammenhang mit der Prozentrechnung wird in der Jahrgangsstufe 7 eine Taschenrechner-App von<b> Geogebra <\/b>eingef\u00fchrt, welche die Funktion des herk\u00f6mmlichen wissenschaftlichen Taschenrechners ersetzt. Klassenarbeiten werden zum Teil mit und zum Teil ohne den Einsatz der App geschrieben, um auch das Kopfrechnen weiterhin gezielt zu f\u00f6rdern.<\/p>\n<p>&nbsp;<\/p>\n<p><strong>Weitere Informationen:<\/strong><\/p>\n<ul>\n<li><a href=\"https:\/\/www.anne-frank-gymnasium.de\/?cat=73\">Beitr\u00e4ge zum Fach Mathematik<\/a><\/li>\n<\/ul>\n","protected":false},"excerpt":{"rendered":"<\/p>\n<p style=\"text-align: center;\">\u201eMathematik ist das Alphabet, mit dessen Hilfe Gott das Universum beschrieben hat.\u201c<\/p>\n<p style=\"text-align: right;\">Galileo Galilei<\/p>\n<p>&nbsp;<\/p>\n<p>Allgemeines zum Fach und seinen Zielen<\/p>\n<p>Muss man Mathematik vorstellen? Eigentlich wohl nicht, denn jeder hat mehr oder weniger angenehme Erinnerungen an die Prozentrechnung, den Satz des Pythagoras, die Kongruenzs\u00e4tze, lineare, quadratische und einige andere &hellip; <\/p>\n<p><a class=\"more-link btn\" href=\"https:\/\/www.anne-frank-gymnasium.de\/?page_id=9362\">Weiterlesen<\/a><\/p>\n","protected":false},"author":12,"featured_media":0,"parent":9360,"menu_order":0,"comment_status":"closed","ping_status":"closed","template":"","meta":{"footnotes":""},"class_list":["post-9362","page","type-page","status-publish","hentry","nodate","item-wrap"],"_links":{"self":[{"href":"https:\/\/www.anne-frank-gymnasium.de\/index.php?rest_route=\/wp\/v2\/pages\/9362","targetHints":{"allow":["GET"]}}],"collection":[{"href":"https:\/\/www.anne-frank-gymnasium.de\/index.php?rest_route=\/wp\/v2\/pages"}],"about":[{"href":"https:\/\/www.anne-frank-gymnasium.de\/index.php?rest_route=\/wp\/v2\/types\/page"}],"author":[{"embeddable":true,"href":"https:\/\/www.anne-frank-gymnasium.de\/index.php?rest_route=\/wp\/v2\/users\/12"}],"replies":[{"embeddable":true,"href":"https:\/\/www.anne-frank-gymnasium.de\/index.php?rest_route=%2Fwp%2Fv2%2Fcomments&post=9362"}],"version-history":[{"count":8,"href":"https:\/\/www.anne-frank-gymnasium.de\/index.php?rest_route=\/wp\/v2\/pages\/9362\/revisions"}],"predecessor-version":[{"id":19440,"href":"https:\/\/www.anne-frank-gymnasium.de\/index.php?rest_route=\/wp\/v2\/pages\/9362\/revisions\/19440"}],"up":[{"embeddable":true,"href":"https:\/\/www.anne-frank-gymnasium.de\/index.php?rest_route=\/wp\/v2\/pages\/9360"}],"wp:attachment":[{"href":"https:\/\/www.anne-frank-gymnasium.de\/index.php?rest_route=%2Fwp%2Fv2%2Fmedia&parent=9362"}],"curies":[{"name":"wp","href":"https:\/\/api.w.org\/{rel}","templated":true}]}}