{"id":9171,"date":"2018-11-03T18:56:22","date_gmt":"2018-11-03T17:56:22","guid":{"rendered":"https:\/\/www.anne-frank-gymnasium.de\/?page_id=9171"},"modified":"2026-02-20T14:02:07","modified_gmt":"2026-02-20T13:02:07","slug":"allgemeines-zum-fach-biologie-am-afg","status":"publish","type":"page","link":"https:\/\/www.anne-frank-gymnasium.de\/?page_id=9171","title":{"rendered":"Biologie am AFG"},"content":{"rendered":"<p><a href=\"https:\/\/www.anne-frank-gymnasium.de\/wp-content\/uploads\/2018\/11\/Biologie.jpg\"><br \/>\n<img loading=\"lazy\" decoding=\"async\" class=\"size-full wp-image-9272 aligncenter\" src=\"https:\/\/www.anne-frank-gymnasium.de\/wp-content\/uploads\/2018\/11\/Biologie.jpg\" alt=\"\" width=\"5150\" height=\"1737\" srcset=\"https:\/\/www.anne-frank-gymnasium.de\/wp-content\/uploads\/2018\/11\/Biologie.jpg 5150w, https:\/\/www.anne-frank-gymnasium.de\/wp-content\/uploads\/2018\/11\/Biologie-300x101.jpg 300w, https:\/\/www.anne-frank-gymnasium.de\/wp-content\/uploads\/2018\/11\/Biologie-768x259.jpg 768w, https:\/\/www.anne-frank-gymnasium.de\/wp-content\/uploads\/2018\/11\/Biologie-1024x345.jpg 1024w\" sizes=\"auto, (max-width: 5150px) 100vw, 5150px\" \/><\/a><\/p>\n<p>Wir erforschen das Leben &#8211; von der kleinsten Zelle bis hin zu komplexen \u00d6kosystemen. \u201eWie ist die Natur aufgebaut?\u201c und \u201eWie verstehen wir das Leben besser?\u201c sind mit all den daraus resultierenden Zusammenh\u00e4ngen wesentliche Fragestellungen unseres Faches.\u00a0 In der Biologie werden die verschiedensten Arbeitsweisen und Denkans\u00e4tze miteinander verkn\u00fcpft. Der Weg der naturwissenschaftlichen Erkenntnisgewinnung bildet dabei die Grundlage. Praktische Erfahrungen, kritisches Denken, Neugier und die naturwissenschaftliche Arbeitsweise sind dabei wichtige Kompetenzen f\u00fcr das weitere Leben.<\/p>\n<p>Unter anderem werden die \u00d6kologie, Zellbiologie, Genetik, Humanbiologie, Evolution und Neurobiologie durch praktisches Experimentieren, Beobachten, Mikroskopieren, Modellarbeiten, Projektarbeiten, Pr\u00e4sentationen, Exkursionen oder Wettbewerben in unseren Unterricht integriert. Auch auf nachhaltige Entwicklungen legen wir besonderen Wert. Demnach spielen auch ethische Konflikte und moralische Bewertungen eine wichtige Rolle, wodurch ein eigenst\u00e4ndiger und reflektiert verantwortungsbewusster Umgang gef\u00f6rdert wird. Dar\u00fcberhinaus werden bei Projekttagen auch biologische Inhalte entsprechend umgesetzt oder es kommen regelm\u00e4\u00dfig Sch\u00fclerlabore wie das eXploregio.mobil zu uns an die Schule.<br \/>\nDas WP-II Fach Sport &#8211; Biologie &#8211; Gesundheit erweitert unser biologisches Profil ebenfalls.<\/p>\n<p><strong><br \/>\nWeitere Informationen:<\/strong><\/p>\n<ul>\n<li><a href=\"https:\/\/www.anne-frank-gymnasium.de\/?cat=67\">Beitr\u00e4ge zum Fach\u00a0<\/a>Biologie<\/li>\n<\/ul>\n<p>&nbsp;<\/p>\n<p><a href=\"https:\/\/www.anne-frank-gymnasium.de\/wp-content\/uploads\/2026\/02\/PXL_20230607_102604677-scaled-e1686763180330-2048x1152-1.jpg\"><img loading=\"lazy\" decoding=\"async\" class=\"size-large wp-image-19451 aligncenter\" src=\"https:\/\/www.anne-frank-gymnasium.de\/wp-content\/uploads\/2026\/02\/PXL_20230607_102604677-scaled-e1686763180330-2048x1152-1-1024x576.jpg\" alt=\"\" width=\"870\" height=\"489\" srcset=\"https:\/\/www.anne-frank-gymnasium.de\/wp-content\/uploads\/2026\/02\/PXL_20230607_102604677-scaled-e1686763180330-2048x1152-1-1024x576.jpg 1024w, https:\/\/www.anne-frank-gymnasium.de\/wp-content\/uploads\/2026\/02\/PXL_20230607_102604677-scaled-e1686763180330-2048x1152-1-300x169.jpg 300w, https:\/\/www.anne-frank-gymnasium.de\/wp-content\/uploads\/2026\/02\/PXL_20230607_102604677-scaled-e1686763180330-2048x1152-1-768x432.jpg 768w, https:\/\/www.anne-frank-gymnasium.de\/wp-content\/uploads\/2026\/02\/PXL_20230607_102604677-scaled-e1686763180330-2048x1152-1-1536x864.jpg 1536w, https:\/\/www.anne-frank-gymnasium.de\/wp-content\/uploads\/2026\/02\/PXL_20230607_102604677-scaled-e1686763180330-2048x1152-1-870x489.jpg 870w, https:\/\/www.anne-frank-gymnasium.de\/wp-content\/uploads\/2026\/02\/PXL_20230607_102604677-scaled-e1686763180330-2048x1152-1.jpg 2048w\" sizes=\"auto, (max-width: 870px) 100vw, 870px\" \/><\/a><a href=\"https:\/\/www.anne-frank-gymnasium.de\/wp-content\/uploads\/2026\/02\/IMG_20230525_092012-scaled-1.jpg\"><img loading=\"lazy\" decoding=\"async\" class=\"aligncenter wp-image-19452 size-large\" src=\"https:\/\/www.anne-frank-gymnasium.de\/wp-content\/uploads\/2026\/02\/IMG_20230525_092012-scaled-1-e1771592481756-1024x577.jpg\" alt=\"\" width=\"870\" height=\"490\" srcset=\"https:\/\/www.anne-frank-gymnasium.de\/wp-content\/uploads\/2026\/02\/IMG_20230525_092012-scaled-1-e1771592481756-1024x577.jpg 1024w, https:\/\/www.anne-frank-gymnasium.de\/wp-content\/uploads\/2026\/02\/IMG_20230525_092012-scaled-1-e1771592481756-300x169.jpg 300w, https:\/\/www.anne-frank-gymnasium.de\/wp-content\/uploads\/2026\/02\/IMG_20230525_092012-scaled-1-e1771592481756-768x433.jpg 768w, https:\/\/www.anne-frank-gymnasium.de\/wp-content\/uploads\/2026\/02\/IMG_20230525_092012-scaled-1-e1771592481756-1536x865.jpg 1536w, https:\/\/www.anne-frank-gymnasium.de\/wp-content\/uploads\/2026\/02\/IMG_20230525_092012-scaled-1-e1771592481756-2048x1154.jpg 2048w, https:\/\/www.anne-frank-gymnasium.de\/wp-content\/uploads\/2026\/02\/IMG_20230525_092012-scaled-1-e1771592481756-870x490.jpg 870w\" sizes=\"auto, (max-width: 870px) 100vw, 870px\" \/><\/a><\/p>\n","protected":false},"excerpt":{"rendered":"<p><a href=\"https:\/\/www.anne-frank-gymnasium.de\/wp-content\/uploads\/2018\/11\/Biologie.jpg\"> <\/a><\/p>\n<p>Wir erforschen das Leben &#8211; von der kleinsten Zelle bis hin zu komplexen \u00d6kosystemen. \u201eWie ist die Natur aufgebaut?\u201c und \u201eWie verstehen wir das Leben besser?\u201c sind mit all den daraus resultierenden Zusammenh\u00e4ngen wesentliche Fragestellungen unseres Faches.\u00a0 In der Biologie werden die verschiedensten Arbeitsweisen und Denkans\u00e4tze miteinander verkn\u00fcpft. Der Weg der naturwissenschaftlichen &hellip; <\/p>\n<p><a class=\"more-link btn\" href=\"https:\/\/www.anne-frank-gymnasium.de\/?page_id=9171\">Weiterlesen<\/a><\/p>\n","protected":false},"author":12,"featured_media":0,"parent":9169,"menu_order":0,"comment_status":"closed","ping_status":"closed","template":"","meta":{"footnotes":""},"class_list":["post-9171","page","type-page","status-publish","hentry","nodate","item-wrap"],"_links":{"self":[{"href":"https:\/\/www.anne-frank-gymnasium.de\/index.php?rest_route=\/wp\/v2\/pages\/9171","targetHints":{"allow":["GET"]}}],"collection":[{"href":"https:\/\/www.anne-frank-gymnasium.de\/index.php?rest_route=\/wp\/v2\/pages"}],"about":[{"href":"https:\/\/www.anne-frank-gymnasium.de\/index.php?rest_route=\/wp\/v2\/types\/page"}],"author":[{"embeddable":true,"href":"https:\/\/www.anne-frank-gymnasium.de\/index.php?rest_route=\/wp\/v2\/users\/12"}],"replies":[{"embeddable":true,"href":"https:\/\/www.anne-frank-gymnasium.de\/index.php?rest_route=%2Fwp%2Fv2%2Fcomments&post=9171"}],"version-history":[{"count":8,"href":"https:\/\/www.anne-frank-gymnasium.de\/index.php?rest_route=\/wp\/v2\/pages\/9171\/revisions"}],"predecessor-version":[{"id":19454,"href":"https:\/\/www.anne-frank-gymnasium.de\/index.php?rest_route=\/wp\/v2\/pages\/9171\/revisions\/19454"}],"up":[{"embeddable":true,"href":"https:\/\/www.anne-frank-gymnasium.de\/index.php?rest_route=\/wp\/v2\/pages\/9169"}],"wp:attachment":[{"href":"https:\/\/www.anne-frank-gymnasium.de\/index.php?rest_route=%2Fwp%2Fv2%2Fmedia&parent=9171"}],"curies":[{"name":"wp","href":"https:\/\/api.w.org\/{rel}","templated":true}]}}