{"id":9156,"date":"2018-11-03T18:46:03","date_gmt":"2018-11-03T17:46:03","guid":{"rendered":"https:\/\/www.anne-frank-gymnasium.de\/?page_id=9156"},"modified":"2026-02-20T13:49:30","modified_gmt":"2026-02-20T12:49:30","slug":"allgemeines-zum-fach-informatik-am-afg","status":"publish","type":"page","link":"https:\/\/www.anne-frank-gymnasium.de\/?page_id=9156","title":{"rendered":"Informatik am AFG"},"content":{"rendered":"<p><strong><img loading=\"lazy\" decoding=\"async\" class=\"size-full wp-image-9157 aligncenter\" src=\"https:\/\/www.anne-frank-gymnasium.de\/wp-content\/uploads\/2018\/11\/Informatik.jpg\" alt=\"\" width=\"5116\" height=\"1445\" srcset=\"https:\/\/www.anne-frank-gymnasium.de\/wp-content\/uploads\/2018\/11\/Informatik.jpg 5116w, https:\/\/www.anne-frank-gymnasium.de\/wp-content\/uploads\/2018\/11\/Informatik-300x85.jpg 300w, https:\/\/www.anne-frank-gymnasium.de\/wp-content\/uploads\/2018\/11\/Informatik-768x217.jpg 768w, https:\/\/www.anne-frank-gymnasium.de\/wp-content\/uploads\/2018\/11\/Informatik-1024x289.jpg 1024w\" sizes=\"auto, (max-width: 5116px) 100vw, 5116px\" \/><\/strong><\/p>\n<p><strong>Informatik am AFG<\/strong><\/p>\n<p>Das Fach Informatik am Anne-Frank-Gymnasium ist sehr solide aufgestellt. Da wir mehrere voll ausgebildete Informatiklehrkr\u00e4fte an unserer Schule haben, k\u00f6nnen wir informatische Bildung von der 5. Klasse an durchgehend bis zum Abitur anbieten. Auch die Ausstattung ist mit mehreren Informatikr\u00e4umen, Ipad-Koffern, Minicomputern und Robotern sehr gut.<\/p>\n<p>&nbsp;<\/p>\n<p><strong>Unterstufe<\/strong><\/p>\n<p>In der 5. Klasse findet f\u00fcr alle Sch\u00fclerinnen und Sch\u00fcler verpflichtender Informatikunterricht statt. Zun\u00e4chst wird die Nutzung von vernetzten Rechnern, der ucloud und einfacher Programme einge\u00fcbt, dann geht es aber schnell weiter zu Themen wie Algorithmen, Verschl\u00fcsselung und Programmierung. F\u00fcr die Programmierung haben wir einen vollst\u00e4ndigen Klassensatz Calliope Mini (&gt;30 Ger\u00e4te) zur Verf\u00fcgung.<\/p>\n<p>Im zweiten Halbjahr der 6. Klasse vervollst\u00e4ndigen wir zun\u00e4chst die Grundlagen der Informatik und bereiten die Kinder dann etwa ab den Osterferien auf die Nutzung von iPads im regul\u00e4ren Unterricht ab der 7. Klasse vor.<\/p>\n<p>&nbsp;<\/p>\n<p><strong>Mittelstufe<\/strong><\/p>\n<p>In der 7.\/ 8. Klasse sind die Grundlagen gelegt in die Sch\u00fcler k\u00f6nnen sich im Rahmen einer AG selbst\u00e4ndiger an der Roboterprogrammierung \u00fcben. Da zahlreiche Erg\u00e4nzungen (Nutzung verschiedener Sensoren, Kommunikation \u00fcber Bluetooth, \u2026) m\u00f6glich sind, besteht keine Gefahr, dass die Sch\u00fcler unterfordert werden oder Langeweile aufkommt. Wir haben sowohl 15 Calli:Bot Roboter als auch etwa 30 LEGO Spike Prime-Sets.<\/p>\n<p>In den Jahrgangsstufe 9\/10 kann Informatik als Unterrichtsfach im Wahlpflichtbereich 2 gew\u00e4hlt werden und ist dann regul\u00e4res Unterrichtsfach mit 2 Einheiten pro Woche. Unterrichtsinhalte sind z.B. die Erstellung von Webseiten mit HTML und CSS, Programmierung, k\u00fcnstliche Intelligenz, technische Informatik (Logikschaltungen) sowie Auswirkungen der Informatik im heutigen Leben.<\/p>\n<p>&nbsp;<\/p>\n<p><strong>Oberstufe<\/strong><\/p>\n<p>Informatik ist in der Oberstufe ein beliebtes Wahlpflichtangebot; h\u00e4ufig gibt es parallele Grundkurse in einer Jahrgangsstufe. Der Unterricht ist so gestaltet, dass der Einstieg jedem offen steht. Der Besuch des Wahlpflichtunterrichts in der Klasse 9\/10 ist keine Voraussetzung und die Inhalte sind auch so gew\u00e4hlt, dass keine Dopplungen auftreten. In der EF werden die Grundlagen gelegt: Programmierung in Java, Grundlagen der objektorientierten Modellierung sowie Such- und Sortieralgorithmen.<\/p>\n<p>Die Qualifikationsphase vertieft diese Grundlagen. Es wird weiter modelliert und programmiert, allerdings mit komplexeren Datenstrukturen (Dynamische abstrakte Datenstrukturen wie Liste und Baum). Zur theoretischen Informatik werden Automaten und Sprachen angesprochen. Weitere Anwendungsfelder sind Datenbanken (SQL, Modellierung) sowie Protokolle und Computernetzwerke. Wir haben von unseren Ehemaligen das Feedback bekommen, dass sie sich im Studium im Vergleich zu ihren Kommilitonen gut vorbereitet f\u00fchlen.<\/p>\n<p>&nbsp;<\/p>\n<p><strong>Lehrwerke<\/strong><\/p>\n<p>F\u00fcr die Oberstufe benutzen wir die B\u00fccher von Sch\u00f6ningh: Informatik 1 (Einf\u00fchrungsphase) sowie Informatik 2 (Qualifikationsphase).<\/p>\n<p>&nbsp;<\/p>\n<p><strong>Weitere Informationen<\/strong><\/p>\n<ul>\n<li><a href=\"https:\/\/www.anne-frank-gymnasium.de\/?cat=66\">Beitr\u00e4ge zu Informatik <\/a><\/li>\n<\/ul>\n","protected":false},"excerpt":{"rendered":"<\/p>\n<p>Informatik am AFG<\/p>\n<p>Das Fach Informatik am Anne-Frank-Gymnasium ist sehr solide aufgestellt. Da wir mehrere voll ausgebildete Informatiklehrkr\u00e4fte an unserer Schule haben, k\u00f6nnen wir informatische Bildung von der 5. Klasse an durchgehend bis zum Abitur anbieten. Auch die Ausstattung ist mit mehreren Informatikr\u00e4umen, Ipad-Koffern, Minicomputern und Robotern sehr gut.<\/p>\n<p>&nbsp;<\/p>\n<p>Unterstufe<\/p>\n<p>In der 5. &hellip; <\/p>\n<p><a class=\"more-link btn\" href=\"https:\/\/www.anne-frank-gymnasium.de\/?page_id=9156\">Weiterlesen<\/a><\/p>\n","protected":false},"author":12,"featured_media":0,"parent":9159,"menu_order":0,"comment_status":"closed","ping_status":"closed","template":"","meta":{"footnotes":""},"class_list":["post-9156","page","type-page","status-publish","hentry","nodate","item-wrap"],"_links":{"self":[{"href":"https:\/\/www.anne-frank-gymnasium.de\/index.php?rest_route=\/wp\/v2\/pages\/9156","targetHints":{"allow":["GET"]}}],"collection":[{"href":"https:\/\/www.anne-frank-gymnasium.de\/index.php?rest_route=\/wp\/v2\/pages"}],"about":[{"href":"https:\/\/www.anne-frank-gymnasium.de\/index.php?rest_route=\/wp\/v2\/types\/page"}],"author":[{"embeddable":true,"href":"https:\/\/www.anne-frank-gymnasium.de\/index.php?rest_route=\/wp\/v2\/users\/12"}],"replies":[{"embeddable":true,"href":"https:\/\/www.anne-frank-gymnasium.de\/index.php?rest_route=%2Fwp%2Fv2%2Fcomments&post=9156"}],"version-history":[{"count":10,"href":"https:\/\/www.anne-frank-gymnasium.de\/index.php?rest_route=\/wp\/v2\/pages\/9156\/revisions"}],"predecessor-version":[{"id":19441,"href":"https:\/\/www.anne-frank-gymnasium.de\/index.php?rest_route=\/wp\/v2\/pages\/9156\/revisions\/19441"}],"up":[{"embeddable":true,"href":"https:\/\/www.anne-frank-gymnasium.de\/index.php?rest_route=\/wp\/v2\/pages\/9159"}],"wp:attachment":[{"href":"https:\/\/www.anne-frank-gymnasium.de\/index.php?rest_route=%2Fwp%2Fv2%2Fmedia&parent=9156"}],"curies":[{"name":"wp","href":"https:\/\/api.w.org\/{rel}","templated":true}]}}