{"id":9149,"date":"2018-11-03T18:41:00","date_gmt":"2018-11-03T17:41:00","guid":{"rendered":"https:\/\/www.anne-frank-gymnasium.de\/?page_id=9149"},"modified":"2026-02-20T13:50:02","modified_gmt":"2026-02-20T12:50:02","slug":"allgemeines-zum-fach-erdkunde-am-afg","status":"publish","type":"page","link":"https:\/\/www.anne-frank-gymnasium.de\/?page_id=9149","title":{"rendered":"Erdkunde am AFG"},"content":{"rendered":"<p><img loading=\"lazy\" decoding=\"async\" class=\"size-full wp-image-9150 aligncenter\" src=\"https:\/\/www.anne-frank-gymnasium.de\/wp-content\/uploads\/2018\/11\/Erdkunde.jpg\" alt=\"\" width=\"5133\" height=\"1044\" srcset=\"https:\/\/www.anne-frank-gymnasium.de\/wp-content\/uploads\/2018\/11\/Erdkunde.jpg 5133w, https:\/\/www.anne-frank-gymnasium.de\/wp-content\/uploads\/2018\/11\/Erdkunde-300x61.jpg 300w, https:\/\/www.anne-frank-gymnasium.de\/wp-content\/uploads\/2018\/11\/Erdkunde-768x156.jpg 768w, https:\/\/www.anne-frank-gymnasium.de\/wp-content\/uploads\/2018\/11\/Erdkunde-1024x208.jpg 1024w\" sizes=\"auto, (max-width: 5133px) 100vw, 5133px\" \/><\/p>\n<p><em>\u201eEs ist nichts, was den geschulten Verstand mehr kultiviert und bildet, als Geographie. Geographie ist die Mutter der Wissenschaften.&#8220; (Immanuel Kant (1724-1804)<\/em><\/p>\n<p>&nbsp;<\/p>\n<p><strong>Wozu Erdkunde (oder Geographie) als Schulfach?<\/strong><\/p>\n<p>Geographie\/Erdkunde ist ein lebendiges und zukunftsorientiertes Fach und somit eine wichtige Ressource f\u00fcr unser Sch\u00fcler*innen und die zuk\u00fcnftigen m\u00fcndigen B\u00fcrger*innen. Vier gute Gr\u00fcnde zeigen die Bedeutung des Faches:<\/p>\n<p>Politik: Erdkunde leistet einen wichtigen Beitrag zur politischen Bildung (z. B.: Migration, Landflucht aus D\u00f6rfern, Segregation in den St\u00e4dten, Un\u00fcbersichtlichkeit von Globalisierungsprozessen, Geopolitik \u2026)<\/p>\n<p>Zukunft: Erdkunde ist das Fach f\u00fcr die Herausforderungen des 21.Jahrhunderts (z.B. Klimawandel, Armut, Ressourcenverbrauch, weltweite Migration, geopolitische Konflikte &#8230;)<\/p>\n<p>Exkursion: Erdkunde erm\u00f6glicht das Erleben der Welt aus erster Hand (Exkursionen, au\u00dferschulisches Lernen)<\/p>\n<p>Nachhaltigkeit: Erdkunde ist das Leitfach der Nachhaltigkeit (\u00d6kologie, Soziales, \u00d6konomie, Politik)<\/p>\n<p>Die Fachschaft Geographie des Anne-Frank-Gymnasiums versteht es deshalb als ihre Aufgabe, die Sch\u00fclerinnen und Sch\u00fcler umfassend \u00fcber relevante geographische Themen zu bilden und gemeinsam mit unseren Sch\u00fclerinnen und Sch\u00fclern<\/p>\n<ul>\n<li>Probleme zu identifizieren,<\/li>\n<li>Seh- und Denkweisen zu erkennen,<\/li>\n<li>Sachfragen zu kl\u00e4ren,<\/li>\n<li>Handlungsoptionen kennenzulernen,<\/li>\n<li>Argumentieren und Abzuw\u00e4gen,<\/li>\n<li>Entscheiden und zu begr\u00fcnden,<\/li>\n<li>Handlungs- und L\u00f6sungsorientierung in emanzipatorischer Absicht zu gewinnen.<\/li>\n<\/ul>\n<p><strong>\u00a0<\/strong><\/p>\n<p><strong>Lehrmittel<\/strong><\/p>\n<p>Wir verwenden in der Sekundarstufe I und in der Sekundarstufe II verwenden die Reihe TERRA (Klett Verlag). Dar\u00fcber hinaus verwenden wir eine Reihe anderer Medien. Im Rahmen der Einf\u00fchrung von iPad-Klassen haben wir einige Absprachen getroffen und stehen im regelm\u00e4\u00dfigen Austausch miteinander \u00fcber geeignete Apps und Online-Ressourcen.<\/p>\n<p>&nbsp;<\/p>\n<p><strong>Weitere Informationen:<\/strong><\/p>\n<ul>\n<li><a href=\"https:\/\/www.anne-frank-gymnasium.de\/?cat=48\">Beitr\u00e4ge zum Fach Erdkunde<\/a><\/li>\n<\/ul>\n","protected":false},"excerpt":{"rendered":"<\/p>\n<p>\u201eEs ist nichts, was den geschulten Verstand mehr kultiviert und bildet, als Geographie. Geographie ist die Mutter der Wissenschaften.&#8220; (Immanuel Kant (1724-1804)<\/p>\n<p>&nbsp;<\/p>\n<p>Wozu Erdkunde (oder Geographie) als Schulfach?<\/p>\n<p>Geographie\/Erdkunde ist ein lebendiges und zukunftsorientiertes Fach und somit eine wichtige Ressource f\u00fcr unser Sch\u00fcler*innen und die zuk\u00fcnftigen m\u00fcndigen B\u00fcrger*innen. Vier gute Gr\u00fcnde zeigen die &hellip; <\/p>\n<p><a class=\"more-link btn\" href=\"https:\/\/www.anne-frank-gymnasium.de\/?page_id=9149\">Weiterlesen<\/a><\/p>\n","protected":false},"author":12,"featured_media":0,"parent":8365,"menu_order":0,"comment_status":"closed","ping_status":"closed","template":"","meta":{"footnotes":""},"class_list":["post-9149","page","type-page","status-publish","hentry","nodate","item-wrap"],"_links":{"self":[{"href":"https:\/\/www.anne-frank-gymnasium.de\/index.php?rest_route=\/wp\/v2\/pages\/9149","targetHints":{"allow":["GET"]}}],"collection":[{"href":"https:\/\/www.anne-frank-gymnasium.de\/index.php?rest_route=\/wp\/v2\/pages"}],"about":[{"href":"https:\/\/www.anne-frank-gymnasium.de\/index.php?rest_route=\/wp\/v2\/types\/page"}],"author":[{"embeddable":true,"href":"https:\/\/www.anne-frank-gymnasium.de\/index.php?rest_route=\/wp\/v2\/users\/12"}],"replies":[{"embeddable":true,"href":"https:\/\/www.anne-frank-gymnasium.de\/index.php?rest_route=%2Fwp%2Fv2%2Fcomments&post=9149"}],"version-history":[{"count":5,"href":"https:\/\/www.anne-frank-gymnasium.de\/index.php?rest_route=\/wp\/v2\/pages\/9149\/revisions"}],"predecessor-version":[{"id":19443,"href":"https:\/\/www.anne-frank-gymnasium.de\/index.php?rest_route=\/wp\/v2\/pages\/9149\/revisions\/19443"}],"up":[{"embeddable":true,"href":"https:\/\/www.anne-frank-gymnasium.de\/index.php?rest_route=\/wp\/v2\/pages\/8365"}],"wp:attachment":[{"href":"https:\/\/www.anne-frank-gymnasium.de\/index.php?rest_route=%2Fwp%2Fv2%2Fmedia&parent=9149"}],"curies":[{"name":"wp","href":"https:\/\/api.w.org\/{rel}","templated":true}]}}