{"id":9103,"date":"2018-11-01T20:52:45","date_gmt":"2018-11-01T19:52:45","guid":{"rendered":"https:\/\/www.anne-frank-gymnasium.de\/?page_id=9103"},"modified":"2024-04-16T17:12:34","modified_gmt":"2024-04-16T15:12:34","slug":"hausaufgaben","status":"publish","type":"page","link":"https:\/\/www.anne-frank-gymnasium.de\/?page_id=9103","title":{"rendered":"Hausaufgaben"},"content":{"rendered":"<p><strong>Hausaufgaben<\/strong> halten wir f\u00fcr die Vor- und Nachbereitung sowie zur \u00dcbung von Unterrichtsinhalten f\u00fcr unverzichtbar. Um dieses Ziel zu erreichen, sollten Hausaufgaben ohne Hilfe bearbeitet werden. (Eine sinnvolle Bearbeitung kann auch darin bestehen, eigene Fragen zu stellen und Schwierigkeiten zu benennen.) In Art und Umfang sollen sie dem Lern- und Entwicklungsstand der Sch\u00fclerinnen und Sch\u00fcler angepasst und eng an den Unterricht angebunden sein sowie kontinuierlich zu selbstst\u00e4ndigem Arbeiten hinf\u00fchren, das bedeutet f\u00fcr den zeitlichen Umfang, dass die t\u00e4gliche Dauer<br \/>\nin den Klassen 5 \u2013 7 60 Minuten und<br \/>\nin den Klassen 8 \u2013 9 75 Minuten nicht \u00fcberschreiten darf.<strong>\u00a0<\/strong><\/p>\n<p>Lehrerinnen und Lehrer, Sch\u00fclerinnen und Sch\u00fcler und ihre Eltern sind dabei gemeinsam f\u00fcr gelungenes h\u00e4usliches Lernen verantwortlich.<\/p>\n<p>&nbsp;<\/p>\n<p><strong>Lehrkr\u00e4fte<\/strong><\/p>\n<ul>\n<li>Sie stellen die Hausaufgaben so, dass R\u00fcckfragen m\u00f6glich sind.<\/li>\n<li>Sie w\u00fcrdigen die Aufgabenbearbeitung unter p\u00e4dagogischen Gesichtspunkten.<\/li>\n<li>Sie beziehen die Ergebnisse der Hausaufgaben in ihren Unterricht mit ein.<\/li>\n<li>Insbesondere in der Erprobungsstufe halten die Lehrkr\u00e4fte die Sch\u00fclerinnen und Sch\u00fcler dazu an, die Hausaufgaben im Schulplaner an den daf\u00fcr vorgesehen Seiten einzutragen<\/li>\n<li>Sie tragen die gestellten Hausaufgaben ins Klassenbuch ein, um einer \u00dcberbelastung der Sch\u00fclerinnen und Sch\u00fcler vorzubeugen.<\/li>\n<li>Hat eine Sch\u00fclerin oder eine Sch\u00fcler mehrfach seine Hausaufgaben nicht oder nicht angemessen erledigt, werden die Erziehungsberechtigten dar\u00fcber benachrichtigt. Lehrkr\u00e4fte k\u00f6nnen Sch\u00fclerinnen und Sch\u00fcler auch zum Nacharbeiten am Freitag Nachmittag (13.45 &#8211; 14.30 Uhr in Raum A 061, Stand 2023\/24).<\/li>\n<\/ul>\n<p><strong>\u00a0<\/strong><\/p>\n<p><strong>Sch\u00fclerinnen und Sch\u00fcler<\/strong><\/p>\n<ul>\n<li>Sie fragen nach, falls die Aufgabenstellung nicht klar sein sollte.<\/li>\n<li>Alle Aufgaben bearbeiten sie sorgf\u00e4ltig, vollst\u00e4ndig und regelm\u00e4\u00dfig.<\/li>\n<li>Bei Fehlzeiten erkundigen sie sich selbstst\u00e4ndig nach den in dieser Zeit gestellten Aufgaben und arbeiten die vers\u00e4umten Inhalte mit deren Hilfe nach.<\/li>\n<li>Sie teilen sich ihre Aufgaben \u00fcber die Woche sinnvoll ein.<\/li>\n<li>Bei Schwierigkeiten in der Bearbeitung der Hausaufgaben stellen sie ihre L\u00f6sungsans\u00e4tze vor und notieren ihre Probleme und Fragen.<\/li>\n<\/ul>\n<p>&nbsp;<\/p>\n<p><strong>Eltern<\/strong><\/p>\n<ul>\n<li>Sie verfolgen den Lernfortschritt ihrer Kinder und \u00fcberpr\u00fcfen, ob die Aufgaben vereinbarungsgem\u00e4\u00df angefertigt werden.<\/li>\n<li>Sie schaffen geeignete Rahmenbedingungen f\u00fcr eine ruhige Bearbeitung der Aufgaben und gliedern deren Bearbeitung angemessen in den Tagesablauf ein.<\/li>\n<li>Wenn ihre Kinder deutlich k\u00fcrzer oder l\u00e4nger f\u00fcr die Hausaufgaben ben\u00f6tigen als vorgesehen, teilen sie dies den Lehrkr\u00e4ften mit.<\/li>\n<li>Bei wiederholter Nichtanfertigung oder unsachgem\u00e4\u00dfer Anfertigung von Aufgaben erhalten sie eine Mitteilung und unterst\u00fctzen ihr Kind dabei, seinen schulischen Pflichten erfolgreich nachzukommen.<\/li>\n<\/ul>\n<p>&nbsp;<\/p>\n","protected":false},"excerpt":{"rendered":"<p>Hausaufgaben halten wir f\u00fcr die Vor- und Nachbereitung sowie zur \u00dcbung von Unterrichtsinhalten f\u00fcr unverzichtbar. Um dieses Ziel zu erreichen, sollten Hausaufgaben ohne Hilfe bearbeitet werden. (Eine sinnvolle Bearbeitung kann auch darin bestehen, eigene Fragen zu stellen und Schwierigkeiten zu benennen.) In Art und Umfang sollen sie dem Lern- und Entwicklungsstand der Sch\u00fclerinnen und Sch\u00fcler &hellip; <\/p>\n<p><a class=\"more-link btn\" href=\"https:\/\/www.anne-frank-gymnasium.de\/?page_id=9103\">Weiterlesen<\/a><\/p>\n","protected":false},"author":12,"featured_media":0,"parent":92,"menu_order":3,"comment_status":"closed","ping_status":"closed","template":"","meta":{"footnotes":""},"class_list":["post-9103","page","type-page","status-publish","hentry","nodate","item-wrap"],"_links":{"self":[{"href":"https:\/\/www.anne-frank-gymnasium.de\/index.php?rest_route=\/wp\/v2\/pages\/9103","targetHints":{"allow":["GET"]}}],"collection":[{"href":"https:\/\/www.anne-frank-gymnasium.de\/index.php?rest_route=\/wp\/v2\/pages"}],"about":[{"href":"https:\/\/www.anne-frank-gymnasium.de\/index.php?rest_route=\/wp\/v2\/types\/page"}],"author":[{"embeddable":true,"href":"https:\/\/www.anne-frank-gymnasium.de\/index.php?rest_route=\/wp\/v2\/users\/12"}],"replies":[{"embeddable":true,"href":"https:\/\/www.anne-frank-gymnasium.de\/index.php?rest_route=%2Fwp%2Fv2%2Fcomments&post=9103"}],"version-history":[{"count":3,"href":"https:\/\/www.anne-frank-gymnasium.de\/index.php?rest_route=\/wp\/v2\/pages\/9103\/revisions"}],"predecessor-version":[{"id":17342,"href":"https:\/\/www.anne-frank-gymnasium.de\/index.php?rest_route=\/wp\/v2\/pages\/9103\/revisions\/17342"}],"up":[{"embeddable":true,"href":"https:\/\/www.anne-frank-gymnasium.de\/index.php?rest_route=\/wp\/v2\/pages\/92"}],"wp:attachment":[{"href":"https:\/\/www.anne-frank-gymnasium.de\/index.php?rest_route=%2Fwp%2Fv2%2Fmedia&parent=9103"}],"curies":[{"name":"wp","href":"https:\/\/api.w.org\/{rel}","templated":true}]}}