{"id":8929,"date":"2018-10-23T21:37:58","date_gmt":"2018-10-23T19:37:58","guid":{"rendered":"https:\/\/www.anne-frank-gymnasium.de\/?page_id=8929"},"modified":"2025-02-03T09:19:11","modified_gmt":"2025-02-03T08:19:11","slug":"allgemeines-zur-ifk","status":"publish","type":"page","link":"https:\/\/www.anne-frank-gymnasium.de\/?page_id=8929","title":{"rendered":"DaZ f\u00fcr neu zugewanderte Sch\u00fclerInnen \/ DaZ for Newly Immigrated Students"},"content":{"rendered":"<p>Seit 2014 besteht am AFG eine Internationale F\u00f6rderklasse. Diese F\u00f6rderklasse nimmt Sch\u00fclerinnen und Sch\u00fcler auf, die neu nach Deutschland zugewandert sind und Deutsch lernen m\u00f6chten. Es ist also eine Vorbereitungsklasse f\u00fcr Sch\u00fclerinnen und Sch\u00fcler mit geringen Deutschkenntnissen, die in der Regel eine Eignung f\u00fcr das Gymnasium haben.<\/p>\n<p>Darauf sind wir m\u00e4chtig stolz! Denn diese Klasse, die wir als eines der ersten Gymnasien in Aachen einrichten durften, erm\u00f6glicht nicht nur eine z\u00fcgige und nachhaltige Integration der Kinder in die deutsche Schule und Gesellschaft. Die Kinder aus aller Welt bereichern mit ihren Erfahrungen und unterschiedlichen Kulturen auch alle anderen Sch\u00fclerinnen und Sch\u00fcler sowie die Lehrkr\u00e4fte au\u00dferordentlich. 2022 hatten wir so viel Bedarf, dass wir noch eine zweite Klasse gr\u00fcnden durften.<\/p>\n<p>Seit 2023 werden neu zugewanderte Sch\u00fclerinnern und Sch\u00fcler in DaZ-Kursen gef\u00f6rdert, damit die Bindung an die Regelklassen st\u00e4rker im Fokus stehen kann und sich die Kinder und Jugendlichen schneller in die Schulgemeinschaft integrieren.<\/p>\n<p>Bereits mit der Einschulung in unsere Schule werden sie einer der regul\u00e4ren Klassen zugeordnet. Neben dem Unterricht in Deutsch als Zweitsprache werden sie dann, je nach individuellem Fortschritt, an immer mehr F\u00e4chern in ihren Zielklassen teilnehmen und haben so die M\u00f6glichkeit Schrittweise zu Regelsch\u00fcler:innen zu werden.\u00a0Nach zwei Jahren kann bei entsprechenden Abschlusschancen (Anzahl an belegten Fremdsprachen, etc.) eine Aufnahme in den gymnasialen Bildungsgang erfolgen. In anderen F\u00e4llen helfen wir bei der Suche nach einer f\u00fcr das jeweilige Kind besser geeigneten Schule. Bisher haben wir in den Kursen Sch\u00fclerinnen und Sch\u00fcler aus \u00fcber 50 verschiedenen L\u00e4ndern unterrichtet. Viele von ihnen konnten wir bis zum Abitur begleiten und unterst\u00fctzen.<\/p>\n<p>&nbsp;<\/p>\n<p>Since 2014, the AFG has had an International Support Class. This support class welcomes students who have recently immigrated to Germany and wish to learn German. It is a preparatory class for students with limited German knowledge who generally have the aptitude for attending a Gymnasium (academic high school).<\/p>\n<p>We are extremely proud of this! As one of the first Gymnasiums in Aachen to establish such a class, it not only facilitates the swift and sustainable integration of children into the German school system and society. The children from all over the world also enrich all other students and teachers with their experiences and diverse cultures. In 2022, the demand was so high that we were able to establish a second class.<\/p>\n<p>Since 2023, newly immigrated students have been supported in DaZ (German as a Second Language) courses, so that the focus can be more on their integration into regular classes, and they can integrate more quickly into the school community.<\/p>\n<p>From the moment they enroll in our school, they are assigned to one of the regular classes. In addition to the German as a Second Language lessons, they will gradually participate in more subjects in their target classes, depending on their individual progress, and thus have the opportunity to become regular students step by step. After two years, if they meet the necessary requirements (number of foreign languages taken, etc.), they can be admitted to the academic track of the Gymnasium. In other cases, we assist in finding a school that is better suited to the individual child. So far, we have taught students from over 50 different countries in these courses. Many of them we have been able to support all the way to their Abitur (university entrance qualification).<\/p>\n<p>Ansprechpartner sind Herr Kraft und Frau Starke.<\/p>\n<p>Weitere Informationen:<\/p>\n<p>Lesen Sie auch unsere <a href=\"https:\/\/www.anne-frank-gymnasium.de\/?cat=63\">Homepage-Beitr\u00e4ge zur IFK \/ zu DaZ <\/a>sowie die Beitr\u00e4ge der AFG-Info:<\/p>\n<ul>\n<li><em>Die IFK stellt sich vor!<\/em>, <a href=\"https:\/\/www.anne-frank-gymnasium.de\/wp-content\/uploads\/2020\/12\/afg-info-AUSGABE_02.pdf\">AFG-Info Ausgabe 2<\/a> (10\/2014), Seite 6<\/li>\n<li><em>Neues aus der Internationalen F\u00f6rderklasse,<\/em> <a href=\"https:\/\/www.anne-frank-gymnasium.de\/wp-content\/uploads\/2020\/12\/afg-info-AUSGABE_07.pdf\">AFG-Info Ausgabe 7<\/a> (11\/2016), Seite 6<\/li>\n<\/ul>\n","protected":false},"excerpt":{"rendered":"<p>Seit 2014 besteht am AFG eine Internationale F\u00f6rderklasse. Diese F\u00f6rderklasse nimmt Sch\u00fclerinnen und Sch\u00fcler auf, die neu nach Deutschland zugewandert sind und Deutsch lernen m\u00f6chten. Es ist also eine Vorbereitungsklasse f\u00fcr Sch\u00fclerinnen und Sch\u00fcler mit geringen Deutschkenntnissen, die in der Regel eine Eignung f\u00fcr das Gymnasium haben.<\/p>\n<p>Darauf sind wir m\u00e4chtig stolz! Denn diese Klasse, &hellip; <\/p>\n<p><a class=\"more-link btn\" href=\"https:\/\/www.anne-frank-gymnasium.de\/?page_id=8929\">Weiterlesen<\/a><\/p>\n","protected":false},"author":12,"featured_media":0,"parent":8922,"menu_order":0,"comment_status":"closed","ping_status":"closed","template":"","meta":{"footnotes":""},"class_list":["post-8929","page","type-page","status-publish","hentry","nodate","item-wrap"],"_links":{"self":[{"href":"https:\/\/www.anne-frank-gymnasium.de\/index.php?rest_route=\/wp\/v2\/pages\/8929","targetHints":{"allow":["GET"]}}],"collection":[{"href":"https:\/\/www.anne-frank-gymnasium.de\/index.php?rest_route=\/wp\/v2\/pages"}],"about":[{"href":"https:\/\/www.anne-frank-gymnasium.de\/index.php?rest_route=\/wp\/v2\/types\/page"}],"author":[{"embeddable":true,"href":"https:\/\/www.anne-frank-gymnasium.de\/index.php?rest_route=\/wp\/v2\/users\/12"}],"replies":[{"embeddable":true,"href":"https:\/\/www.anne-frank-gymnasium.de\/index.php?rest_route=%2Fwp%2Fv2%2Fcomments&post=8929"}],"version-history":[{"count":14,"href":"https:\/\/www.anne-frank-gymnasium.de\/index.php?rest_route=\/wp\/v2\/pages\/8929\/revisions"}],"predecessor-version":[{"id":18257,"href":"https:\/\/www.anne-frank-gymnasium.de\/index.php?rest_route=\/wp\/v2\/pages\/8929\/revisions\/18257"}],"up":[{"embeddable":true,"href":"https:\/\/www.anne-frank-gymnasium.de\/index.php?rest_route=\/wp\/v2\/pages\/8922"}],"wp:attachment":[{"href":"https:\/\/www.anne-frank-gymnasium.de\/index.php?rest_route=%2Fwp%2Fv2%2Fmedia&parent=8929"}],"curies":[{"name":"wp","href":"https:\/\/api.w.org\/{rel}","templated":true}]}}