{"id":8824,"date":"2018-10-09T18:52:31","date_gmt":"2018-10-09T16:52:31","guid":{"rendered":"https:\/\/www.anne-frank-gymnasium.de\/?page_id=8824"},"modified":"2026-02-22T19:46:14","modified_gmt":"2026-02-22T18:46:14","slug":"allgemeines-zu-musik","status":"publish","type":"page","link":"https:\/\/www.anne-frank-gymnasium.de\/?page_id=8824","title":{"rendered":"Musik am AFG"},"content":{"rendered":"<p><strong>Musik macht klug &#8211; und gl\u00fccklich!<\/strong><\/p>\n<p>Das Fach Musik hat laut unserem Lehrplan\u00a0 die Aufgabe \u201eden jungen Menschen zu bef\u00e4higen, seine k\u00fcnstlerisch-\u00e4sthetische Identit\u00e4t zu finden, sein kreatives und musikalisches Gestaltungspotential zu entfalten und kulturelle Orientierung zu erlangen\u201c.<\/p>\n<p>F\u00fcr uns bedeutet dies, dass wir ausgehend von den H\u00f6rgewohnheiten und kulturellen Erfahrungen unserer Sch\u00fclerinnen und Sch\u00fcler m\u00f6glichst vielseitige, handlungsorientierte Lernsituationen schaffen. Ebenso wichtig ist es uns, den Blick auf die Vielseitigkeit musikalischer Stilrichtungen richten und zum Nachdenken \u00fcber musikalische Konventionen anregen.<\/p>\n<p>Das musikalische Angebot am AFG geht jedoch weit \u00fcber das hinaus, was der Lehrplan vorgibt, hinaus. In einer Reihe freiwilliger Angebote, wie in verschiedenen Ch\u00f6ren, im Instrumentalunterricht, im Orchester und in unserer Band k\u00f6nnen Sch\u00fclerinnen und Sch\u00fcler ihre musikalischen F\u00e4higkeiten und ihre musikalische Bildung erweitern, Spa\u00df und Gemeinschaft erleben und das Schulleben durch Auftritte bereichern.<\/p>\n<p>Eine weitere positive Nebenwirkung des Musizierens ist die positive Auswirkung auf das Gehirn und die Pers\u00f6nlichkeit. Die Ausdauer und Konzentration, die beim \u00dcben eines Instruments ben\u00f6tigt wirkt sich auch in anderen Bereichen aus. Warum also warten? Informieren Sie sich hier \u00fcber unsere Angebote.<\/p>\n<p>Flyer <a href=\"https:\/\/www.anne-frank-gymnasium.de\/wp-content\/uploads\/2026\/02\/Musik_Flyer-2-komprimiert-1.pdf\">Musik am AFG<\/a><\/p>\n<div class=\"wp-block-pdfemb-pdf-embedder-viewer\"><a href=\"https:\/\/www.anne-frank-gymnasium.de\/wp-content\/uploads\/2026\/02\/Musik_Flyer-2-komprimiert-1.pdf\" class=\"pdfemb-viewer\" style=\"\" data-width=\"max\" data-height=\"max\" data-toolbar=\"bottom\" data-toolbar-fixed=\"off\">Musik_Flyer-2-komprimiert (1)<\/a><\/div>\n<p>&nbsp;<\/p>\n<p><strong>Weitere Informationen:<\/strong><\/p>\n<ul>\n<li>Der <a href=\"https:\/\/www.anne-frank-gymnasium.de\/?page_id=6210\">Unterstufenchor<\/a><\/li>\n<li>Das <a href=\"https:\/\/www.anne-frank-gymnasium.de\/?page_id=114\">FILOU-Konzept -Instrumentalunterricht in der Unterstufe<\/a><\/li>\n<li><a href=\"https:\/\/www.anne-frank-gymnasium.de\/?cat=39\">Beitr\u00e4ge<\/a> zum Fach Musik<\/li>\n<\/ul>\n","protected":false},"excerpt":{"rendered":"<p>Musik macht klug &#8211; und gl\u00fccklich!<\/p>\n<p>Das Fach Musik hat laut unserem Lehrplan\u00a0 die Aufgabe \u201eden jungen Menschen zu bef\u00e4higen, seine k\u00fcnstlerisch-\u00e4sthetische Identit\u00e4t zu finden, sein kreatives und musikalisches Gestaltungspotential zu entfalten und kulturelle Orientierung zu erlangen\u201c.<\/p>\n<p>F\u00fcr uns bedeutet dies, dass wir ausgehend von den H\u00f6rgewohnheiten und kulturellen Erfahrungen unserer Sch\u00fclerinnen und Sch\u00fcler m\u00f6glichst &hellip; <\/p>\n<p><a class=\"more-link btn\" href=\"https:\/\/www.anne-frank-gymnasium.de\/?page_id=8824\">Weiterlesen<\/a><\/p>\n","protected":false},"author":12,"featured_media":0,"parent":8378,"menu_order":0,"comment_status":"closed","ping_status":"closed","template":"","meta":{"footnotes":""},"class_list":["post-8824","page","type-page","status-publish","hentry","nodate","item-wrap"],"_links":{"self":[{"href":"https:\/\/www.anne-frank-gymnasium.de\/index.php?rest_route=\/wp\/v2\/pages\/8824","targetHints":{"allow":["GET"]}}],"collection":[{"href":"https:\/\/www.anne-frank-gymnasium.de\/index.php?rest_route=\/wp\/v2\/pages"}],"about":[{"href":"https:\/\/www.anne-frank-gymnasium.de\/index.php?rest_route=\/wp\/v2\/types\/page"}],"author":[{"embeddable":true,"href":"https:\/\/www.anne-frank-gymnasium.de\/index.php?rest_route=\/wp\/v2\/users\/12"}],"replies":[{"embeddable":true,"href":"https:\/\/www.anne-frank-gymnasium.de\/index.php?rest_route=%2Fwp%2Fv2%2Fcomments&post=8824"}],"version-history":[{"count":17,"href":"https:\/\/www.anne-frank-gymnasium.de\/index.php?rest_route=\/wp\/v2\/pages\/8824\/revisions"}],"predecessor-version":[{"id":19472,"href":"https:\/\/www.anne-frank-gymnasium.de\/index.php?rest_route=\/wp\/v2\/pages\/8824\/revisions\/19472"}],"up":[{"embeddable":true,"href":"https:\/\/www.anne-frank-gymnasium.de\/index.php?rest_route=\/wp\/v2\/pages\/8378"}],"wp:attachment":[{"href":"https:\/\/www.anne-frank-gymnasium.de\/index.php?rest_route=%2Fwp%2Fv2%2Fmedia&parent=8824"}],"curies":[{"name":"wp","href":"https:\/\/api.w.org\/{rel}","templated":true}]}}