{"id":8657,"date":"2018-09-29T22:31:26","date_gmt":"2018-09-29T20:31:26","guid":{"rendered":"https:\/\/www.anne-frank-gymnasium.de\/?page_id=8657"},"modified":"2024-02-05T08:42:36","modified_gmt":"2024-02-05T07:42:36","slug":"afg-info","status":"publish","type":"page","link":"https:\/\/www.anne-frank-gymnasium.de\/?page_id=8657","title":{"rendered":"Schulzeitung"},"content":{"rendered":"<p>Zwischen 2014 und 2020 haben wir in regelm\u00e4\u00dfigen Abst\u00e4nden eine ansprechende Publikation mit Neuigkeiten und Eindr\u00fccken aus unserem Schulleben herausgegeben, das AFG-Info. Einige Druckversionen davon sind bei Bedarf noch im Sekretariat erh\u00e4ltlich. Hier findet Ihr \/ finden Sie die Ausgaben in elektrionischer Form.<\/p>\n<p>Seit 2023 betreut Herrn Meisel unseren Blog mit dem Namen <a href=\"https:\/\/www.anne-frank-gymnasium.de\/?cat=99\">Sch\u00fcler:innen schreiben<\/a>, der \u00fcber die Startseite erreichbar ist. M\u00f6chtet Ihr gerne auch etwas f\u00fcr die Homepage schreiben? Bei Interesse, meldet Euch gerne bei Herrn Meisel.<\/p>\n<p>&nbsp;<\/p>\n<p><strong><a href=\"https:\/\/www.anne-frank-gymnasium.de\/wp-content\/uploads\/2020\/12\/afg-info-AUSGABE_14-Web.pdf\">AFG-Info 14<\/a> &#8211; 12\/2020<\/strong><\/p>\n<div class=\"wp-block-pdfemb-pdf-embedder-viewer\"><a href=\"https:\/\/www.anne-frank-gymnasium.de\/wp-content\/uploads\/2020\/12\/afg-info-AUSGABE_14-Web.pdf\" class=\"pdfemb-viewer\" style=\"\" data-width=\"max\" data-height=\"max\" data-toolbar=\"bottom\" data-toolbar-fixed=\"off\">afg-info-AUSGABE_14 Web<\/a><\/div>\n<p>&nbsp;<\/p>\n<p><strong><a href=\"https:\/\/www.anne-frank-gymnasium.de\/wp-content\/uploads\/2019\/12\/afg-info-AUSGABE_13-FINAL-Web-3.pdf\">AFG-Info 13<\/a> &#8211; 12\/2019<\/strong><\/p>\n<div class=\"wp-block-pdfemb-pdf-embedder-viewer\"><a href=\"https:\/\/www.anne-frank-gymnasium.de\/wp-content\/uploads\/2019\/12\/afg-info-AUSGABE_13-FINAL-Web-3.pdf\" class=\"pdfemb-viewer\" style=\"\" data-width=\"max\" data-height=\"max\" data-toolbar=\"bottom\" data-toolbar-fixed=\"off\">afg-info-AUSGABE_13 Web<\/a><\/div>\n<p>&nbsp;<\/p>\n<p><strong><a href=\"https:\/\/www.anne-frank-gymnasium.de\/wp-content\/uploads\/2019\/12\/afg-info-AUSGABE_12_CS6-Final.pdf\">AFG-Info 12<\/a> &#8211; 06\/2019<\/strong><\/p>\n<div class=\"wp-block-pdfemb-pdf-embedder-viewer\"><a href=\"https:\/\/www.anne-frank-gymnasium.de\/wp-content\/uploads\/2019\/12\/afg-info-AUSGABE_12_CS6-Final.pdf\" class=\"pdfemb-viewer\" style=\"\" data-width=\"max\" data-height=\"max\" data-toolbar=\"bottom\" data-toolbar-fixed=\"off\">afg-info-AUSGABE_12 Web<\/a><\/div>\n<p>&nbsp;<\/p>\n<p><strong><a href=\"https:\/\/www.anne-frank-gymnasium.de\/wp-content\/uploads\/2018\/12\/afg-info-AUSGABE_11.pdf\">AFG-Info 11<\/a> &#8211; 12\/2018<br \/>\n<\/strong><\/p>\n<div class=\"wp-block-pdfemb-pdf-embedder-viewer\"><a href=\"https:\/\/www.anne-frank-gymnasium.de\/wp-content\/uploads\/2018\/12\/afg-info-AUSGABE_11.pdf\" class=\"pdfemb-viewer\" style=\"\" data-width=\"max\" data-height=\"max\" data-toolbar=\"bottom\" data-toolbar-fixed=\"off\">afg-info-AUSGABE_11 Web<\/a><\/div>\n<p>&nbsp;<\/p>\n<p><strong><a href=\"https:\/\/www.anne-frank-gymnasium.de\/wp-content\/uploads\/2019\/12\/afg-info-AUSGABE_10-neu.pdf\">AFG-Info 10<\/a> &#8211; 06\/2018<\/strong><\/p>\n<div class=\"wp-block-pdfemb-pdf-embedder-viewer\"><a href=\"https:\/\/www.anne-frank-gymnasium.de\/wp-content\/uploads\/2019\/12\/afg-info-AUSGABE_10-neu.pdf\" class=\"pdfemb-viewer\" style=\"\" data-width=\"max\" data-height=\"max\" data-toolbar=\"bottom\" data-toolbar-fixed=\"off\">afg-info-AUSGABE_10 Web<\/a><\/div>\n<p>&nbsp;<\/p>\n<p><strong><a href=\"https:\/\/www.anne-frank-gymnasium.de\/wp-content\/uploads\/2020\/12\/afg-info-AUSGABE_09.pdf\">AFG-Info 9<\/a> &#8211; 11\/2017<\/strong><\/p>\n<div class=\"wp-block-pdfemb-pdf-embedder-viewer\"><a href=\"https:\/\/www.anne-frank-gymnasium.de\/wp-content\/uploads\/2020\/12\/afg-info-AUSGABE_09.pdf\" class=\"pdfemb-viewer\" style=\"\" data-width=\"max\" data-height=\"max\" data-toolbar=\"bottom\" data-toolbar-fixed=\"off\">afg-info-AUSGABE_09<\/a><\/div>\n<p>&nbsp;<\/p>\n<p><strong><a href=\"https:\/\/www.anne-frank-gymnasium.de\/wp-content\/uploads\/2020\/12\/afg-info-AUSGABE_08.pdf\">AFG-Info 8<\/a> &#8211; 06\/2017<\/strong><\/p>\n<div class=\"wp-block-pdfemb-pdf-embedder-viewer\"><a href=\"https:\/\/www.anne-frank-gymnasium.de\/wp-content\/uploads\/2020\/12\/afg-info-AUSGABE_08.pdf\" class=\"pdfemb-viewer\" style=\"\" data-width=\"max\" data-height=\"max\" data-toolbar=\"bottom\" data-toolbar-fixed=\"off\">afg-info-AUSGABE_08<\/a><\/div>\n<p>&nbsp;<\/p>\n<p><strong><a href=\"https:\/\/www.anne-frank-gymnasium.de\/wp-content\/uploads\/2020\/12\/afg-info-AUSGABE_07.pdf\">AFG-Info 7<\/a> &#8211; 11\/2016<\/strong><\/p>\n<div class=\"wp-block-pdfemb-pdf-embedder-viewer\"><a href=\"https:\/\/www.anne-frank-gymnasium.de\/wp-content\/uploads\/2020\/12\/afg-info-AUSGABE_07.pdf\" class=\"pdfemb-viewer\" style=\"\" data-width=\"max\" data-height=\"max\" data-toolbar=\"bottom\" data-toolbar-fixed=\"off\">afg-info-AUSGABE_07<\/a><\/div>\n<p>&nbsp;<\/p>\n<p><strong><a href=\"https:\/\/www.anne-frank-gymnasium.de\/wp-content\/uploads\/2020\/12\/afg-info-AUSGABE_06.pdf\">AFG-Info 6<\/a> &#8211; 06\/2016<\/strong><\/p>\n<div class=\"wp-block-pdfemb-pdf-embedder-viewer\"><a href=\"https:\/\/www.anne-frank-gymnasium.de\/wp-content\/uploads\/2020\/12\/afg-info-AUSGABE_06.pdf\" class=\"pdfemb-viewer\" style=\"\" data-width=\"max\" data-height=\"max\" data-toolbar=\"bottom\" data-toolbar-fixed=\"off\">afg-info-AUSGABE_06<\/a><\/div>\n<p>&nbsp;<\/p>\n<p><strong><a href=\"https:\/\/www.anne-frank-gymnasium.de\/wp-content\/uploads\/2020\/12\/afg-info-AUSGABE_05.pdf\">AFG-Info 5<\/a> &#8211; 10\/2015<\/strong><\/p>\n<div class=\"wp-block-pdfemb-pdf-embedder-viewer\"><a href=\"https:\/\/www.anne-frank-gymnasium.de\/wp-content\/uploads\/2020\/12\/afg-info-AUSGABE_05.pdf\" class=\"pdfemb-viewer\" style=\"\" data-width=\"max\" data-height=\"max\" data-toolbar=\"bottom\" data-toolbar-fixed=\"off\">afg-info-AUSGABE_05<\/a><\/div>\n<p>&nbsp;<\/p>\n<p><strong><a href=\"https:\/\/www.anne-frank-gymnasium.de\/wp-content\/uploads\/2020\/12\/afg-info-AUSGABE_04.pdf\">AFG-Info 4<\/a> &#8211; 05\/2015<\/strong><\/p>\n<div class=\"wp-block-pdfemb-pdf-embedder-viewer\"><a href=\"https:\/\/www.anne-frank-gymnasium.de\/wp-content\/uploads\/2020\/12\/afg-info-AUSGABE_04.pdf\" class=\"pdfemb-viewer\" style=\"\" data-width=\"max\" data-height=\"max\" data-toolbar=\"bottom\" data-toolbar-fixed=\"off\">afg-info-AUSGABE_04<\/a><\/div>\n<p>&nbsp;<\/p>\n<p><strong><a href=\"https:\/\/www.anne-frank-gymnasium.de\/wp-content\/uploads\/2020\/12\/afg-info-AUSGABE_03.pdf\">AFG-Info 3<\/a> &#8211; 01\/2015<\/strong><\/p>\n<div class=\"wp-block-pdfemb-pdf-embedder-viewer\"><a href=\"https:\/\/www.anne-frank-gymnasium.de\/wp-content\/uploads\/2020\/12\/afg-info-AUSGABE_03.pdf\" class=\"pdfemb-viewer\" style=\"\" data-width=\"max\" data-height=\"max\" data-toolbar=\"bottom\" data-toolbar-fixed=\"off\">afg-info-AUSGABE_03<\/a><\/div>\n<p>&nbsp;<\/p>\n<p><strong><a href=\"https:\/\/www.anne-frank-gymnasium.de\/wp-content\/uploads\/2020\/12\/afg-info-AUSGABE_02.pdf\">AFG-Info 2<\/a> &#8211; 10\/2014<br \/>\n<\/strong><\/p>\n<div class=\"wp-block-pdfemb-pdf-embedder-viewer\"><a href=\"https:\/\/www.anne-frank-gymnasium.de\/wp-content\/uploads\/2020\/12\/afg-info-AUSGABE_02.pdf\" class=\"pdfemb-viewer\" style=\"\" data-width=\"max\" data-height=\"max\" data-toolbar=\"bottom\" data-toolbar-fixed=\"off\">afg-info-AUSGABE_02<\/a><\/div>\n<p>&nbsp;<\/p>\n<p><strong><a href=\"http:\/\/&lt;!-- PDF Embedder: Please provide an &quot;URL&quot; attribute in your shortcode. --&gt;\">AFG-Info 1<\/a> &#8211; 07\/2014<br \/>\n<\/strong><\/p>\n<div class=\"wp-block-pdfemb-pdf-embedder-viewer\"><a href=\"https:\/\/www.anne-frank-gymnasium.de\/wp-content\/uploads\/2020\/12\/afg-info-AUSGABE_01.pdf\" class=\"pdfemb-viewer\" style=\"\" data-width=\"max\" data-height=\"max\" data-toolbar=\"bottom\" data-toolbar-fixed=\"off\">afg-info-AUSGABE_01<\/a><\/div>\n<p>&nbsp;<\/p>\n","protected":false},"excerpt":{"rendered":"<p>Zwischen 2014 und 2020 haben wir in regelm\u00e4\u00dfigen Abst\u00e4nden eine ansprechende Publikation mit Neuigkeiten und Eindr\u00fccken aus unserem Schulleben herausgegeben, das AFG-Info. Einige Druckversionen davon sind bei Bedarf noch im Sekretariat erh\u00e4ltlich. Hier findet Ihr \/ finden Sie die Ausgaben in elektrionischer Form.<\/p>\n<p>Seit 2023 betreut Herrn Meisel unseren Blog mit dem Namen <a href=\"https:\/\/www.anne-frank-gymnasium.de\/?cat=99\">Sch\u00fcler:innen &hellip; <\/a><\/p>\n<p><a class=\"more-link btn\" href=\"https:\/\/www.anne-frank-gymnasium.de\/?page_id=8657\">Weiterlesen<\/a><\/p>\n","protected":false},"author":12,"featured_media":0,"parent":0,"menu_order":1,"comment_status":"closed","ping_status":"closed","template":"","meta":{"footnotes":""},"class_list":["post-8657","page","type-page","status-publish","hentry","nodate","item-wrap"],"_links":{"self":[{"href":"https:\/\/www.anne-frank-gymnasium.de\/index.php?rest_route=\/wp\/v2\/pages\/8657","targetHints":{"allow":["GET"]}}],"collection":[{"href":"https:\/\/www.anne-frank-gymnasium.de\/index.php?rest_route=\/wp\/v2\/pages"}],"about":[{"href":"https:\/\/www.anne-frank-gymnasium.de\/index.php?rest_route=\/wp\/v2\/types\/page"}],"author":[{"embeddable":true,"href":"https:\/\/www.anne-frank-gymnasium.de\/index.php?rest_route=\/wp\/v2\/users\/12"}],"replies":[{"embeddable":true,"href":"https:\/\/www.anne-frank-gymnasium.de\/index.php?rest_route=%2Fwp%2Fv2%2Fcomments&post=8657"}],"version-history":[{"count":33,"href":"https:\/\/www.anne-frank-gymnasium.de\/index.php?rest_route=\/wp\/v2\/pages\/8657\/revisions"}],"predecessor-version":[{"id":17108,"href":"https:\/\/www.anne-frank-gymnasium.de\/index.php?rest_route=\/wp\/v2\/pages\/8657\/revisions\/17108"}],"wp:attachment":[{"href":"https:\/\/www.anne-frank-gymnasium.de\/index.php?rest_route=%2Fwp%2Fv2%2Fmedia&parent=8657"}],"curies":[{"name":"wp","href":"https:\/\/api.w.org\/{rel}","templated":true}]}}