{"id":8518,"date":"2018-09-27T22:04:34","date_gmt":"2018-09-27T20:04:34","guid":{"rendered":"https:\/\/www.anne-frank-gymnasium.de\/?page_id=8518"},"modified":"2026-02-20T13:46:34","modified_gmt":"2026-02-20T12:46:34","slug":"allgemeines-zu-niederlaendisch","status":"publish","type":"page","link":"https:\/\/www.anne-frank-gymnasium.de\/?page_id=8518","title":{"rendered":"Niederl\u00e4ndisch am AFG"},"content":{"rendered":"<p>&nbsp;<\/p>\n<p>\u2022 Niederl\u00e4ndisch wird am AFG als sogenannte Neu einsetzende Fremdsprache nur in der Oberstufe unterrichtet. In der EF wird die Basis gelegt (Spracherwerbsphase), in der Q1 und Q2 werden dann u.a. die Abiturthemen besprochen.<\/p>\n<p>\u2022 Im Fach Niederl\u00e4ndisch beziehen sich die Abiturthemen u.a. auf aktuelle Themen in den Niederlanden und <a href=\"https:\/\/www.anne-frank-gymnasium.de\/wp-content\/uploads\/2024\/10\/pexels-katja-hakze-206024-1655838.jpg\"><img loading=\"lazy\" decoding=\"async\" class=\" wp-image-17953 alignright\" src=\"https:\/\/www.anne-frank-gymnasium.de\/wp-content\/uploads\/2024\/10\/pexels-katja-hakze-206024-1655838-768x1024.jpg\" alt=\"\" width=\"329\" height=\"439\" srcset=\"https:\/\/www.anne-frank-gymnasium.de\/wp-content\/uploads\/2024\/10\/pexels-katja-hakze-206024-1655838-768x1024.jpg 768w, https:\/\/www.anne-frank-gymnasium.de\/wp-content\/uploads\/2024\/10\/pexels-katja-hakze-206024-1655838-225x300.jpg 225w, https:\/\/www.anne-frank-gymnasium.de\/wp-content\/uploads\/2024\/10\/pexels-katja-hakze-206024-1655838-1152x1536.jpg 1152w, https:\/\/www.anne-frank-gymnasium.de\/wp-content\/uploads\/2024\/10\/pexels-katja-hakze-206024-1655838-1536x2048.jpg 1536w, https:\/\/www.anne-frank-gymnasium.de\/wp-content\/uploads\/2024\/10\/pexels-katja-hakze-206024-1655838-870x1160.jpg 870w, https:\/\/www.anne-frank-gymnasium.de\/wp-content\/uploads\/2024\/10\/pexels-katja-hakze-206024-1655838.jpg 1920w\" sizes=\"auto, (max-width: 329px) 100vw, 329px\" \/><\/a>Belgien (Integrations \u2013 und Wasserpolitik, Sprachenstreit in Belgien)<\/p>\n<p>\u2022 Niederl\u00e4ndisch wird von den Sch\u00fclern regelm\u00e4\u00dfig im Abitur ( 3. und 4. Abiturfach) angew\u00e4hlt.<\/p>\n<p>\u2022 Seit mehreren Jahren f\u00fchrt das AFG einen Sch\u00fcleraustausch mit einer niederl\u00e4ndischen oder fl\u00e4mischen Schule durch. Seit dem Schuljahr 2013\/2014 ist unsere Partnerschule das Sint-Agnesinstituut in Antwerpen-Hoboken (Belgien). &gt;&gt; <a href=\"https:\/\/www.anne-frank-gymnasium.de\/?page_id=8516\">Zum Austausch<\/a><\/p>\n<p>\u2022 Es ist an unserer Schule ebenfalls m\u00f6glich das externe Sprachzertifikat CNaVT abnehmen zu lassen, das neben der Abiturpr\u00fcfung im Fach Niederl\u00e4ndisch i.d.R. als Eintrittskarte f\u00fcr das (niederl\u00e4ndischsprachige) Studium in den Niederlanden gilt.<\/p>\n<p>\u2022 Sch\u00fcler, die in der Oberstufe das Fach Niederl\u00e4ndisch mit guten Leistungen belegen, sind in der Lage niederl\u00e4ndischsprachigen Studienf\u00e4chern ohne Probleme zu folgen!<\/p>\n<p>\u2022 Um den Sch\u00fclern einen Einblick in die Studienm\u00f6glichkeiten im Grenzgebiet zu geben, wird den Sch\u00fclern die M\u00f6glichkeit gegeben in die Universit\u00e4t Maastricht hineinzuschnuppern.<\/p>\n<p>Tot ziens!<\/p>\n<p><a href=\"https:\/\/www.anne-frank-gymnasium.de\/wp-content\/uploads\/2024\/10\/pexels-omar-ramadan-1739260-27151428.jpg\"><img loading=\"lazy\" decoding=\"async\" class=\"aligncenter wp-image-17952 size-large\" src=\"https:\/\/www.anne-frank-gymnasium.de\/wp-content\/uploads\/2024\/10\/pexels-omar-ramadan-1739260-27151428-e1728462203851-1024x577.jpg\" alt=\"\" width=\"870\" height=\"490\" srcset=\"https:\/\/www.anne-frank-gymnasium.de\/wp-content\/uploads\/2024\/10\/pexels-omar-ramadan-1739260-27151428-e1728462203851-1024x577.jpg 1024w, https:\/\/www.anne-frank-gymnasium.de\/wp-content\/uploads\/2024\/10\/pexels-omar-ramadan-1739260-27151428-e1728462203851-300x169.jpg 300w, https:\/\/www.anne-frank-gymnasium.de\/wp-content\/uploads\/2024\/10\/pexels-omar-ramadan-1739260-27151428-e1728462203851-768x433.jpg 768w, https:\/\/www.anne-frank-gymnasium.de\/wp-content\/uploads\/2024\/10\/pexels-omar-ramadan-1739260-27151428-e1728462203851-870x490.jpg 870w, https:\/\/www.anne-frank-gymnasium.de\/wp-content\/uploads\/2024\/10\/pexels-omar-ramadan-1739260-27151428-e1728462203851.jpg 1280w\" sizes=\"auto, (max-width: 870px) 100vw, 870px\" \/><\/a><\/p>\n<p><strong>Weitere Informationen<\/strong><\/p>\n<ul>\n<li><a href=\"https:\/\/www.anne-frank-gymnasium.de\/?cat=34\">Beitr\u00e4ge zum Fach Niederl\u00e4ndisch<\/a><\/li>\n<li><a href=\"https:\/\/www.anne-frank-gymnasium.de\/?page_id=8516\">Informationen zum Antwerpen-Austausch<\/a><\/li>\n<\/ul>\n<p>&nbsp;<\/p>\n<p>&nbsp;<\/p>\n<p>&nbsp;<\/p>\n","protected":false},"excerpt":{"rendered":"<p>&nbsp;<\/p>\n<p>\u2022 Niederl\u00e4ndisch wird am AFG als sogenannte Neu einsetzende Fremdsprache nur in der Oberstufe unterrichtet. In der EF wird die Basis gelegt (Spracherwerbsphase), in der Q1 und Q2 werden dann u.a. die Abiturthemen besprochen.<\/p>\n<p>\u2022 Im Fach Niederl\u00e4ndisch beziehen sich die Abiturthemen u.a. auf aktuelle Themen in den Niederlanden und <a href=\"https:\/\/www.anne-frank-gymnasium.de\/wp-content\/uploads\/2024\/10\/pexels-katja-hakze-206024-1655838.jpg\"><\/a>Belgien (Integrations \u2013 &hellip; <\/p>\n<p><a class=\"more-link btn\" href=\"https:\/\/www.anne-frank-gymnasium.de\/?page_id=8518\">Weiterlesen<\/a><\/p>\n","protected":false},"author":12,"featured_media":0,"parent":6692,"menu_order":1,"comment_status":"closed","ping_status":"closed","template":"","meta":{"footnotes":""},"class_list":["post-8518","page","type-page","status-publish","hentry","nodate","item-wrap"],"_links":{"self":[{"href":"https:\/\/www.anne-frank-gymnasium.de\/index.php?rest_route=\/wp\/v2\/pages\/8518","targetHints":{"allow":["GET"]}}],"collection":[{"href":"https:\/\/www.anne-frank-gymnasium.de\/index.php?rest_route=\/wp\/v2\/pages"}],"about":[{"href":"https:\/\/www.anne-frank-gymnasium.de\/index.php?rest_route=\/wp\/v2\/types\/page"}],"author":[{"embeddable":true,"href":"https:\/\/www.anne-frank-gymnasium.de\/index.php?rest_route=\/wp\/v2\/users\/12"}],"replies":[{"embeddable":true,"href":"https:\/\/www.anne-frank-gymnasium.de\/index.php?rest_route=%2Fwp%2Fv2%2Fcomments&post=8518"}],"version-history":[{"count":10,"href":"https:\/\/www.anne-frank-gymnasium.de\/index.php?rest_route=\/wp\/v2\/pages\/8518\/revisions"}],"predecessor-version":[{"id":19438,"href":"https:\/\/www.anne-frank-gymnasium.de\/index.php?rest_route=\/wp\/v2\/pages\/8518\/revisions\/19438"}],"up":[{"embeddable":true,"href":"https:\/\/www.anne-frank-gymnasium.de\/index.php?rest_route=\/wp\/v2\/pages\/6692"}],"wp:attachment":[{"href":"https:\/\/www.anne-frank-gymnasium.de\/index.php?rest_route=%2Fwp%2Fv2%2Fmedia&parent=8518"}],"curies":[{"name":"wp","href":"https:\/\/api.w.org\/{rel}","templated":true}]}}