{"id":8501,"date":"2018-09-27T21:50:33","date_gmt":"2018-09-27T19:50:33","guid":{"rendered":"https:\/\/www.anne-frank-gymnasium.de\/?page_id=8501"},"modified":"2026-02-20T13:45:20","modified_gmt":"2026-02-20T12:45:20","slug":"allgemeines-zu-spanisch","status":"publish","type":"page","link":"https:\/\/www.anne-frank-gymnasium.de\/?page_id=8501","title":{"rendered":"Spanisch am AFG"},"content":{"rendered":"<p><strong>Wann wird Spanisch am AFG unterrichtet?<\/strong><br \/>\nBei uns hast Du die M\u00f6glichkeit, Spanisch ab der Klasse 9 als 3. Fremdsprache zu erlernen.<\/p>\n<p><strong>Was macht Spanisch so interessant?<\/strong><br \/>\nSpanisch ist die offizielle Sprache in 21 L\u00e4ndern weltweit. Die meisten dieser L\u00e4nder liegen in Nord- und S\u00fcdamerika und Europa. Aber auch in den fr\u00fcheren spanischen Kolonien in Asien (Philippinen) und Afrika (\u00c4quatorial-Guinea und Westsahara) spielt Spanisch immer noch eine wichtige Rolle.<br \/>\nDie Zahl der Spanischsprechenden liegt zwischen 490 und 500 Millionen. Abgesehen von einem gigantischen Kulturraum ergibt sich also ebenso ein gigantischer Wirtschaftsraum, was bedeutet, dass Dir das Spanische privat (z.B. im Urlaub), aber auch f\u00fcr deine berufliche Zukunft sehr viele Chancen bietet.<\/p>\n<p><strong>Wie sieht der Spanischunterricht aus?<\/strong><br \/>\nDas Erlernen der spanischen Sprache folgt den Prinzipien, die Du bereits aus dem Englisch- und Franz\u00f6sischunterricht kennst. Die Kernkompetenzen Verstehen, Sprechen, Schreiben und Lesen sowie der Erwerb kultureller und geschichtlicher Kenntnisse (z.B.: Inwiefern unterscheidet sich das Leben in spanischsprachigen L\u00e4ndern von deinem Alltag in Deutschland? Warum sprechen eigentlich so viele Menschen \u00fcberall auf der Welt Spanisch?) stehen im Zentrum des Unterrichts.<br \/>\nDurch das Lernen der romanischen Sprachen Franz\u00f6sisch und\/oder Latein hast Du bereits eine gute Grundlage gelegt, um Dir bereits viele W\u00f6rter herleiten zu k\u00f6nnen, was Dir den Einstieg erleichtern wird.<br \/>\nDennoch: Ohne konsequentes Lernen geht es auch hier nicht! Die Progression (d.h. das Tempo des Spracherwerbs und der quantitative Zuwachs von Kenntnissen) ist vergleichsweise hoch.<br \/>\nDas hei\u00dft f\u00fcr Dich, dass Du immer am Ball bleiben musst, um keine Wissensl\u00fccken entstehen zu lassen, deren Nacharbeit ja immer l\u00e4stig ist! Wenn DDich das Erlernen der zweiten Fremdsprache bereits vor eine Herausforderung gestellt hat, solltest Du Dich ehrlich mit der Frage auseinandersetzen, ob Du bereit bist, Dich konsequent auf das Erlernen einer weiteren Sprache einzulassen.<\/p>\n<p><strong>Welches Lehrwerk wird im Spanischunterricht genutzt?<\/strong><br \/>\nAm AFG arbeiten wir mit dem Lehrwerk Encuentros Hoy (Bd. 1 \u2013 3) aus dem Cornelsen Verlag, das den neuen kompetenzorientierten Kernlehrplan umsetzt und Dich optimal auf Leistungs\u00fcberpr\u00fcfungen vorbereiten wird. Es beginnt inhaltlich mit Lerneinheiten zu Familie, Alltag und Freizeitgestaltung von Jugendlichen und Schulalltag in der spanischsprachigen Welt, also Themen, die deine eigene Lebenswirklichkeit betreffen. Des Weiteren beinhaltet es Themen wie Umweltschutz, Wirtschaftspolitik in Spanien, Spaniens Rolle innerhalb Europas, sowie Aspekte lateinamerikanischen Lebens.<\/p>\n<p><strong>Umfang und Anforderungen des Spanischunterrichts<\/strong><br \/>\nSpanischunterricht ab Klasse 9 bedeutet pro Woche drei Unterrichtseinheiten. Pro Halbjahr wirst Du zwei Kursarbeiten schreiben bzw. am Ende des Jahrgangs 10 eine m\u00fcndliche Kommunikationspr\u00fcfung machen, die eine Kursarbeit ersetzt.<\/p>\n<p>Die m\u00fcndliche Beteiligung in der Fremdsprache steht im Zentrum der Bewertung der sonstigen Leistungen im Unterricht. Des Weiteren werden Vokabelabfragen (m\u00fcndlich und schriftlich) sowie kurze Pr\u00e4sentationen diesen Bewertungsbereich komplettieren.<\/p>\n<p>&nbsp;<\/p>\n<p><strong>Weitere Informationen:<\/strong><\/p>\n<p><a href=\"https:\/\/www.anne-frank-gymnasium.de\/?cat=45\">&#8211; Beitr\u00e4ge zum Fach Spanisch<\/a><\/p>\n<p>&nbsp;<\/p>\n","protected":false},"excerpt":{"rendered":"<p>Wann wird Spanisch am AFG unterrichtet? Bei uns hast Du die M\u00f6glichkeit, Spanisch ab der Klasse 9 als 3. Fremdsprache zu erlernen.<\/p>\n<p>Was macht Spanisch so interessant? Spanisch ist die offizielle Sprache in 21 L\u00e4ndern weltweit. Die meisten dieser L\u00e4nder liegen in Nord- und S\u00fcdamerika und Europa. Aber auch in den fr\u00fcheren spanischen Kolonien in &hellip; <\/p>\n<p><a class=\"more-link btn\" href=\"https:\/\/www.anne-frank-gymnasium.de\/?page_id=8501\">Weiterlesen<\/a><\/p>\n","protected":false},"author":12,"featured_media":0,"parent":2584,"menu_order":1,"comment_status":"closed","ping_status":"closed","template":"","meta":{"footnotes":""},"class_list":["post-8501","page","type-page","status-publish","hentry","nodate","item-wrap"],"_links":{"self":[{"href":"https:\/\/www.anne-frank-gymnasium.de\/index.php?rest_route=\/wp\/v2\/pages\/8501","targetHints":{"allow":["GET"]}}],"collection":[{"href":"https:\/\/www.anne-frank-gymnasium.de\/index.php?rest_route=\/wp\/v2\/pages"}],"about":[{"href":"https:\/\/www.anne-frank-gymnasium.de\/index.php?rest_route=\/wp\/v2\/types\/page"}],"author":[{"embeddable":true,"href":"https:\/\/www.anne-frank-gymnasium.de\/index.php?rest_route=\/wp\/v2\/users\/12"}],"replies":[{"embeddable":true,"href":"https:\/\/www.anne-frank-gymnasium.de\/index.php?rest_route=%2Fwp%2Fv2%2Fcomments&post=8501"}],"version-history":[{"count":6,"href":"https:\/\/www.anne-frank-gymnasium.de\/index.php?rest_route=\/wp\/v2\/pages\/8501\/revisions"}],"predecessor-version":[{"id":19437,"href":"https:\/\/www.anne-frank-gymnasium.de\/index.php?rest_route=\/wp\/v2\/pages\/8501\/revisions\/19437"}],"up":[{"embeddable":true,"href":"https:\/\/www.anne-frank-gymnasium.de\/index.php?rest_route=\/wp\/v2\/pages\/2584"}],"wp:attachment":[{"href":"https:\/\/www.anne-frank-gymnasium.de\/index.php?rest_route=%2Fwp%2Fv2%2Fmedia&parent=8501"}],"curies":[{"name":"wp","href":"https:\/\/api.w.org\/{rel}","templated":true}]}}