{"id":8290,"date":"2018-09-24T13:57:45","date_gmt":"2018-09-24T11:57:45","guid":{"rendered":"https:\/\/www.anne-frank-gymnasium.de\/?page_id=8290"},"modified":"2025-09-16T15:38:03","modified_gmt":"2025-09-16T13:38:03","slug":"schulhof","status":"publish","type":"page","link":"https:\/\/www.anne-frank-gymnasium.de\/?page_id=8290","title":{"rendered":"Schulhof"},"content":{"rendered":"<p>Die Schule ist von mehreren weitl\u00e4ufigen Schulh\u00f6fen und Gr\u00fcnanlagen umgeben. Hier befinden sich auch Tischtennisplatten, Basketballk\u00f6rbe und eine Kletterpyramide. In Sommertagen ist der Schulhof ein beliebter Treffpunkt, um im Schatten der B\u00e4ume zu liegen.<\/p>\n<p><a href=\"https:\/\/www.anne-frank-gymnasium.de\/wp-content\/uploads\/2025\/09\/IMG_3262-1024x683-1.jpg\"><img loading=\"lazy\" decoding=\"async\" class=\"aligncenter wp-image-18941 size-full\" src=\"https:\/\/www.anne-frank-gymnasium.de\/wp-content\/uploads\/2025\/09\/IMG_3262-1024x683-1-e1758029757422.jpg\" alt=\"\" width=\"1024\" height=\"640\" srcset=\"https:\/\/www.anne-frank-gymnasium.de\/wp-content\/uploads\/2025\/09\/IMG_3262-1024x683-1-e1758029757422.jpg 1024w, https:\/\/www.anne-frank-gymnasium.de\/wp-content\/uploads\/2025\/09\/IMG_3262-1024x683-1-e1758029757422-300x188.jpg 300w, https:\/\/www.anne-frank-gymnasium.de\/wp-content\/uploads\/2025\/09\/IMG_3262-1024x683-1-e1758029757422-768x480.jpg 768w, https:\/\/www.anne-frank-gymnasium.de\/wp-content\/uploads\/2025\/09\/IMG_3262-1024x683-1-e1758029757422-870x544.jpg 870w\" sizes=\"auto, (max-width: 1024px) 100vw, 1024px\" \/><\/a><\/p>\n<p>&nbsp;<\/p>\n<p>&nbsp;<\/p>\n","protected":false},"excerpt":{"rendered":"<p>Die Schule ist von mehreren weitl\u00e4ufigen Schulh\u00f6fen und Gr\u00fcnanlagen umgeben. Hier befinden sich auch Tischtennisplatten, Basketballk\u00f6rbe und eine Kletterpyramide. In Sommertagen ist der Schulhof ein beliebter Treffpunkt, um im Schatten der B\u00e4ume zu liegen.<\/p>\n<p><a href=\"https:\/\/www.anne-frank-gymnasium.de\/wp-content\/uploads\/2025\/09\/IMG_3262-1024x683-1.jpg\"><\/a><\/p>\n<p>&nbsp;<\/p>\n<p>&nbsp;<\/p>\n","protected":false},"author":12,"featured_media":0,"parent":104,"menu_order":6,"comment_status":"closed","ping_status":"closed","template":"","meta":{"footnotes":""},"class_list":["post-8290","page","type-page","status-publish","hentry","nodate","item-wrap"],"_links":{"self":[{"href":"https:\/\/www.anne-frank-gymnasium.de\/index.php?rest_route=\/wp\/v2\/pages\/8290","targetHints":{"allow":["GET"]}}],"collection":[{"href":"https:\/\/www.anne-frank-gymnasium.de\/index.php?rest_route=\/wp\/v2\/pages"}],"about":[{"href":"https:\/\/www.anne-frank-gymnasium.de\/index.php?rest_route=\/wp\/v2\/types\/page"}],"author":[{"embeddable":true,"href":"https:\/\/www.anne-frank-gymnasium.de\/index.php?rest_route=\/wp\/v2\/users\/12"}],"replies":[{"embeddable":true,"href":"https:\/\/www.anne-frank-gymnasium.de\/index.php?rest_route=%2Fwp%2Fv2%2Fcomments&post=8290"}],"version-history":[{"count":3,"href":"https:\/\/www.anne-frank-gymnasium.de\/index.php?rest_route=\/wp\/v2\/pages\/8290\/revisions"}],"predecessor-version":[{"id":18943,"href":"https:\/\/www.anne-frank-gymnasium.de\/index.php?rest_route=\/wp\/v2\/pages\/8290\/revisions\/18943"}],"up":[{"embeddable":true,"href":"https:\/\/www.anne-frank-gymnasium.de\/index.php?rest_route=\/wp\/v2\/pages\/104"}],"wp:attachment":[{"href":"https:\/\/www.anne-frank-gymnasium.de\/index.php?rest_route=%2Fwp%2Fv2%2Fmedia&parent=8290"}],"curies":[{"name":"wp","href":"https:\/\/api.w.org\/{rel}","templated":true}]}}