{"id":8280,"date":"2018-09-24T13:49:56","date_gmt":"2018-09-24T11:49:56","guid":{"rendered":"https:\/\/www.anne-frank-gymnasium.de\/?page_id=8280"},"modified":"2024-10-03T13:22:07","modified_gmt":"2024-10-03T11:22:07","slug":"sportstaetten","status":"publish","type":"page","link":"https:\/\/www.anne-frank-gymnasium.de\/?page_id=8280","title":{"rendered":"Sportst\u00e4tten"},"content":{"rendered":"<p>Zum Schulzentrum Laurensberg geh\u00f6ren umfangreiche und vielf\u00e4ltige Sportanlagen, die das Kennenlernen verschiedener Sportarten erm\u00f6glichen. In n\u00e4chster N\u00e4he der Schule befinden sich:<\/p>\n<ul>\n<li>eine eigene Schwimmhalle mit Hubboden<\/li>\n<li>zwei Dreifachturnhallen, f\u00fcr den Sportunterricht stehen also sechs gro\u00dfe Turnhallen zur Verf\u00fcgung<\/li>\n<li>ein Rasensportplatz<\/li>\n<li>eine 400m Aschenbahn<\/li>\n<li>Weit-, Hochsprung- und Kugelsto\u00dfanlagen<\/li>\n<li>ein Kunstrasen-Fu\u00dfballplatz<\/li>\n<li>ein Rugby-Platz<\/li>\n<li>zwei Beach-Volleyball-Felder<\/li>\n<li>viele Wiesen<\/li>\n<li>Spielm\u00f6glichkeiten auf dem Schulhof<\/li>\n<\/ul>\n<p>Durch die N\u00e4he erreichen die Sch\u00fclerinnen und Sch\u00fcler die Sportanlagen in k\u00fcrzester Zeit. Lange Anfahrtswege entfallen damit und\u00a0 die Zeit kann f\u00fcr den Sport genutzt werden.<\/p>\n<p><img loading=\"lazy\" decoding=\"async\" class=\"alignnone wp-image-8283 size-large\" src=\"https:\/\/www.anne-frank-gymnasium.de\/wp-content\/uploads\/2018\/09\/Beachanlage-VB-2-1024x683.jpg\" alt=\"\" width=\"870\" height=\"580\" srcset=\"https:\/\/www.anne-frank-gymnasium.de\/wp-content\/uploads\/2018\/09\/Beachanlage-VB-2-1024x683.jpg 1024w, https:\/\/www.anne-frank-gymnasium.de\/wp-content\/uploads\/2018\/09\/Beachanlage-VB-2-300x200.jpg 300w, https:\/\/www.anne-frank-gymnasium.de\/wp-content\/uploads\/2018\/09\/Beachanlage-VB-2-768x512.jpg 768w\" sizes=\"auto, (max-width: 870px) 100vw, 870px\" \/><\/p>\n<p><img loading=\"lazy\" decoding=\"async\" class=\"alignnone wp-image-8282 size-large\" src=\"https:\/\/www.anne-frank-gymnasium.de\/wp-content\/uploads\/2018\/09\/Au\u00dfenanlage-RugbyundKunstrasen-1024x683.jpg\" alt=\"\" width=\"870\" height=\"580\" srcset=\"https:\/\/www.anne-frank-gymnasium.de\/wp-content\/uploads\/2018\/09\/Au\u00dfenanlage-RugbyundKunstrasen-1024x683.jpg 1024w, https:\/\/www.anne-frank-gymnasium.de\/wp-content\/uploads\/2018\/09\/Au\u00dfenanlage-RugbyundKunstrasen-300x200.jpg 300w, https:\/\/www.anne-frank-gymnasium.de\/wp-content\/uploads\/2018\/09\/Au\u00dfenanlage-RugbyundKunstrasen-768x512.jpg 768w\" sizes=\"auto, (max-width: 870px) 100vw, 870px\" \/><\/p>\n<p><img loading=\"lazy\" decoding=\"async\" class=\"wp-image-8288 size-large aligncenter\" src=\"https:\/\/www.anne-frank-gymnasium.de\/wp-content\/uploads\/2018\/09\/TurnenFAMSporttagHalle-1024x768.jpg\" alt=\"\" width=\"870\" height=\"653\" srcset=\"https:\/\/www.anne-frank-gymnasium.de\/wp-content\/uploads\/2018\/09\/TurnenFAMSporttagHalle-1024x768.jpg 1024w, https:\/\/www.anne-frank-gymnasium.de\/wp-content\/uploads\/2018\/09\/TurnenFAMSporttagHalle-300x225.jpg 300w, https:\/\/www.anne-frank-gymnasium.de\/wp-content\/uploads\/2018\/09\/TurnenFAMSporttagHalle-768x576.jpg 768w\" sizes=\"auto, (max-width: 870px) 100vw, 870px\" \/><\/p>\n<p><img decoding=\"async\" src=\"https:\/\/www.anne-frank-gymnasium.de\/wp-content\/uploads\/2018\/09\/FamSporttagHalle.jpg\" \/><img loading=\"lazy\" decoding=\"async\" class=\"wp-image-8287 size-large aligncenter\" src=\"https:\/\/www.anne-frank-gymnasium.de\/wp-content\/uploads\/2018\/09\/Swimhalletria-1024x683.jpg\" alt=\"\" width=\"870\" height=\"580\" srcset=\"https:\/\/www.anne-frank-gymnasium.de\/wp-content\/uploads\/2018\/09\/Swimhalletria-1024x683.jpg 1024w, https:\/\/www.anne-frank-gymnasium.de\/wp-content\/uploads\/2018\/09\/Swimhalletria-300x200.jpg 300w, https:\/\/www.anne-frank-gymnasium.de\/wp-content\/uploads\/2018\/09\/Swimhalletria-768x512.jpg 768w\" sizes=\"auto, (max-width: 870px) 100vw, 870px\" \/><\/p>\n<p>.<\/p>\n","protected":false},"excerpt":{"rendered":"<p>Zum Schulzentrum Laurensberg geh\u00f6ren umfangreiche und vielf\u00e4ltige Sportanlagen, die das Kennenlernen verschiedener Sportarten erm\u00f6glichen. In n\u00e4chster N\u00e4he der Schule befinden sich:<\/p>\n<ul>\n<li>eine eigene Schwimmhalle mit Hubboden<\/li>\n<li>zwei Dreifachturnhallen, f\u00fcr den Sportunterricht stehen also sechs gro\u00dfe Turnhallen zur Verf\u00fcgung<\/li>\n<li>ein Rasensportplatz<\/li>\n<li>eine 400m Aschenbahn<\/li>\n<li>Weit-, Hochsprung- und Kugelsto\u00dfanlagen<\/li>\n<li>ein Kunstrasen-Fu\u00dfballplatz<\/li>\n<li>ein Rugby-Platz<\/li>\n<li>zwei Beach-Volleyball-Felder<\/li>\n<li>viele &hellip;\n<p><a class=\"more-link btn\" href=\"https:\/\/www.anne-frank-gymnasium.de\/?page_id=8280\">Weiterlesen<\/a><\/p>\n<\/li>\n<\/ul>\n","protected":false},"author":12,"featured_media":0,"parent":104,"menu_order":5,"comment_status":"closed","ping_status":"closed","template":"","meta":{"footnotes":""},"class_list":["post-8280","page","type-page","status-publish","hentry","nodate","item-wrap"],"_links":{"self":[{"href":"https:\/\/www.anne-frank-gymnasium.de\/index.php?rest_route=\/wp\/v2\/pages\/8280","targetHints":{"allow":["GET"]}}],"collection":[{"href":"https:\/\/www.anne-frank-gymnasium.de\/index.php?rest_route=\/wp\/v2\/pages"}],"about":[{"href":"https:\/\/www.anne-frank-gymnasium.de\/index.php?rest_route=\/wp\/v2\/types\/page"}],"author":[{"embeddable":true,"href":"https:\/\/www.anne-frank-gymnasium.de\/index.php?rest_route=\/wp\/v2\/users\/12"}],"replies":[{"embeddable":true,"href":"https:\/\/www.anne-frank-gymnasium.de\/index.php?rest_route=%2Fwp%2Fv2%2Fcomments&post=8280"}],"version-history":[{"count":3,"href":"https:\/\/www.anne-frank-gymnasium.de\/index.php?rest_route=\/wp\/v2\/pages\/8280\/revisions"}],"predecessor-version":[{"id":17898,"href":"https:\/\/www.anne-frank-gymnasium.de\/index.php?rest_route=\/wp\/v2\/pages\/8280\/revisions\/17898"}],"up":[{"embeddable":true,"href":"https:\/\/www.anne-frank-gymnasium.de\/index.php?rest_route=\/wp\/v2\/pages\/104"}],"wp:attachment":[{"href":"https:\/\/www.anne-frank-gymnasium.de\/index.php?rest_route=%2Fwp%2Fv2%2Fmedia&parent=8280"}],"curies":[{"name":"wp","href":"https:\/\/api.w.org\/{rel}","templated":true}]}}