{"id":8278,"date":"2018-09-24T13:31:03","date_gmt":"2018-09-24T11:31:03","guid":{"rendered":"https:\/\/www.anne-frank-gymnasium.de\/?page_id=8278"},"modified":"2025-09-16T15:21:19","modified_gmt":"2025-09-16T13:21:19","slug":"mensa-2","status":"publish","type":"page","link":"https:\/\/www.anne-frank-gymnasium.de\/?page_id=8278","title":{"rendered":"Mensa"},"content":{"rendered":"<p>Hier gehts zu den <a href=\"https:\/\/biond.de\/sp\/laurensb-ac\/\"><strong>Speisepl\u00e4nen.<\/strong><\/a><\/p>\n<p><strong><a href=\"https:\/\/www.anne-frank-gymnasium.de\/wp-content\/uploads\/2021\/12\/IMG_5256-scaled.jpeg\"><img loading=\"lazy\" decoding=\"async\" class=\"aligncenter wp-image-13662 size-large\" src=\"https:\/\/www.anne-frank-gymnasium.de\/wp-content\/uploads\/2021\/12\/IMG_5256-scaled-e1719227476530-1024x577.jpeg\" alt=\"\" width=\"870\" height=\"490\" srcset=\"https:\/\/www.anne-frank-gymnasium.de\/wp-content\/uploads\/2021\/12\/IMG_5256-scaled-e1719227476530-1024x577.jpeg 1024w, https:\/\/www.anne-frank-gymnasium.de\/wp-content\/uploads\/2021\/12\/IMG_5256-scaled-e1719227476530-300x169.jpeg 300w, https:\/\/www.anne-frank-gymnasium.de\/wp-content\/uploads\/2021\/12\/IMG_5256-scaled-e1719227476530-768x433.jpeg 768w, https:\/\/www.anne-frank-gymnasium.de\/wp-content\/uploads\/2021\/12\/IMG_5256-scaled-e1719227476530-1536x865.jpeg 1536w, https:\/\/www.anne-frank-gymnasium.de\/wp-content\/uploads\/2021\/12\/IMG_5256-scaled-e1719227476530-2048x1154.jpeg 2048w, https:\/\/www.anne-frank-gymnasium.de\/wp-content\/uploads\/2021\/12\/IMG_5256-scaled-e1719227476530-870x490.jpeg 870w\" sizes=\"auto, (max-width: 870px) 100vw, 870px\" \/><\/a><\/strong><\/p>\n<p><strong>Warmes Essen, Getr\u00e4nke und Snacks<\/strong><\/p>\n<p>Die hervorragend ausgestattete und gro\u00dfe Mensa kann von allen Sch\u00fclerinnen und Sch\u00fclern genutzt werden. Ab Sommer 2024 haben wir einen neuen Mensabetreiber, die Firma BIOND. Im Folgenden finden Sie das Angebot f\u00fcr unsere Schule:<\/p>\n<p><a href=\"https:\/\/www.anne-frank-gymnasium.de\/wp-content\/uploads\/2024\/06\/2024-SZ-Laurensberg-Infoschreiben-web.pdf\">Infoschreiben BIOND Laurensberg<\/a><\/p>\n<a href=\"https:\/\/www.anne-frank-gymnasium.de\/wp-content\/uploads\/2024\/06\/2024-SZ-Laurensberg-Infoschreiben-web.pdf\" class=\"pdfemb-viewer\" style=\"width:600px;\" data-width=\"600\" data-height=\"max\" data-toolbar=\"bottom\" data-toolbar-fixed=\"off\">2024-SZ-Laurensberg-Infoschreiben-web<\/a>\n<p>&nbsp;<\/p>\n<p><strong>Mitbestimmung im Mensaauschschuss<\/strong><\/p>\n<p>Ein bis zwei Mal pro Jahr tagt der Mensaausschuss, in dem Mitglieder der Schulgemeinschaften von AFG und HHG sowie der Mensabetreiber gemeinsam \u00fcber Themen wie das Angebot an Speisen und Getr\u00e4nken, Preise oder die Mensaregeln sprechen und Vereinbarungen treffen. Vertreter des AFG sind:<\/p>\n<ul>\n<li>f\u00fcr Lehrerschaft und Schule: Ute Go\u00dfe<\/li>\n<li>f\u00fcr die Eltern: Kirsten Langer und Katharina Pompino<\/li>\n<\/ul>\n<p>Zur Mitbestimmung im Mensaausschuss k\u00f6nnen sich interessierte Sch\u00fclerinnen und Sch\u00fcler \u00fcber die <a href=\"https:\/\/www.anne-frank-gymnasium.de\/?page_id=99\">SV<\/a> und interessierte Eltern \u00fcber die <a href=\"https:\/\/www.anne-frank-gymnasium.de\/?page_id=3241\">Schulpflegschaft<\/a> melden.<\/p>\n<ul>\n<li>Die Mensa arbeitet mit der <a href=\"https:\/\/www.anne-frank-gymnasium.de\/?page_id=9501\">FairTrade-AG<\/a> zusammen und hat schon einige derer Projekte umgesetzt (FairTrade Kaffee, Pfandtassen statt Pappbecher, Verkauf der AFG-Flasche)<\/li>\n<\/ul>\n<p>&nbsp;<\/p>\n<p><a href=\"https:\/\/www.anne-frank-gymnasium.de\/wp-content\/uploads\/2021\/12\/IMG_5255-scaled.jpeg\"><img loading=\"lazy\" decoding=\"async\" class=\"aligncenter wp-image-13663 size-large\" src=\"https:\/\/www.anne-frank-gymnasium.de\/wp-content\/uploads\/2021\/12\/IMG_5255-scaled-e1719227502384-1024x577.jpeg\" alt=\"\" width=\"870\" height=\"490\" srcset=\"https:\/\/www.anne-frank-gymnasium.de\/wp-content\/uploads\/2021\/12\/IMG_5255-scaled-e1719227502384-1024x577.jpeg 1024w, https:\/\/www.anne-frank-gymnasium.de\/wp-content\/uploads\/2021\/12\/IMG_5255-scaled-e1719227502384-300x169.jpeg 300w, https:\/\/www.anne-frank-gymnasium.de\/wp-content\/uploads\/2021\/12\/IMG_5255-scaled-e1719227502384-768x433.jpeg 768w, https:\/\/www.anne-frank-gymnasium.de\/wp-content\/uploads\/2021\/12\/IMG_5255-scaled-e1719227502384-1536x865.jpeg 1536w, https:\/\/www.anne-frank-gymnasium.de\/wp-content\/uploads\/2021\/12\/IMG_5255-scaled-e1719227502384-2048x1154.jpeg 2048w, https:\/\/www.anne-frank-gymnasium.de\/wp-content\/uploads\/2021\/12\/IMG_5255-scaled-e1719227502384-870x490.jpeg 870w\" sizes=\"auto, (max-width: 870px) 100vw, 870px\" \/><\/a><\/p>\n<ul>\n<li style=\"list-style-type: none;\"><\/li>\n<\/ul>\n<p>&nbsp;<\/p>\n<p>&nbsp;<\/p>\n<p>&nbsp;<\/p>\n","protected":false},"excerpt":{"rendered":"<p>Hier gehts zu den <a href=\"https:\/\/biond.de\/sp\/laurensb-ac\/\">Speisepl\u00e4nen.<\/a><\/p>\n<p><a href=\"https:\/\/www.anne-frank-gymnasium.de\/wp-content\/uploads\/2021\/12\/IMG_5256-scaled.jpeg\"><\/a><\/p>\n<p>Warmes Essen, Getr\u00e4nke und Snacks<\/p>\n<p>Die hervorragend ausgestattete und gro\u00dfe Mensa kann von allen Sch\u00fclerinnen und Sch\u00fclern genutzt werden. Ab Sommer 2024 haben wir einen neuen Mensabetreiber, die Firma BIOND. Im Folgenden finden Sie das Angebot f\u00fcr unsere Schule:<\/p>\n<p><a href=\"https:\/\/www.anne-frank-gymnasium.de\/wp-content\/uploads\/2024\/06\/2024-SZ-Laurensberg-Infoschreiben-web.pdf\">Infoschreiben BIOND Laurensberg<\/a><\/p>\n<p>&nbsp;<\/p>\n<p>Mitbestimmung im Mensaauschschuss<\/p>\n<p> &hellip; <\/p>\n<p><a class=\"more-link btn\" href=\"https:\/\/www.anne-frank-gymnasium.de\/?page_id=8278\">Weiterlesen<\/a><\/p>\n","protected":false},"author":12,"featured_media":0,"parent":104,"menu_order":2,"comment_status":"closed","ping_status":"closed","template":"","meta":{"footnotes":""},"class_list":["post-8278","page","type-page","status-publish","hentry","nodate","item-wrap"],"_links":{"self":[{"href":"https:\/\/www.anne-frank-gymnasium.de\/index.php?rest_route=\/wp\/v2\/pages\/8278","targetHints":{"allow":["GET"]}}],"collection":[{"href":"https:\/\/www.anne-frank-gymnasium.de\/index.php?rest_route=\/wp\/v2\/pages"}],"about":[{"href":"https:\/\/www.anne-frank-gymnasium.de\/index.php?rest_route=\/wp\/v2\/types\/page"}],"author":[{"embeddable":true,"href":"https:\/\/www.anne-frank-gymnasium.de\/index.php?rest_route=\/wp\/v2\/users\/12"}],"replies":[{"embeddable":true,"href":"https:\/\/www.anne-frank-gymnasium.de\/index.php?rest_route=%2Fwp%2Fv2%2Fcomments&post=8278"}],"version-history":[{"count":33,"href":"https:\/\/www.anne-frank-gymnasium.de\/index.php?rest_route=\/wp\/v2\/pages\/8278\/revisions"}],"predecessor-version":[{"id":18938,"href":"https:\/\/www.anne-frank-gymnasium.de\/index.php?rest_route=\/wp\/v2\/pages\/8278\/revisions\/18938"}],"up":[{"embeddable":true,"href":"https:\/\/www.anne-frank-gymnasium.de\/index.php?rest_route=\/wp\/v2\/pages\/104"}],"wp:attachment":[{"href":"https:\/\/www.anne-frank-gymnasium.de\/index.php?rest_route=%2Fwp%2Fv2%2Fmedia&parent=8278"}],"curies":[{"name":"wp","href":"https:\/\/api.w.org\/{rel}","templated":true}]}}