{"id":8214,"date":"2018-09-23T10:13:52","date_gmt":"2018-09-23T08:13:52","guid":{"rendered":"https:\/\/www.anne-frank-gymnasium.de\/?page_id=8214"},"modified":"2021-03-11T20:07:43","modified_gmt":"2021-03-11T19:07:43","slug":"unsere-fahrten","status":"publish","type":"page","link":"https:\/\/www.anne-frank-gymnasium.de\/?page_id=8214","title":{"rendered":"Unsere Fahrten"},"content":{"rendered":"<p>(Seite im Aufbau &#8211; Unter Vorbehalt!)<\/p>\n<p>In der folgenden \u00dcbersicht finden Sie unsere regelm\u00e4\u00dfigen Fahrten.\u00a0 Daneben finden eine Reihe au\u00dferplanm\u00e4\u00dfiger Exkursionen, Fahrten und Austausche statt.<\/p>\n<table style=\"height: 547px;\">\n<tbody>\n<tr style=\"height: 85px;\">\n<td style=\"height: 85px; width: 176.067px;\"><span style=\"text-decoration: underline;\">Jahrgangsstufe<\/span><\/td>\n<td style=\"height: 85px; width: 208.233px;\"><span style=\"text-decoration: underline;\">Fahrt<\/span><\/td>\n<td style=\"height: 85px; width: 169.483px;\"><span style=\"text-decoration: underline;\">Weitere Informationen<\/span><\/td>\n<td style=\"height: 85px; width: 195.1px;\"><span style=\"text-decoration: underline;\">Ansprechpartner<\/span><\/td>\n<\/tr>\n<tr style=\"height: 61px;\">\n<td style=\"height: 61px; width: 176.067px;\">5<\/td>\n<td style=\"height: 61px; width: 208.233px;\">Kennenlerntage<\/td>\n<td style=\"height: 61px; width: 169.483px;\">&gt;&gt; <a href=\"https:\/\/www.anne-frank-gymnasium.de\/?page_id=6193\">mehr Informationen<\/a><\/td>\n<td style=\"height: 61px; width: 195.1px;\">Koordination Unterstufe<\/td>\n<\/tr>\n<tr style=\"height: 61px;\">\n<td style=\"height: 61px; width: 176.067px;\">7<\/td>\n<td style=\"height: 61px; width: 208.233px;\">Klassenfahrt<\/td>\n<td style=\"height: 61px; width: 169.483px;\"><\/td>\n<td style=\"height: 61px; width: 195.1px;\">Koordination Mittelstufe<\/td>\n<\/tr>\n<tr style=\"height: 85px;\">\n<td style=\"height: 85px; width: 176.067px;\">8<\/td>\n<td style=\"height: 85px; width: 208.233px;\">Besuch des Anne-Frank Hauses<\/td>\n<td style=\"height: 85px; width: 169.483px;\">&gt;&gt; <a href=\"https:\/\/www.anne-frank-gymnasium.de\/?page_id=20\">mehr Informationen<\/a><\/td>\n<td style=\"height: 85px; width: 195.1px;\">Koordination Mittelstufe \/ Herr Weidner<\/td>\n<\/tr>\n<tr style=\"height: 85px;\">\n<td style=\"height: 85px; width: 176.067px;\">9<\/td>\n<td style=\"height: 85px; width: 208.233px;\">Skifahrt<\/td>\n<td style=\"height: 85px; width: 169.483px;\"><a href=\"https:\/\/www.anne-frank-gymnasium.de\/?page_id=2758\">&gt;&gt; mehr Informationen<\/a><\/td>\n<td style=\"height: 85px; width: 195.1px;\">Koordination Mittelstufe \/ Fachschaft Sport<\/td>\n<\/tr>\n<tr style=\"height: 85px;\">\n<td style=\"height: 85px; width: 176.067px;\">EF<\/td>\n<td style=\"height: 85px; width: 208.233px;\">Orientierungstage<\/td>\n<td style=\"height: 85px; width: 169.483px;\"><\/td>\n<td style=\"height: 85px; width: 195.1px;\">Koordination Oberstufe \/ Beratungslehrer \/ Fachschaft Religion<\/td>\n<\/tr>\n<tr>\n<td style=\"width: 176.067px;\">Q1<\/td>\n<td style=\"width: 208.233px;\">Wattenmeer-Exkursion<\/td>\n<td style=\"width: 169.483px;\"><\/td>\n<td style=\"width: 195.1px;\">Koordination Oberstufe \/ Frau Kanitz<\/td>\n<\/tr>\n<tr style=\"height: 85px;\">\n<td style=\"height: 85px; width: 176.067px;\">Q1<\/td>\n<td style=\"height: 85px; width: 208.233px;\">Studienfahrt<\/td>\n<td style=\"height: 85px; width: 169.483px;\">&gt;&gt; <a href=\"https:\/\/www.anne-frank-gymnasium.de\/?page_id=12738\">mehr Informationen<\/a><\/td>\n<td style=\"height: 85px; width: 195.1px;\">Koordination Oberstufe \/ Beratungslehrer<\/td>\n<\/tr>\n<\/tbody>\n<\/table>\n<p>&nbsp;<\/p>\n","protected":false},"excerpt":{"rendered":"<p>(Seite im Aufbau &#8211; Unter Vorbehalt!)<\/p>\n<p>In der folgenden \u00dcbersicht finden Sie unsere regelm\u00e4\u00dfigen Fahrten.\u00a0 Daneben finden eine Reihe au\u00dferplanm\u00e4\u00dfiger Exkursionen, Fahrten und Austausche statt.<\/p>\n<p> Jahrgangsstufe Fahrt Weitere Informationen Ansprechpartner 5 Kennenlerntage &gt;&gt; <a href=\"https:\/\/www.anne-frank-gymnasium.de\/?page_id=6193\">mehr Informationen<\/a> Koordination Unterstufe 7 Klassenfahrt Koordination Mittelstufe 8 Besuch des Anne-Frank Hauses &gt;&gt; <a href=\"https:\/\/www.anne-frank-gymnasium.de\/?page_id=20\">mehr Informationen<\/a> Koordination Mittelstufe \/ Herr &hellip; <\/p>\n<p><a class=\"more-link btn\" href=\"https:\/\/www.anne-frank-gymnasium.de\/?page_id=8214\">Weiterlesen<\/a><\/p>\n","protected":false},"author":12,"featured_media":0,"parent":8190,"menu_order":0,"comment_status":"closed","ping_status":"closed","template":"","meta":{"footnotes":""},"class_list":["post-8214","page","type-page","status-publish","hentry","nodate","item-wrap"],"_links":{"self":[{"href":"https:\/\/www.anne-frank-gymnasium.de\/index.php?rest_route=\/wp\/v2\/pages\/8214","targetHints":{"allow":["GET"]}}],"collection":[{"href":"https:\/\/www.anne-frank-gymnasium.de\/index.php?rest_route=\/wp\/v2\/pages"}],"about":[{"href":"https:\/\/www.anne-frank-gymnasium.de\/index.php?rest_route=\/wp\/v2\/types\/page"}],"author":[{"embeddable":true,"href":"https:\/\/www.anne-frank-gymnasium.de\/index.php?rest_route=\/wp\/v2\/users\/12"}],"replies":[{"embeddable":true,"href":"https:\/\/www.anne-frank-gymnasium.de\/index.php?rest_route=%2Fwp%2Fv2%2Fcomments&post=8214"}],"version-history":[{"count":8,"href":"https:\/\/www.anne-frank-gymnasium.de\/index.php?rest_route=\/wp\/v2\/pages\/8214\/revisions"}],"predecessor-version":[{"id":12742,"href":"https:\/\/www.anne-frank-gymnasium.de\/index.php?rest_route=\/wp\/v2\/pages\/8214\/revisions\/12742"}],"up":[{"embeddable":true,"href":"https:\/\/www.anne-frank-gymnasium.de\/index.php?rest_route=\/wp\/v2\/pages\/8190"}],"wp:attachment":[{"href":"https:\/\/www.anne-frank-gymnasium.de\/index.php?rest_route=%2Fwp%2Fv2%2Fmedia&parent=8214"}],"curies":[{"name":"wp","href":"https:\/\/api.w.org\/{rel}","templated":true}]}}