{"id":8206,"date":"2018-09-23T09:55:09","date_gmt":"2018-09-23T07:55:09","guid":{"rendered":"https:\/\/www.anne-frank-gymnasium.de\/?page_id=8206"},"modified":"2026-04-28T13:02:03","modified_gmt":"2026-04-28T11:02:03","slug":"anne-frank-am-afg","status":"publish","type":"page","link":"https:\/\/www.anne-frank-gymnasium.de\/?page_id=8206","title":{"rendered":"Anne Frank am AFG"},"content":{"rendered":"<p>Als Anne-Frank-Gymnasium f\u00fchlen wir uns in besonderem Ma\u00dfe dem Erbe unserer Namensgeberin verpflichtet. Jede Sch\u00fclerin und jeder Sch\u00fcler soll nicht nur die <strong>Geschichte von Anne Frank<\/strong> kennen, sondern ein vertieftes Verst\u00e4ndnis f\u00fcr <strong>Zivilcourage<\/strong> und <strong>Toleranz<\/strong> entwickeln und sich verst\u00e4rkt mit Formen von <strong>Diktatur<\/strong> und <strong>Demokratie<\/strong> auseinander setzen. Um diese Ziele zu erreichen, legen wir <strong>zus\u00e4tzlich<\/strong> zu den allgemeinen unterrichtlichen und erzieherischen Vorgaben folgende Schwerpunkte:<\/p>\n<p><strong><span style=\"text-decoration: underline;\"><br \/>\nAu\u00dferunterrichtliche Schwerpunkte<\/span><\/strong><\/p>\n<p>&#8211; F\u00fcr die gesamte <strong>Jahrgangsstufe 8<\/strong> findet jedes Jahr eine Exkursion zum <strong>Anne-Frank-Haus in Amsterdam<\/strong> statt. Vor Ort sollen die Sch\u00fclerinnen und Sch\u00fcler sich in das Leben Anne Franks im Hinterhaus hineinversetzen. Die Exkursion wird durch den Unterricht in verschiedenen F\u00e4chern begleitet (s.u.)<\/p>\n<p>&#8211; F\u00fcr die gesamte <strong>Q1 <\/strong>findet jedes Jahr eine Exkursion zur <strong>NS-\u201eOrdensburg\u201c Vogelsang<\/strong> in Schleiden statt. Dort erfahren und erleben die Sch\u00fclerinnen und Sch\u00fcler, mit welchen Mitteln im Nationalsozialismus Jugenderziehung stattfand.<\/p>\n<ul>\n<li>Im Rahmen einer st\u00e4dteweiten Aktion <strong>Stolpersteine<\/strong> um den 9. November reinigen Lerngruppen des AFG Stolpersteine, besch\u00e4ftigen sich mit den Lebensl\u00e4ufe der Personen und reflektieren Erinnerungskultur. Wir haben eine Partnerschaft \u00fcbernommen f\u00fcr die von Steine:<\/li>\n<li>Josef M\u00fcller, Sozialdemokrat, 1867-1944, J\u00fclicher Stra\u00dfe 1, Aachen<\/li>\n<li>Arthur May, Redakteur und KPD-Mitglied, 1902-1933, Muffeter Weg 57, Aachen<\/li>\n<li>Anne (1929-1945), Margot (1926-1945) und Edith Frank (1900-1945) , Pastorplatz 1, Aachen<\/li>\n<\/ul>\n<p>&nbsp;<\/p>\n<p>&#8211; In unregelm\u00e4\u00dfigen Abst\u00e4nden veranstalten wir in wechselnder Form\u00a0 Veranstaltungen, wie Theaterst\u00fccke, symbolische Aktionen, oder Projekte in Kooperation mit au\u00dferschulischen Partnern (z.B.\u00a0 Zeitzeugen, Museen, Synagogen, Anne-Frank-Zentrum Berlin)<\/p>\n<p>Der folgende Film entstand am AFG am Anne-Frank-Tag 2014:<\/p>\n<div class=\"embed-container\"><iframe loading=\"lazy\" title=\"wolkenlos afg\" width=\"870\" height=\"489\" src=\"https:\/\/www.youtube.com\/embed\/jFl7EhR-B7k?feature=oembed\" frameborder=\"0\" allow=\"accelerometer; autoplay; clipboard-write; encrypted-media; gyroscope; picture-in-picture; web-share\" referrerpolicy=\"strict-origin-when-cross-origin\" allowfullscreen><\/iframe><\/div>\n<p>&nbsp;<\/p>\n<p><strong><u>Unterrichtliche Schwerpunkte:<\/u><\/strong><\/p>\n<p>In der Klasse 8 behandeln wir begleitend zur Exkursion ins Anne-Frank-Haus:<\/p>\n<ul>\n<li><strong>im Fach Deutsch<\/strong>: die Lekt\u00fcre des Tagebuchs der Anne Frank<\/li>\n<li><strong>im Fach Geschichte<\/strong>: einen Exkurs in die Geschichte der nationalsozialistischen Verfolgung von Minderheiten, insbesondere den Juden<\/li>\n<li><strong>im Fach Religion<\/strong>: Historische und religi\u00f6se Grundlagen des Judentums<\/li>\n<\/ul>\n<p>&nbsp;<\/p>\n<p>&nbsp;<\/p>\n<p>Das Anne-Frank-Team<\/p>\n<p>Kontakt: <a href=\"mailto:anne-frank@afgmail.de\">anne-frank@afgmail.de<\/a><\/p>\n","protected":false},"excerpt":{"rendered":"<p>Als Anne-Frank-Gymnasium f\u00fchlen wir uns in besonderem Ma\u00dfe dem Erbe unserer Namensgeberin verpflichtet. Jede Sch\u00fclerin und jeder Sch\u00fcler soll nicht nur die Geschichte von Anne Frank kennen, sondern ein vertieftes Verst\u00e4ndnis f\u00fcr Zivilcourage und Toleranz entwickeln und sich verst\u00e4rkt mit Formen von Diktatur und Demokratie auseinander setzen. Um diese Ziele zu erreichen, legen wir zus\u00e4tzlich &hellip; <\/p>\n<p><a class=\"more-link btn\" href=\"https:\/\/www.anne-frank-gymnasium.de\/?page_id=8206\">Weiterlesen<\/a><\/p>\n","protected":false},"author":12,"featured_media":0,"parent":6,"menu_order":0,"comment_status":"closed","ping_status":"closed","template":"","meta":{"footnotes":""},"class_list":["post-8206","page","type-page","status-publish","hentry","nodate","item-wrap"],"_links":{"self":[{"href":"https:\/\/www.anne-frank-gymnasium.de\/index.php?rest_route=\/wp\/v2\/pages\/8206","targetHints":{"allow":["GET"]}}],"collection":[{"href":"https:\/\/www.anne-frank-gymnasium.de\/index.php?rest_route=\/wp\/v2\/pages"}],"about":[{"href":"https:\/\/www.anne-frank-gymnasium.de\/index.php?rest_route=\/wp\/v2\/types\/page"}],"author":[{"embeddable":true,"href":"https:\/\/www.anne-frank-gymnasium.de\/index.php?rest_route=\/wp\/v2\/users\/12"}],"replies":[{"embeddable":true,"href":"https:\/\/www.anne-frank-gymnasium.de\/index.php?rest_route=%2Fwp%2Fv2%2Fcomments&post=8206"}],"version-history":[{"count":7,"href":"https:\/\/www.anne-frank-gymnasium.de\/index.php?rest_route=\/wp\/v2\/pages\/8206\/revisions"}],"predecessor-version":[{"id":19616,"href":"https:\/\/www.anne-frank-gymnasium.de\/index.php?rest_route=\/wp\/v2\/pages\/8206\/revisions\/19616"}],"up":[{"embeddable":true,"href":"https:\/\/www.anne-frank-gymnasium.de\/index.php?rest_route=\/wp\/v2\/pages\/6"}],"wp:attachment":[{"href":"https:\/\/www.anne-frank-gymnasium.de\/index.php?rest_route=%2Fwp%2Fv2%2Fmedia&parent=8206"}],"curies":[{"name":"wp","href":"https:\/\/api.w.org\/{rel}","templated":true}]}}