{"id":8199,"date":"2018-09-23T09:43:50","date_gmt":"2018-09-23T07:43:50","guid":{"rendered":"https:\/\/www.anne-frank-gymnasium.de\/?page_id=8199"},"modified":"2025-10-10T09:50:28","modified_gmt":"2025-10-10T07:50:28","slug":"ueber-anne-frank","status":"publish","type":"page","link":"https:\/\/www.anne-frank-gymnasium.de\/?page_id=8199","title":{"rendered":"\u00dcber Anne"},"content":{"rendered":"<p>Anne Frank wurde am 12. Juni 1929 in Frankfurt geboren.<a href=\"https:\/\/www.anne-frank-gymnasium.de\/wp-content\/uploads\/2018\/09\/Anne-Frank-1.jpg\"><img loading=\"lazy\" decoding=\"async\" class=\"size-medium wp-image-8211 alignright\" src=\"https:\/\/www.anne-frank-gymnasium.de\/wp-content\/uploads\/2018\/09\/Anne-Frank-1-300x200.jpg\" alt=\"\" width=\"300\" height=\"200\" srcset=\"https:\/\/www.anne-frank-gymnasium.de\/wp-content\/uploads\/2018\/09\/Anne-Frank-1-300x200.jpg 300w, https:\/\/www.anne-frank-gymnasium.de\/wp-content\/uploads\/2018\/09\/Anne-Frank-1.jpg 540w\" sizes=\"auto, (max-width: 300px) 100vw, 300px\" \/><\/a><\/p>\n<p>Die Familie Frank lebte schon lange in dieser Stadt. Die nationalsozialistische Machtergreifung n\u00f6tigte die Franks 1933 zur Flucht nach Amsterdam, wo sie sich eine neue Existenz aufbauten. 1942 musste die Familie vor der deutschen Besatzungsmacht in das Hinterhaus fl\u00fcchten. Hier im Versteck schrieb Anne ihr ber\u00fchmtes Tagebuch.<\/p>\n<p><center><\/center><center><\/center><center><\/center><center><\/center>Im August 1944 wurde das Versteck verraten, Anne Frank wurde nach Auschwitz deportiert, von dort ins Lager Bergen-Belsen, wo sie im M\u00e4rz 1945 an Hunger und Typhus starb. Die Geschichte Anne Franks verweist auf Themen wie Migration, Flucht und Vertreibung. Eng damit verkn\u00fcpft sind die Themen Rassismus, Antisemitismus sowie andere Formen von Vorurteilsbildung und Diskriminierung, die oft das Zusammenleben unterschiedlicher gesellschaftlicher Gruppen erschweren und bedrohen.<\/p>\n<p><center><\/center><center><\/center><center><\/center><center><\/center>Ausgangs- und Bezugspunkt unserer Arbeit bilden die Biographie und das Tagebuch der Anne Frank. Ihr Schicksal steht exemplarisch f\u00fcr das aller Opfer der Verfolgung und Ermordung durch den deutschen Nationalsozialismus. Die Jugendbegegnungsst\u00e4tte will die Botschaft des Tagebuchs, Annes Hoffnung auf Toleranz und Verst\u00e4ndigung, lebendig werden lassen und an den Holocaust erinnern.<\/p>\n<p><center><\/center>Die Homepage des Anne-Frank Zentrum in Berlin finden Sie <a title=\"Anne-Frank-Zentrum Berlin\" href=\"http:\/\/www.annefrank.de\/\" target=\"_blank\" rel=\"noopener\">hier!<\/a><\/p>\n<p><center><\/center>Die Homepage des Anne-Frank Hauses in Amsterdam: <a href=\"http:\/\/www.annefrank.nl\/\">hier<\/a><\/p>\n<p>Weitere Informationen \u00fcber Anne Frank finden Sie <a href=\"http:\/\/www.annefrankguide.net\/\" target=\"_blank\" rel=\"noopener\">hier!<\/a><\/p>\n<p>&nbsp;<\/p>\n<p><span style=\"text-decoration: underline;\">Leben im Versteck<\/span><\/p>\n<p><center><\/center>Seit Sommer 1942 lebten die Juden Anne, Margot, und ihre Eltern mit der Familie van Daan und dem sp\u00e4ter aufgenommenen Herrn Dussel aus Angst vor Deportation im Hinterhaus der Opekta-Firma, deren Besitzer Annes Vater war. Einige Helfer versorgten die Untergetauchten mit Lebensmitteln, Nachrichten u.\u00e4.<\/p>\n<p><center><\/center><center><\/center><center><\/center><center><\/center><center><\/center>In der ersten Zeit im Hinterhaus gab es noch sehr viel Streit &#8222;Es vergeht kaum ein Tag, an dem nicht gestritten wird&#8220;. Die Not schwei\u00dfte jedoch zusammen und bald schon begann man sich trotz gro\u00dfer Unterschiede zu akzeptieren.<\/p>\n<p><center><\/center>Ein Grund f\u00fcr die Auseinandersetzungen war nat\u00fcrlich der enorme Platzmangel. 8 Leute mussten knapp 3<\/p>\n<p><center><\/center>Jahre auf nur wenigen Quadratmetern zusammenleben. Nur Peter, Sohn der Familie van Daan und zeitweiliger Freund Annes besa\u00df ein Einzelzimmer, in das sie sich zur\u00fcckziehen konnte.<br \/>\nLetztendlich gerieten die Versteckten doch noch in die F\u00e4nge der Nazis. Nach all der Zeit, den Entbehrungen und der Angst wurden sie, nur weil sie Juden waren, schlie\u00dflich deportiert und kamen in den ber\u00fcchtigten KZs zu Tode.<\/p>\n<p>Als einziger \u00dcberlebender kehrte Annes Vater nach dem Krieg zur\u00fcck und \u00fcbergab das Tagebuch seiner Tochter der \u00d6ffentlichkeit.Neben ihrem weltweit bekannten Tagebuch, einer ergreifenden Dokumentation zum Thema Holocaust, verfasste Anne Frank auch einige M\u00e4rchen und Gedichte. Anne, die ihr Leben lang Journalistin werden wollte, fand letztendlich also doch die Anerkennung, die sie als Schriftstellerin verdient.<\/p>\n<p>&nbsp;<\/p>\n","protected":false},"excerpt":{"rendered":"<p>Anne Frank wurde am 12. Juni 1929 in Frankfurt geboren.<a href=\"https:\/\/www.anne-frank-gymnasium.de\/wp-content\/uploads\/2018\/09\/Anne-Frank-1.jpg\"><\/a><\/p>\n<p>Die Familie Frank lebte schon lange in dieser Stadt. Die nationalsozialistische Machtergreifung n\u00f6tigte die Franks 1933 zur Flucht nach Amsterdam, wo sie sich eine neue Existenz aufbauten. 1942 musste die Familie vor der deutschen Besatzungsmacht in das Hinterhaus fl\u00fcchten. Hier im Versteck schrieb Anne &hellip; <\/p>\n<p><a class=\"more-link btn\" href=\"https:\/\/www.anne-frank-gymnasium.de\/?page_id=8199\">Weiterlesen<\/a><\/p>\n","protected":false},"author":12,"featured_media":0,"parent":6,"menu_order":0,"comment_status":"closed","ping_status":"closed","template":"","meta":{"footnotes":""},"class_list":["post-8199","page","type-page","status-publish","hentry","nodate","item-wrap"],"_links":{"self":[{"href":"https:\/\/www.anne-frank-gymnasium.de\/index.php?rest_route=\/wp\/v2\/pages\/8199","targetHints":{"allow":["GET"]}}],"collection":[{"href":"https:\/\/www.anne-frank-gymnasium.de\/index.php?rest_route=\/wp\/v2\/pages"}],"about":[{"href":"https:\/\/www.anne-frank-gymnasium.de\/index.php?rest_route=\/wp\/v2\/types\/page"}],"author":[{"embeddable":true,"href":"https:\/\/www.anne-frank-gymnasium.de\/index.php?rest_route=\/wp\/v2\/users\/12"}],"replies":[{"embeddable":true,"href":"https:\/\/www.anne-frank-gymnasium.de\/index.php?rest_route=%2Fwp%2Fv2%2Fcomments&post=8199"}],"version-history":[{"count":6,"href":"https:\/\/www.anne-frank-gymnasium.de\/index.php?rest_route=\/wp\/v2\/pages\/8199\/revisions"}],"predecessor-version":[{"id":19103,"href":"https:\/\/www.anne-frank-gymnasium.de\/index.php?rest_route=\/wp\/v2\/pages\/8199\/revisions\/19103"}],"up":[{"embeddable":true,"href":"https:\/\/www.anne-frank-gymnasium.de\/index.php?rest_route=\/wp\/v2\/pages\/6"}],"wp:attachment":[{"href":"https:\/\/www.anne-frank-gymnasium.de\/index.php?rest_route=%2Fwp%2Fv2%2Fmedia&parent=8199"}],"curies":[{"name":"wp","href":"https:\/\/api.w.org\/{rel}","templated":true}]}}