{"id":780,"date":"2012-12-05T23:16:34","date_gmt":"2012-12-05T22:16:34","guid":{"rendered":"http:\/\/www.anne-frank-gymnasium.de\/?page_id=780"},"modified":"2025-04-03T09:29:57","modified_gmt":"2025-04-03T07:29:57","slug":"laufbahnplanung","status":"publish","type":"page","link":"https:\/\/www.anne-frank-gymnasium.de\/?page_id=780","title":{"rendered":"Laufbahnplanung"},"content":{"rendered":"<div><\/div>\n<p><strong>LuPO<a href=\"https:\/\/www.anne-frank-gymnasium.de\/wp-content\/uploads\/2012\/12\/lupopic.jpg\" rel=\"attachment wp-att-4063\"><img loading=\"lazy\" decoding=\"async\" class=\"wp-image-4063 alignright\" src=\"https:\/\/www.anne-frank-gymnasium.de\/wp-content\/uploads\/2012\/12\/lupopic-300x254.jpg\" alt=\"lupopic\" width=\"150\" height=\"127\" \/><\/a><\/strong><\/p>\n<p>LuPO ist ein vom MSW initiiertes Programm zur Unterst\u00fctzung der Beratungslehrer. LuPO ist nur unter einem <strong>Windows-Betriebssystem<\/strong> lauff\u00e4hig. Nutzer anderer Betriebssysteme (z.B. MacOS, Linux) k\u00f6nnen LuPO auf Ihren Rechnern m\u00f6glicherweise mit Hilfe von Windows-Emulatoren nutzen.<\/p>\n<p>Dieses heruntergeladene Programm dann auf dem eigenen Rechner starten und damit die zuvor aus der <a href=\"https:\/\/ucloud4schools.de\/afg\/index.php\/f\/82142\">ucloud<\/a> heruntergeladene <strong>individuelle Datei<\/strong> mit dem eigenen Namen \u00f6ffnen und diese bearbeiten, vgl. detaillierte Anleitung unten.<\/p>\n<p>Was f\u00fcr Verwirrung sorgen k\u00f6nnte: Wenn z. B. in Lupo von mindestens <strong>34 Wochenstunden<\/strong> die Rede ist, so sind damit <strong>Stunden \u00e0 45<\/strong> Minuten gemeint und jeder Kurs ist nach dieser Z\u00e4hlung dreist\u00fcndig. Bei uns sind es nat\u00fcrlich weniger Wochenstunden \u00e0 67,5 Minuten, selbstverst\u00e4ndlich kommt man so dennoch auf die erforderliche Wochenstundenanzahl (3&#215;45=135=2&#215;67,5).<\/p>\n<p>&nbsp;<\/p>\n<p><strong>Downloads<\/strong><\/p>\n<ul>\n<li><a href=\"\/wp-content\/uploads\/LUPO\/LuPO_NRW_SV.exe.zip\">LuPO (Sch\u00fclerversion)<\/a><\/li>\n<li><a href=\"\/wp-content\/uploads\/LUPO\/Anleitung_LuPO_Schuelerversion.pdf\">offizielle Anleitung des Ministeriums zu LuPO<\/a><\/li>\n<li><a href=\"https:\/\/www.anne-frank-gymnasium.de\/wp-content\/uploads\/2025\/04\/LUPO-wie-funktioniert-das.pdf\">auf das AFG bezogene Anleitung \u201eLUPO &#8211; Wie funktioniert das?\u201c<\/a><\/li>\n<li><a href=\"https:\/\/www.anne-frank-gymnasium.de\/wp-content\/uploads\/2020\/04\/Die-gymnasiale-Oberstufe-Druckfassung-2019.pdf\">Informationsbrosch\u00fcre zur gymnasialen Oberstufe NRW<\/a><\/li>\n<\/ul>\n<p>&nbsp;<\/p>\n<p>Wer sich schon einmal mit der Berechnung der Gesamtqualifikation im Abitur auseinandersetzen will, kann dies mit Hilfe der folgenden Pr\u00e4sentation tun.<\/p>\n<ul>\n<li><a href=\"https:\/\/www.anne-frank-gymnasium.de\/wp-content\/uploads\/2012\/12\/Berechnung-der-Gesamtqualifikation-gem\u00e4\u00df-APO-GOSt-B.ppt\">Berechnung der Gesamtqualifikation (Download einer Powerpoint-Pr\u00e4sentation)<\/a><\/li>\n<li>Einen guten Rechner f\u00fcr Abiturnoten gibt es bei <a href=\"http:\/\/www.abicalc.net\/abirechner\/nrw\">abicalc.net<\/a>.<\/li>\n<\/ul>\n","protected":false},"excerpt":{"rendered":"<p>LuPO<a href=\"https:\/\/www.anne-frank-gymnasium.de\/wp-content\/uploads\/2012\/12\/lupopic.jpg\" rel=\"attachment wp-att-4063\"><\/a><\/p>\n<p>LuPO ist ein vom MSW initiiertes Programm zur Unterst\u00fctzung der Beratungslehrer. LuPO ist nur unter einem Windows-Betriebssystem lauff\u00e4hig. Nutzer anderer Betriebssysteme (z.B. MacOS, Linux) k\u00f6nnen LuPO auf Ihren Rechnern m\u00f6glicherweise mit Hilfe von Windows-Emulatoren nutzen.<\/p>\n<p>Dieses heruntergeladene Programm dann auf dem eigenen Rechner starten und damit die zuvor aus der <a &hellip; <\/p>\n<p><a class=\"more-link btn\" href=\"https:\/\/www.anne-frank-gymnasium.de\/?page_id=780\">Weiterlesen<\/a><\/p>\n<p><\/a><\/p>\n","protected":false},"author":6,"featured_media":0,"parent":118,"menu_order":3,"comment_status":"closed","ping_status":"closed","template":"","meta":{"footnotes":""},"class_list":["post-780","page","type-page","status-publish","hentry","nodate","item-wrap"],"_links":{"self":[{"href":"https:\/\/www.anne-frank-gymnasium.de\/index.php?rest_route=\/wp\/v2\/pages\/780","targetHints":{"allow":["GET"]}}],"collection":[{"href":"https:\/\/www.anne-frank-gymnasium.de\/index.php?rest_route=\/wp\/v2\/pages"}],"about":[{"href":"https:\/\/www.anne-frank-gymnasium.de\/index.php?rest_route=\/wp\/v2\/types\/page"}],"author":[{"embeddable":true,"href":"https:\/\/www.anne-frank-gymnasium.de\/index.php?rest_route=\/wp\/v2\/users\/6"}],"replies":[{"embeddable":true,"href":"https:\/\/www.anne-frank-gymnasium.de\/index.php?rest_route=%2Fwp%2Fv2%2Fcomments&post=780"}],"version-history":[{"count":49,"href":"https:\/\/www.anne-frank-gymnasium.de\/index.php?rest_route=\/wp\/v2\/pages\/780\/revisions"}],"predecessor-version":[{"id":18453,"href":"https:\/\/www.anne-frank-gymnasium.de\/index.php?rest_route=\/wp\/v2\/pages\/780\/revisions\/18453"}],"up":[{"embeddable":true,"href":"https:\/\/www.anne-frank-gymnasium.de\/index.php?rest_route=\/wp\/v2\/pages\/118"}],"wp:attachment":[{"href":"https:\/\/www.anne-frank-gymnasium.de\/index.php?rest_route=%2Fwp%2Fv2%2Fmedia&parent=780"}],"curies":[{"name":"wp","href":"https:\/\/api.w.org\/{rel}","templated":true}]}}