{"id":6799,"date":"2018-04-17T13:38:52","date_gmt":"2018-04-17T11:38:52","guid":{"rendered":"http:\/\/www.anne-frank-gymnasium.de\/?page_id=6799"},"modified":"2024-11-11T14:10:53","modified_gmt":"2024-11-11T13:10:53","slug":"frankreich","status":"publish","type":"page","link":"https:\/\/www.anne-frank-gymnasium.de\/?page_id=6799","title":{"rendered":"Frankreichaustausch (Jgst. 9)"},"content":{"rendered":"<p>Die Fachschaft Franz\u00f6sisch organisiert seit 2023 einen Frankreich-Austausch mit dem Coll\u00e8ge Saint-Paul im Zentrum von Lille. Lille liegt in Nordfrankreich, ca. drei Stunden von Aachen entfernt, und ist die gr\u00f6\u00dfte Stadt in Frankreichs Norden. Die Sch\u00fclerinnen und Sch\u00fcler verbringen f\u00fcnf Tage (vier N\u00e4chte) in der Partnerfamilien und umgekehrt. Hin- und R\u00fcckbesuch finden meistens zwischen Februar und Juni statt. Ihren Austauschpartner haben sie vorher durch Briefe oder E-Mails kennen gelernt. Der Austausch ist freiwillig und die Teilnehmerzahl ist meist auf 25 Sch\u00fclerinnen und Sch\u00fclern aus den Klassen 9 begrenzt, sofern es gen\u00fcgen InteressentInnen auf franz\u00f6sischer Seite gibt.<\/p>\n<p>Der Austausch dient unter Anderem der Anwendung der Fremdsprachenkenntnisse in einem authentischen Kontext und dem Kennenlernen von Jugendlichen aus einer anderen Kultur. Das Leben in der Gastfamilie\u00a0 erm\u00f6glichen einen Einblick in das Leben und den Alltag einer anderen Kultur. An einem Tag nehmen die Sch\u00fclerinnen und Sch\u00fcler am Unterricht der jeweils anderen Schule teil und bekommen so einen Einblick in den Schulalltag der Partner. Zudem st\u00e4rken gemeinsame Projekte und Exkursionen die Gemeinschaft in der zweisprachige Gruppe und Jahrgangsstufe.<\/p>\n<p>Informationen zur Teilnahme erhalten die Sch\u00fclerinnen und Sch\u00fcler, die als zweite Fremdsprache Franz\u00f6sisch gew\u00e4hlt haben, von ihren Franz\u00f6sischlehrkr\u00e4ften. Die folgenden <a href=\"https:\/\/www.anne-frank-gymnasium.de\/?cat=20\">Beitr\u00e4ge zum Frankreich-Austausch<\/a> zeigen, was wir in den letzten Jahren gemacht haben.<\/p>\n<p>Hinweis: Aus organisatorischen Gr\u00fcnden auf Seiten unserer Partnerschule haben wir im Jahr 2023-2024 einmal ausgesetzt. Wir planen, im Jahr 2024-2025 auch einige Sch\u00fclerinnen und Sch\u00fcler aus der jetzigen Jgst. 9, also dann der Jgst.\u00a0 10 mitzunehmen.<\/p>\n<p>Johannes Kraft,<br \/>\nStand: November 2024<\/p>\n<p>&nbsp;<\/p>\n<p><a href=\"https:\/\/www.anne-frank-gymnasium.de\/?cat=20\">Beitr\u00e4ge zum Frankreichaustausch<\/a><\/p>\n<p align=\"right\">\n","protected":false},"excerpt":{"rendered":"<p>Die Fachschaft Franz\u00f6sisch organisiert seit 2023 einen Frankreich-Austausch mit dem Coll\u00e8ge Saint-Paul im Zentrum von Lille. Lille liegt in Nordfrankreich, ca. drei Stunden von Aachen entfernt, und ist die gr\u00f6\u00dfte Stadt in Frankreichs Norden. Die Sch\u00fclerinnen und Sch\u00fcler verbringen f\u00fcnf Tage (vier N\u00e4chte) in der Partnerfamilien und umgekehrt. Hin- und R\u00fcckbesuch finden meistens zwischen Februar &hellip; <\/p>\n<p><a class=\"more-link btn\" href=\"https:\/\/www.anne-frank-gymnasium.de\/?page_id=6799\">Weiterlesen<\/a><\/p>\n","protected":false},"author":12,"featured_media":0,"parent":7980,"menu_order":0,"comment_status":"closed","ping_status":"closed","template":"","meta":{"footnotes":""},"class_list":["post-6799","page","type-page","status-publish","hentry","nodate","item-wrap"],"_links":{"self":[{"href":"https:\/\/www.anne-frank-gymnasium.de\/index.php?rest_route=\/wp\/v2\/pages\/6799","targetHints":{"allow":["GET"]}}],"collection":[{"href":"https:\/\/www.anne-frank-gymnasium.de\/index.php?rest_route=\/wp\/v2\/pages"}],"about":[{"href":"https:\/\/www.anne-frank-gymnasium.de\/index.php?rest_route=\/wp\/v2\/types\/page"}],"author":[{"embeddable":true,"href":"https:\/\/www.anne-frank-gymnasium.de\/index.php?rest_route=\/wp\/v2\/users\/12"}],"replies":[{"embeddable":true,"href":"https:\/\/www.anne-frank-gymnasium.de\/index.php?rest_route=%2Fwp%2Fv2%2Fcomments&post=6799"}],"version-history":[{"count":13,"href":"https:\/\/www.anne-frank-gymnasium.de\/index.php?rest_route=\/wp\/v2\/pages\/6799\/revisions"}],"predecessor-version":[{"id":18060,"href":"https:\/\/www.anne-frank-gymnasium.de\/index.php?rest_route=\/wp\/v2\/pages\/6799\/revisions\/18060"}],"up":[{"embeddable":true,"href":"https:\/\/www.anne-frank-gymnasium.de\/index.php?rest_route=\/wp\/v2\/pages\/7980"}],"wp:attachment":[{"href":"https:\/\/www.anne-frank-gymnasium.de\/index.php?rest_route=%2Fwp%2Fv2%2Fmedia&parent=6799"}],"curies":[{"name":"wp","href":"https:\/\/api.w.org\/{rel}","templated":true}]}}