{"id":6226,"date":"2018-06-07T16:41:12","date_gmt":"2018-06-07T14:41:12","guid":{"rendered":"http:\/\/www.anne-frank-gymnasium.de\/?page_id=6226"},"modified":"2026-03-04T10:07:04","modified_gmt":"2026-03-04T09:07:04","slug":"was-ist-die-sv","status":"publish","type":"page","link":"https:\/\/www.anne-frank-gymnasium.de\/?page_id=6226","title":{"rendered":"Die Sch\u00fclervertretung am AFG"},"content":{"rendered":"<table style=\"border-collapse: collapse; width: 100%; height: 287px;\">\r\n<tbody>\r\n<tr style=\"height: 671px;\">\r\n<td style=\"height: 214px; text-align: center; width: 100%;\" colspan=\"2\"><br \/>\r\n<p><a href=\"https:\/\/www.anne-frank-gymnasium.de\/wp-content\/uploads\/2026\/03\/5001569e-12c0-4900-8c98-b318cefd651782.jpeg\"><img loading=\"lazy\" decoding=\"async\" class=\"wp-image-19498 size-large aligncenter\" src=\"https:\/\/www.anne-frank-gymnasium.de\/wp-content\/uploads\/2026\/03\/5001569e-12c0-4900-8c98-b318cefd651782-e1772567345152-1024x577.jpeg\" alt=\"\" width=\"870\" height=\"490\" srcset=\"https:\/\/www.anne-frank-gymnasium.de\/wp-content\/uploads\/2026\/03\/5001569e-12c0-4900-8c98-b318cefd651782-e1772567345152-1024x577.jpeg 1024w, https:\/\/www.anne-frank-gymnasium.de\/wp-content\/uploads\/2026\/03\/5001569e-12c0-4900-8c98-b318cefd651782-e1772567345152-300x169.jpeg 300w, https:\/\/www.anne-frank-gymnasium.de\/wp-content\/uploads\/2026\/03\/5001569e-12c0-4900-8c98-b318cefd651782-e1772567345152-768x433.jpeg 768w, https:\/\/www.anne-frank-gymnasium.de\/wp-content\/uploads\/2026\/03\/5001569e-12c0-4900-8c98-b318cefd651782-e1772567345152-1536x866.jpeg 1536w, https:\/\/www.anne-frank-gymnasium.de\/wp-content\/uploads\/2026\/03\/5001569e-12c0-4900-8c98-b318cefd651782-e1772567345152-870x490.jpeg 870w, https:\/\/www.anne-frank-gymnasium.de\/wp-content\/uploads\/2026\/03\/5001569e-12c0-4900-8c98-b318cefd651782-e1772567345152.jpeg 2048w\" sizes=\"auto, (max-width: 870px) 100vw, 870px\" \/><\/a><\/p>\r\n<\/td>\r\n<\/tr>\r\n<tr style=\"height: 104px;\">\r\n<td style=\"width: 100%; text-align: center; height: 63px;\" colspan=\"2\">\r\n<p>Sch\u00fclervertretung des AFG 2025\/2026<\/p>\r\n<\/td>\r\n<\/tr>\r\n<tr style=\"height: 39px;\">\r\n<td style=\"width: 50%; text-align: center; height: 10px;\">\r\n<p><a href=\"https:\/\/www.anne-frank-gymnasium.de\/wp-content\/uploads\/2026\/03\/IMG_9408-scaled.jpg\"><img loading=\"lazy\" decoding=\"async\" class=\"size-large wp-image-19500 aligncenter\" src=\"https:\/\/www.anne-frank-gymnasium.de\/wp-content\/uploads\/2026\/03\/IMG_9408-768x1024.jpg\" alt=\"\" width=\"768\" height=\"1024\" srcset=\"https:\/\/www.anne-frank-gymnasium.de\/wp-content\/uploads\/2026\/03\/IMG_9408-768x1024.jpg 768w, https:\/\/www.anne-frank-gymnasium.de\/wp-content\/uploads\/2026\/03\/IMG_9408-225x300.jpg 225w, https:\/\/www.anne-frank-gymnasium.de\/wp-content\/uploads\/2026\/03\/IMG_9408-1152x1536.jpg 1152w, https:\/\/www.anne-frank-gymnasium.de\/wp-content\/uploads\/2026\/03\/IMG_9408-1536x2048.jpg 1536w, https:\/\/www.anne-frank-gymnasium.de\/wp-content\/uploads\/2026\/03\/IMG_9408-870x1160.jpg 870w, https:\/\/www.anne-frank-gymnasium.de\/wp-content\/uploads\/2026\/03\/IMG_9408-scaled.jpg 1920w\" sizes=\"auto, (max-width: 768px) 100vw, 768px\" \/><\/a><\/p>\r\n<p>Sch\u00fclersprecherteam 2025\/2026:<\/p>\r\n<p>Nele Pesch, Filip Freude<\/p>\r\n<\/td>\r\n<td style=\"width: 50%; text-align: center; height: 10px;\">\r\n<p><a href=\"https:\/\/www.anne-frank-gymnasium.de\/wp-content\/uploads\/2026\/03\/IMG_9398-scaled.jpg\"><img loading=\"lazy\" decoding=\"async\" class=\"size-large wp-image-19499 aligncenter\" src=\"https:\/\/www.anne-frank-gymnasium.de\/wp-content\/uploads\/2026\/03\/IMG_9398-768x1024.jpg\" alt=\"\" width=\"768\" height=\"1024\" srcset=\"https:\/\/www.anne-frank-gymnasium.de\/wp-content\/uploads\/2026\/03\/IMG_9398-768x1024.jpg 768w, https:\/\/www.anne-frank-gymnasium.de\/wp-content\/uploads\/2026\/03\/IMG_9398-225x300.jpg 225w, https:\/\/www.anne-frank-gymnasium.de\/wp-content\/uploads\/2026\/03\/IMG_9398-1152x1536.jpg 1152w, https:\/\/www.anne-frank-gymnasium.de\/wp-content\/uploads\/2026\/03\/IMG_9398-1536x2048.jpg 1536w, https:\/\/www.anne-frank-gymnasium.de\/wp-content\/uploads\/2026\/03\/IMG_9398-870x1160.jpg 870w, https:\/\/www.anne-frank-gymnasium.de\/wp-content\/uploads\/2026\/03\/IMG_9398-scaled.jpg 1920w\" sizes=\"auto, (max-width: 768px) 100vw, 768px\" \/><\/a><\/p>\r\n<p>SV-Lehrerinnen 2025\/2026:<\/p>\r\n<p>Frau Horn, Frau Pauli<\/p>\r\n<\/td>\r\n<\/tr>\r\n<\/tbody>\r\n<\/table>\r\n<p>&nbsp;<\/p>\r\n<p><strong>\u00dcber uns<\/strong><\/p>\r\n<p>Hallo ihr Lieben, wir sind das SV-Team des Anne-Frank-Gymnasiums. Als ein Zusammenschluss von engagierten Sch\u00fclerinnen und Sch\u00fclern aus fast allen Jahrgangsstufen versuchen wir gemeinsam den Schulalltag zu versch\u00f6nern. Das SV-Team besteht sowohl aus gew\u00e4hlten Klassen-\/ bzw. Stufensprechern, aber auch vielen anderen Mitgliedern, die die Schule gerne mitgestalten m\u00f6chten. Falls Du Interesse hast hier mitzuhelfen, komm einfach mal vorbei! Wir treffen uns jeden Donnerstag in der 30-Minuten Pause in unserem SV-Raum und besprechen dort aktuelle Themen. \u00a0<\/p>\r\n<p>&nbsp;<\/p>\r\n<p><strong>Unsere Aktionen<\/strong><\/p>\r\n<p>Wir planen \u00fcber das Schuljahr hinweg sch\u00f6ne Aktionen. Ihr kennt bestimmt schon den Rosenverkauf zu Valentinstag, bei dem ihr euren Liebsten eine anonyme Rose zusenden k\u00f6nnt. Rund um Weihnachten findet j\u00e4hrlich einmal die Nikolaus-Aktion statt, zudem verlosen wir in unserem Adventskalender Gewinne an euch. Au\u00dferdem organisieren wir j\u00e4hrlich eine Oster-\u00dcberraschung f\u00fcr die f\u00fcnften Klassen. Neu ist unsere SV-Karnevalsparty mit Singen, Tanzen, Spielen und einem Kost\u00fcmwettbewerb, zu der alle Sch\u00fclerinnen und Sch\u00fcler der 5ten bis 7ten Klasse herzlich eingeladen sind. Unser Highlight ist die j\u00e4hrliche SV-Fahrt nach Monschau, bei der wir 3 Tage intensiv an unseren anstehenden Aufgaben arbeiten, neue Ideen entwerfen und den Zusammenhalt untereinander st\u00e4rken. \u00a0<\/p>\r\n<p>&nbsp;<\/p>\r\n<p><strong>F\u00fcr die Sch\u00fclerschaft<\/strong><\/p>\r\n<p>Neben unseren Aktionen sind wir SV-Mitglieder vor allem die Ansprechpartner f\u00fcr eure Anliegen. Egal was ihr auf dem Herzen habt, wendet euch gerne an uns. Wir sind f\u00fcr euch als Vertretung der ganzen Sch\u00fclerschaft da! Eure W\u00fcnsche, Verbesserungen oder Sorgen k\u00f6nnt ihr uns entweder per Mail an <a href=\"mailto:sv@afgmail.de\">sv@afgmail.de<\/a> schreiben oder ihr hinterlasst einen Zettel in dem wei\u00dfen Briefkasten am SV-Raum im PZ. Nat\u00fcrlich k\u00f6nnt ihr auch immer donnerstags in der 30-Minuten Pause kurz vorbeikommen. Mit den Einnahmen unserer Aktionen machen wir Anschaffungen f\u00fcr euch. So haben wir zum Beispiel neue Speedminton-Schl\u00e4ger f\u00fcr den Sportunterricht finanziert.\u00a0<\/p>\r\n<p>&nbsp;<\/p>\r\n<p><strong>Zusammenarbeit mit der Lehrerschaft<\/strong><\/p>\r\n<p>Zus\u00e4tzlich sind wir die Kontaktstelle zu unserer Lehrerschaft. Wir unterst\u00fctzen immer gerne engagierte Lehrerinnen und Lehrer bei ihren Pl\u00e4nen. So helfen wir j\u00e4hrlich bei der Umsetzung der Pride Week. Die Sch\u00fclersprecher und Sprecherinnen, welche die SV anleiten, treffen sich einmal im Monat mit unserem Schulleiter Herrn Heimes und tauschen sich dort \u00fcber die W\u00fcnsche unserer Sch\u00fclerschaft und die aktuellen Themen der Schule aus. Herr Heimes setzt dann im Anschluss viele unserer Anregungen um und wir engagieren uns f\u00fcr seine Anliegen. Besonderer Dank gilt auch unseren SV-Lehrerinnen und Lehrern, die uns immer tatkr\u00e4ftig unterst\u00fctzen.<\/p>\r\n<p>&nbsp;<\/p>\r\n<p><strong>Zusammenarbeit mit den Eltern<\/strong><\/p>\r\n<p>Auch mit den Mitgliedern der Elternvertretung stehen wir in engem Kontakt. Viele Ideen lassen sich einfacher umsetzten, wenn man das Engagement der Sch\u00fclerinnen und Sch\u00fcler mit der Erfahrung der Eltern kombiniert. Gemeinsam realisierten wir beispielsweise eine Spendenaktion f\u00fcr die Ukraine.<\/p>\r\n<p>&nbsp;<\/p>\r\n<p><strong>Wahl der Klassensprecher<\/strong><\/p>\r\n<p>Es ist sinnvoll, Sch\u00fclerInnen zu w\u00e4hlen, die die Interessen ihrer KlassenkameradInnen vertreten und sich gerne f\u00fcr diese engagieren und einsetzen wollen. Au\u00dferdem sollten sie sich Ihrer Verantwortung bewusst sein und diese Aufgabe auch wirklich \u00fcbernehmen wollen. Die KlassensprecherInnen sollten vor der ersten Sitzung des Sch\u00fclerrats gew\u00e4hlt werden, damit sie in die weiteren Entscheidungen mit einbezogen werden k\u00f6nnen. Jede Klasse w\u00e4hlt eine\/n KlassensprecherIn und eine\/n VertreterIn, wobei jeder Sch\u00fclerInnen der Klasse ein Stimmrecht besitzt und aufgestellt werden kann. Die Wahl erfolgt geheim und die beiden Personen, die am meisten Stimmen haben, werden KlassensprecherIn bzw. StellvertreterIn. Somit sind sie im Sch\u00fclerrat stimmberechtigt und vertreten die Interessen ihrer Mitsch\u00fclerInnen.<\/p>\r\n<p>&nbsp;<\/p>\r\n<p><strong>Der Sch\u00fclerrat<\/strong><\/p>\r\n<p>Der Sch\u00fclerrat setzt sich aus den Klassen- und StufensprecherInnen zusammen, die am Anfang des Schuljahres f\u00fcr das gesamte Schuljahr gew\u00e4hlt worden sind. Hierbei wird \u00fcber die wichtigsten Schulangelegenheiten gesprochen, diskutiert und abgestimmt.<\/p>\r\n\r\n<p>&nbsp;<\/p>\r\n<p><strong>In der Schulkonferenz<\/strong><\/p>\r\n<p>Gew\u00e4hlte SV-Mitglieder nehmen j\u00e4hrlich in der Schulkonferenz teil. Diese besteht aus je sechs Mitgliedern der Eltern, der Lehrerschaft und uns Sch\u00fclerschaft. Es ist das oberste Gremium der Schule, in dem wichtige Entscheidungen diskutiert und entschieden werden. Dort tragen wir dann unsere Anliegen vor. Als Sch\u00fclerinnen und Sch\u00fcler haben wir bei Abstimmungen das gleiche Stimmrecht wie die anderen beiden Parteien. Zuletzt entschieden wir dort beispielsweise f\u00fcr die \u00dcberarbeitung der Handy-Regelungen. Wir hoffen, ihr habt nun einen Einblick in unsere Arbeit bekommen k\u00f6nnen! Wir freuen uns auf eure Ideen und Beteiligung!<\/p>\r\n<p>&nbsp;<\/p>\r\n<p>Eure Sch\u00fclervertretung<\/p>\r\n<p><em>Geschrieben von Nele M\u00fcller und Ricarda Pinsdorf (2024)<\/em><\/p>\r\n<p>&nbsp;<\/p>\r\n<p><strong>Weitere Informationen<\/strong><\/p>\r\n<ul>\r\n<li><a href=\"https:\/\/www.anne-frank-gymnasium.de\/wp-content\/uploads\/2025\/02\/SV-Satzung-AFG-Aachen-29.11.2017.pdf\">SV-Satzung 2017<\/a><\/li>\r\n<li><a href=\"https:\/\/www.anne-frank-gymnasium.de\/?cat=80\">Beitr\u00e4ge zu unseren Aktionen<\/a><\/li>\r\n<\/ul>\r\n<p>&nbsp;<\/p>\r\n<a href=\"https:\/\/www.anne-frank-gymnasium.de\/wp-content\/uploads\/2026\/03\/Was-ist-die-SV.pdf\" class=\"pdfemb-viewer\" style=\"\" data-width=\"max\" data-height=\"max\" data-toolbar=\"bottom\" data-toolbar-fixed=\"off\">Was ist die SV<\/a>\r\n<p><a href=\"https:\/\/www.anne-frank-gymnasium.de\/wp-content\/uploads\/2026\/03\/Was-ist-die-SV.pdf\">&#8222;Was ist die SV?&#8220;, Stand: 2026<\/a><\/p>\r\n<p>&nbsp;<\/p>","protected":false},"excerpt":{"rendered":"<p><a href=\"https:\/\/www.anne-frank-gymnasium.de\/wp-content\/uploads\/2026\/03\/5001569e-12c0-4900-8c98-b318cefd651782.jpeg\"><\/a><\/p>\n<p>Sch\u00fclervertretung des AFG 2025\/2026<\/p>\n<p><a href=\"https:\/\/www.anne-frank-gymnasium.de\/wp-content\/uploads\/2026\/03\/IMG_9408-scaled.jpg\"><\/a><\/p>\n<p>Sch\u00fclersprecherteam 2025\/2026:<\/p>\n<p>Nele Pesch, Filip Freude<\/p>\n<p><a href=\"https:\/\/www.anne-frank-gymnasium.de\/wp-content\/uploads\/2026\/03\/IMG_9398-scaled.jpg\"><\/a><\/p>\n<p>SV-Lehrerinnen 2025\/2026:<\/p>\n<p>Frau Horn, Frau Pauli<\/p>\n<p>&nbsp;<\/p>\n<p>\u00dcber uns<\/p>\n<p>Hallo ihr Lieben, wir sind das SV-Team des Anne-Frank-Gymnasiums. Als ein Zusammenschluss von engagierten Sch\u00fclerinnen und Sch\u00fclern aus fast allen Jahrgangsstufen versuchen wir gemeinsam den Schulalltag zu versch\u00f6nern. Das SV-Team &hellip; <\/p>\n<p><a class=\"more-link btn\" href=\"https:\/\/www.anne-frank-gymnasium.de\/?page_id=6226\">Weiterlesen<\/a><\/p>\n","protected":false},"author":6,"featured_media":0,"parent":99,"menu_order":1,"comment_status":"closed","ping_status":"closed","template":"","meta":{"footnotes":""},"class_list":["post-6226","page","type-page","status-publish","hentry","nodate","item-wrap"],"_links":{"self":[{"href":"https:\/\/www.anne-frank-gymnasium.de\/index.php?rest_route=\/wp\/v2\/pages\/6226","targetHints":{"allow":["GET"]}}],"collection":[{"href":"https:\/\/www.anne-frank-gymnasium.de\/index.php?rest_route=\/wp\/v2\/pages"}],"about":[{"href":"https:\/\/www.anne-frank-gymnasium.de\/index.php?rest_route=\/wp\/v2\/types\/page"}],"author":[{"embeddable":true,"href":"https:\/\/www.anne-frank-gymnasium.de\/index.php?rest_route=\/wp\/v2\/users\/6"}],"replies":[{"embeddable":true,"href":"https:\/\/www.anne-frank-gymnasium.de\/index.php?rest_route=%2Fwp%2Fv2%2Fcomments&post=6226"}],"version-history":[{"count":22,"href":"https:\/\/www.anne-frank-gymnasium.de\/index.php?rest_route=\/wp\/v2\/pages\/6226\/revisions"}],"predecessor-version":[{"id":19505,"href":"https:\/\/www.anne-frank-gymnasium.de\/index.php?rest_route=\/wp\/v2\/pages\/6226\/revisions\/19505"}],"up":[{"embeddable":true,"href":"https:\/\/www.anne-frank-gymnasium.de\/index.php?rest_route=\/wp\/v2\/pages\/99"}],"wp:attachment":[{"href":"https:\/\/www.anne-frank-gymnasium.de\/index.php?rest_route=%2Fwp%2Fv2%2Fmedia&parent=6226"}],"curies":[{"name":"wp","href":"https:\/\/api.w.org\/{rel}","templated":true}]}}