{"id":6105,"date":"2017-11-09T16:34:00","date_gmt":"2017-11-09T15:34:00","guid":{"rendered":"http:\/\/www.anne-frank-gymnasium.de\/?page_id=6105"},"modified":"2025-09-23T15:21:08","modified_gmt":"2025-09-23T13:21:08","slug":"berufsfelderkundung","status":"publish","type":"page","link":"https:\/\/www.anne-frank-gymnasium.de\/?page_id=6105","title":{"rendered":"Berufsfelderkundung"},"content":{"rendered":"<p>Die Berufsfelderkundung (BFE) umfasst insgesamt drei Tage, welche die Sch\u00fclerinnen und Sch\u00fcler in selbst gew\u00e4hlten Betrieben verbringen. Dazu nutzen diese das BFE-Buchungsportal oder bem\u00fchen sich selbstst\u00e4ndig um geeignete Betriebe. Die Recherche f\u00fcr geeignete Betriebe, die den jeweiligen Interessen entsprechen, und der damit verbundene Bewerbungsprozess stellen dabei einen wichtigen Schritt dar, um mit g\u00e4ngigen Bewerbungsverfahren \u2013 von der ersten Kontaktaufnahme bis hin zu konkreten Anschreiben oder Gespr\u00e4chsterminen \u2013 vertraut zu werden. Im Idealfall k\u00f6nnen bereits zu diesem Zeitpunkt Kontakte f\u00fcr die in der 10. Klasse und in der Einf\u00fchrungsphase folgenden Betriebspraktika gekn\u00fcpft werden. Die Sch\u00fclerinnen und Sch\u00fcler werden beim Finden geeigneter Betriebe von uns Studien- und Berufskoordinatoren begleitet.<\/p>\n<p>Ausf\u00fchrliche Informationen zum konkreten Ablauf sind im Infoschreiben (s. u.) zu finden.<\/p>\n<p>Leitf\u00e4den\/Formulare zum Download:<\/p>\n<p><a href=\"https:\/\/www.anne-frank-gymnasium.de\/wp-content\/uploads\/2025\/09\/Schueler-und-Elternanschreiben-BFE-Kl.-9-1.pdf\">BFE &#8211; Infoschreiben<\/a><\/p>\n<p><a href=\"https:\/\/www.anne-frank-gymnasium.de\/wp-content\/uploads\/2025\/09\/BFE-Leitfaden-fuer-Betriebe.pdf\">BFE &#8211; Leitfaden f\u00fcr Betriebe<\/a><\/p>\n<p><a href=\"https:\/\/www.anne-frank-gymnasium.de\/wp-content\/uploads\/2025\/09\/BFE-Leitfaden-fuer-SuS-1.pdf\">BFE &#8211; Leitfaden f\u00fcr Sch\u00fcler<\/a><\/p>\n<p><a href=\"https:\/\/www.anne-frank-gymnasium.de\/wp-content\/uploads\/2025\/09\/Einverstaendniserklaerung-zur-Teilnahme-an-den-Berufsfelderkundungstagen-1.pdf\">BFE &#8211; Einverst\u00e4ndniserkl\u00e4rung der Eltern zur Teilnahme<\/a><\/p>\n<p><a href=\"https:\/\/www.anne-frank-gymnasium.de\/wp-content\/uploads\/2024\/10\/BFE-Teilnahmebestaetigung.pdf\">BFE &#8211; Teilnahmebest\u00e4tigung<\/a><\/p>\n<p>Ansprechpartner:<\/p>\n<p>Felix Meisel<\/p>\n<p>Kontakt: StuBo@afgmail.de<\/p>\n<p>&nbsp;<\/p>\n<p>Stand 23.9.2025<\/p>\n","protected":false},"excerpt":{"rendered":"<p>Die Berufsfelderkundung (BFE) umfasst insgesamt drei Tage, welche die Sch\u00fclerinnen und Sch\u00fcler in selbst gew\u00e4hlten Betrieben verbringen. Dazu nutzen diese das BFE-Buchungsportal oder bem\u00fchen sich selbstst\u00e4ndig um geeignete Betriebe. Die Recherche f\u00fcr geeignete Betriebe, die den jeweiligen Interessen entsprechen, und der damit verbundene Bewerbungsprozess stellen dabei einen wichtigen Schritt dar, um mit g\u00e4ngigen Bewerbungsverfahren \u2013 &hellip; <\/p>\n<p><a class=\"more-link btn\" href=\"https:\/\/www.anne-frank-gymnasium.de\/?page_id=6105\">Weiterlesen<\/a><\/p>\n","protected":false},"author":6,"featured_media":0,"parent":2998,"menu_order":3,"comment_status":"closed","ping_status":"closed","template":"","meta":{"footnotes":""},"class_list":["post-6105","page","type-page","status-publish","hentry","nodate","item-wrap"],"_links":{"self":[{"href":"https:\/\/www.anne-frank-gymnasium.de\/index.php?rest_route=\/wp\/v2\/pages\/6105","targetHints":{"allow":["GET"]}}],"collection":[{"href":"https:\/\/www.anne-frank-gymnasium.de\/index.php?rest_route=\/wp\/v2\/pages"}],"about":[{"href":"https:\/\/www.anne-frank-gymnasium.de\/index.php?rest_route=\/wp\/v2\/types\/page"}],"author":[{"embeddable":true,"href":"https:\/\/www.anne-frank-gymnasium.de\/index.php?rest_route=\/wp\/v2\/users\/6"}],"replies":[{"embeddable":true,"href":"https:\/\/www.anne-frank-gymnasium.de\/index.php?rest_route=%2Fwp%2Fv2%2Fcomments&post=6105"}],"version-history":[{"count":21,"href":"https:\/\/www.anne-frank-gymnasium.de\/index.php?rest_route=\/wp\/v2\/pages\/6105\/revisions"}],"predecessor-version":[{"id":11054,"href":"https:\/\/www.anne-frank-gymnasium.de\/index.php?rest_route=\/wp\/v2\/pages\/6105\/revisions\/11054"}],"up":[{"embeddable":true,"href":"https:\/\/www.anne-frank-gymnasium.de\/index.php?rest_route=\/wp\/v2\/pages\/2998"}],"wp:attachment":[{"href":"https:\/\/www.anne-frank-gymnasium.de\/index.php?rest_route=%2Fwp%2Fv2%2Fmedia&parent=6105"}],"curies":[{"name":"wp","href":"https:\/\/api.w.org\/{rel}","templated":true}]}}