{"id":5790,"date":"2017-07-05T19:03:24","date_gmt":"2017-07-05T17:03:24","guid":{"rendered":"http:\/\/www.anne-frank-gymnasium.de\/?page_id=5790"},"modified":"2022-09-07T21:40:15","modified_gmt":"2022-09-07T19:40:15","slug":"individualaustausch","status":"publish","type":"page","link":"https:\/\/www.anne-frank-gymnasium.de\/?page_id=5790","title":{"rendered":"Individualaustausch des Landes NRW"},"content":{"rendered":"<p>Bei den Schu\u0308leraustauschprogrammen des Landes NRW handelt es sich um <strong>individuelle Schu\u0308leraustausche auf Gegenseitigkeit.<\/strong> Die Organistation erfolgt landesweit durch die Bezirksregierung Du\u0308sseldorf, die jedes Jahr unter &#8222;Internationaler Sch\u00fcleraustausch&#8220; eine umfangreiche Programmbeschreibung herausgibt:<\/p>\n<p><a href=\"https:\/\/www.brd.nrw.de\/themen\/schule-bildung\/internationaler-austausch\/individueller-austausch-fuer-schuelerinnen-und\">&gt;&gt; zum Sch\u00fcleraustauschprogramm des Landes NRW<\/a><\/p>\n<p>Wir unterst\u00fctzen die Teilnahme an diesem Programm und vermitteln nach M\u00f6glichkeit gerne zu Sch\u00fclerinnen und Sch\u00fclern der Schule, die bereits daran teilgenommen haben.<\/p>\n","protected":false},"excerpt":{"rendered":"<p>Bei den Schu\u0308leraustauschprogrammen des Landes NRW handelt es sich um individuelle Schu\u0308leraustausche auf Gegenseitigkeit. Die Organistation erfolgt landesweit durch die Bezirksregierung Du\u0308sseldorf, die jedes Jahr unter &#8222;Internationaler Sch\u00fcleraustausch&#8220; eine umfangreiche Programmbeschreibung herausgibt:<\/p>\n<p><a href=\"https:\/\/www.brd.nrw.de\/themen\/schule-bildung\/internationaler-austausch\/individueller-austausch-fuer-schuelerinnen-und\">&gt;&gt; zum Sch\u00fcleraustauschprogramm des Landes NRW<\/a><\/p>\n<p>Wir unterst\u00fctzen die Teilnahme an diesem Programm und vermitteln nach M\u00f6glichkeit gerne zu Sch\u00fclerinnen und Sch\u00fclern &hellip; <\/p>\n<p><a class=\"more-link btn\" href=\"https:\/\/www.anne-frank-gymnasium.de\/?page_id=5790\">Weiterlesen<\/a><\/p>\n","protected":false},"author":6,"featured_media":0,"parent":6712,"menu_order":0,"comment_status":"closed","ping_status":"closed","template":"","meta":{"footnotes":""},"class_list":["post-5790","page","type-page","status-publish","hentry","nodate","item-wrap"],"_links":{"self":[{"href":"https:\/\/www.anne-frank-gymnasium.de\/index.php?rest_route=\/wp\/v2\/pages\/5790","targetHints":{"allow":["GET"]}}],"collection":[{"href":"https:\/\/www.anne-frank-gymnasium.de\/index.php?rest_route=\/wp\/v2\/pages"}],"about":[{"href":"https:\/\/www.anne-frank-gymnasium.de\/index.php?rest_route=\/wp\/v2\/types\/page"}],"author":[{"embeddable":true,"href":"https:\/\/www.anne-frank-gymnasium.de\/index.php?rest_route=\/wp\/v2\/users\/6"}],"replies":[{"embeddable":true,"href":"https:\/\/www.anne-frank-gymnasium.de\/index.php?rest_route=%2Fwp%2Fv2%2Fcomments&post=5790"}],"version-history":[{"count":5,"href":"https:\/\/www.anne-frank-gymnasium.de\/index.php?rest_route=\/wp\/v2\/pages\/5790\/revisions"}],"predecessor-version":[{"id":14663,"href":"https:\/\/www.anne-frank-gymnasium.de\/index.php?rest_route=\/wp\/v2\/pages\/5790\/revisions\/14663"}],"up":[{"embeddable":true,"href":"https:\/\/www.anne-frank-gymnasium.de\/index.php?rest_route=\/wp\/v2\/pages\/6712"}],"wp:attachment":[{"href":"https:\/\/www.anne-frank-gymnasium.de\/index.php?rest_route=%2Fwp%2Fv2%2Fmedia&parent=5790"}],"curies":[{"name":"wp","href":"https:\/\/api.w.org\/{rel}","templated":true}]}}