{"id":5219,"date":"2017-02-11T17:37:29","date_gmt":"2017-02-11T16:37:29","guid":{"rendered":"http:\/\/www.anne-frank-gymnasium.de\/?page_id=5219"},"modified":"2025-11-18T12:29:31","modified_gmt":"2025-11-18T11:29:31","slug":"foerderunterricht","status":"publish","type":"page","link":"https:\/\/www.anne-frank-gymnasium.de\/?page_id=5219","title":{"rendered":"F\u00f6rderunterricht"},"content":{"rendered":"<p>Der F\u00f6rderunterricht ist ein Angebot bei mangelhaften Leistungen in Hauptf\u00e4chern der Jahrgangsstufen 5 bis 9. Er findet nachmittags statt und wird von unseren Lehrkr\u00e4ften erteilt. Sollten wir f\u00fcr Ihr Kind einen F\u00f6rderbedarf in einem der angebotenen F\u00e4cher feststellen, erhalten Sie von uns eine Einladung zu dem betroffenen Kurs. Die Teilnahme an den Kursen ist f\u00fcr Sie freiwillig,\u00a0 kostenlos und dauert so lange, bis im Sch\u00fcler:innen-Eltern-Lehrer:<wbr \/>innen-Austausch eine andere Vereinbarung getroffen wird.<\/p>\n<p>Bei Teilnahme verpflichten Sie sich\u00a0 zu folgendem Beitrag:<br \/>\n\u2013 Es besteht prinzipiell Anwesenheitspflicht wie im regularen Unterricht. Fehlen im Kurs muss, z.B per Email an die F\u00f6rderlehrkraft, entschuldigt werden.<br \/>\n\u2013 Ihr Kind verpflichtet sich, im Kurs aktiv mitzuarbeiten.<br \/>\n\u2013 Zum F\u00f6rderunterricht muss Ihr Kind regelm\u00e4\u00dfig die Materialien aus dem Fach mitbringen sowie ein separaten Schnellhefter. Zur ersten Stunde bitten wir Sie au\u00dferdem Ihrem Kind die letzten Klassenarbeiten mitzugeben.<br \/>\n\u2013 Unter Umst\u00e4nden wird die F\u00f6rderlehrkraft Sie bitten, spezielles F\u00f6rdermaterial (ca. 10-20\u20ac) anzuschaffen.<\/p>\n<p>Sollen Sie ein Angebot aus irgendwelchen Gr\u00fcnden nicht annehmen, verpflichten Sie sich damit, selber eine geeignete F\u00f6rderung f\u00fcr Ihr Kind zu organisieren.<\/p>\n<p>Der F\u00f6rderunterricht besteht je nach Schwerpunkt aus der Aufarbeitung alterer Themen, der Begleitung aktueller Themen, der Hilfe bei schwierigen Hausaufgaben sowie aus gelegentlicher Vorausarbeit.<\/p>\n<p>Bei Fragen, Anregungen und W\u00fcnschen zum Unterricht Ihres Kindes wenden Sie sich bitte an die unterrichtende F\u00f6rderlehrkraft oder bei allgemeinen Fragen an Herrn Loogen, der diesen Bereich organisatorisch betreut.<\/p>\n<p>Stand 18.11.2025<\/p>\n<p>&nbsp;<\/p>\n<a href=\"https:\/\/www.anne-frank-gymnasium.de\/wp-content\/uploads\/2025\/11\/Foerderunterricht-1.-Ablaeufe-2025.pdf\" class=\"pdfemb-viewer\" style=\"\" data-width=\"max\" data-height=\"max\" data-toolbar=\"bottom\" data-toolbar-fixed=\"off\">Fo\u0308rderunterricht - 1. Abla\u0308ufe 2025<\/a>\n","protected":false},"excerpt":{"rendered":"<p>Der F\u00f6rderunterricht ist ein Angebot bei mangelhaften Leistungen in Hauptf\u00e4chern der Jahrgangsstufen 5 bis 9. Er findet nachmittags statt und wird von unseren Lehrkr\u00e4ften erteilt. Sollten wir f\u00fcr Ihr Kind einen F\u00f6rderbedarf in einem der angebotenen F\u00e4cher feststellen, erhalten Sie von uns eine Einladung zu dem betroffenen Kurs. Die Teilnahme an den Kursen ist f\u00fcr &hellip; <\/p>\n<p><a class=\"more-link btn\" href=\"https:\/\/www.anne-frank-gymnasium.de\/?page_id=5219\">Weiterlesen<\/a><\/p>\n","protected":false},"author":6,"featured_media":0,"parent":5212,"menu_order":1,"comment_status":"closed","ping_status":"closed","template":"","meta":{"footnotes":""},"class_list":["post-5219","page","type-page","status-publish","hentry","nodate","item-wrap"],"_links":{"self":[{"href":"https:\/\/www.anne-frank-gymnasium.de\/index.php?rest_route=\/wp\/v2\/pages\/5219","targetHints":{"allow":["GET"]}}],"collection":[{"href":"https:\/\/www.anne-frank-gymnasium.de\/index.php?rest_route=\/wp\/v2\/pages"}],"about":[{"href":"https:\/\/www.anne-frank-gymnasium.de\/index.php?rest_route=\/wp\/v2\/types\/page"}],"author":[{"embeddable":true,"href":"https:\/\/www.anne-frank-gymnasium.de\/index.php?rest_route=\/wp\/v2\/users\/6"}],"replies":[{"embeddable":true,"href":"https:\/\/www.anne-frank-gymnasium.de\/index.php?rest_route=%2Fwp%2Fv2%2Fcomments&post=5219"}],"version-history":[{"count":22,"href":"https:\/\/www.anne-frank-gymnasium.de\/index.php?rest_route=\/wp\/v2\/pages\/5219\/revisions"}],"predecessor-version":[{"id":19180,"href":"https:\/\/www.anne-frank-gymnasium.de\/index.php?rest_route=\/wp\/v2\/pages\/5219\/revisions\/19180"}],"up":[{"embeddable":true,"href":"https:\/\/www.anne-frank-gymnasium.de\/index.php?rest_route=\/wp\/v2\/pages\/5212"}],"wp:attachment":[{"href":"https:\/\/www.anne-frank-gymnasium.de\/index.php?rest_route=%2Fwp%2Fv2%2Fmedia&parent=5219"}],"curies":[{"name":"wp","href":"https:\/\/api.w.org\/{rel}","templated":true}]}}