{"id":4845,"date":"2016-11-29T10:04:33","date_gmt":"2016-11-29T09:04:33","guid":{"rendered":"http:\/\/www.anne-frank-gymnasium.de\/?page_id=4845"},"modified":"2025-10-10T10:18:51","modified_gmt":"2025-10-10T08:18:51","slug":"schuelerlotsen","status":"publish","type":"page","link":"https:\/\/www.anne-frank-gymnasium.de\/?page_id=4845","title":{"rendered":"Sch\u00fclerlotsen in Laurensberg"},"content":{"rendered":"<p>Seit vielen Jahren stellt das AFG an drei Kreuzungen in Laurensberg an Schultagen morgens Sch\u00fclerinnen und Sch\u00fcler als Sch\u00fclerlotsen f\u00fcr den sicheren \u00dcbergang kleinerer Kinder. Das sind die Kreuzungen Laurentiusstr.\/Vetschauer Str. (Kirche) Laurentiusstr.\/Karl-Friedrich-Str. und Pannhauser Str.\/Rathausstr. Die Aktion ist eine wahre Win-Win-Situation, denn auch unsere Sch\u00fclerinnen und Sch\u00fcler profitieren davon, indem sie lernen Verantwortung zu \u00fcbernehmen und eine kleine Entsch\u00e4digung erhalten.<\/p>\n<p>&#8222;Wir begr\u00fc\u00dfen das Engagement sehr, denn dadurch wird die Verkehrssicherheit auf den Stra\u00dfen in Laurensberg deutlich erh\u00f6ht.&#8220;, sagt die Mittelstufenkoordinatorin Frau R\u00f6sner-Jumpertz \u2013 Das Anne-Frank-Gymnasium ist eine von zwei Aachener Schulen, in der Sch\u00fclerinnen und Sch\u00fcler den Dienst als Verkehrshelfer \u00fcbernehmen. \u2013 &#8222;Das mag zum einen daran liegen, dass das AFG eine typische Stadtteil-Schule ist, deren Schulgemeinschaft Verantwortung f\u00fcr den eigenen Stadtteil \u00fcbernimmt. Zum anderen liegt es aber auch daran, dass sich die AFG-Sch\u00fclerinnen und \u00a0Sch\u00fcler ihrer Namensgeberin, Anne Frank, verpflichtet f\u00fchlen und deshalb mehr als in anderen Schulen soziale Verantwortung \u00fcbernehmen.&#8220;<\/p>\n<p><strong>Wie wird man eigentlich Sch\u00fclerlotse am AFG?<\/strong><\/p>\n<p>In den ersten Wochen nach Schuljahresbeginn findet eine Anwerbung der neuen Sch\u00fclerlotsen durch Frau R\u00f6sner-Jumpertz statt. W\u00e4hrend mehrerer Treffen werden die Sch\u00fclerinnen und Sch\u00fcler \u00fcber ihren Dienst informiert. Schlie\u00dflich findet ein Sicherheitstraining mit dem Verkehrspolizisten, Herrn Dorschu, statt. Hierbei werden die neuen Lotsen in Sachen Verkehrsvorschriften, Gefahrenpunkten und richtiger Lotsentechnik ausgebildet. Anschlie\u00dfend erfolgte eine praktische Einweisung in den morgendlichen Lotsendienst unter der Aufsicht der erfahrenen Lotsen. Gut ausgebildet und gut ausgestattet mit Winkerkelle und Schutzweste erf\u00fcllen die neuen und die alten Lotsen im Zweierteam ihren Dienst entsprechend einem Dienstplan.<\/p>\n<p><strong>Was ist mit Dir?<\/strong><\/p>\n<p>Falls Du auch Lust hast Sch\u00fclerlotse zu werden und Sch\u00fclerin\/Sch\u00fcler der Jahrgangsstufen 7 bis 9 bist, dann kannst Du Dich bei Frau R\u00f6sner-Jumpertz melden.<\/p>\n<p>Foto: Ein \u00e4lterer Jahrgang nach der Ausbildung<\/p>\n<p><img loading=\"lazy\" decoding=\"async\" class=\"aligncenter wp-image-19108 size-large\" src=\"https:\/\/www.anne-frank-gymnasium.de\/wp-content\/uploads\/2025\/10\/Schuelerlotsen-2018-2019-alle-1024x575.jpg\" alt=\"\" width=\"870\" height=\"489\" srcset=\"https:\/\/www.anne-frank-gymnasium.de\/wp-content\/uploads\/2025\/10\/Schuelerlotsen-2018-2019-alle-1024x575.jpg 1024w, https:\/\/www.anne-frank-gymnasium.de\/wp-content\/uploads\/2025\/10\/Schuelerlotsen-2018-2019-alle-300x168.jpg 300w, https:\/\/www.anne-frank-gymnasium.de\/wp-content\/uploads\/2025\/10\/Schuelerlotsen-2018-2019-alle-768x431.jpg 768w, https:\/\/www.anne-frank-gymnasium.de\/wp-content\/uploads\/2025\/10\/Schuelerlotsen-2018-2019-alle-1536x862.jpg 1536w, https:\/\/www.anne-frank-gymnasium.de\/wp-content\/uploads\/2025\/10\/Schuelerlotsen-2018-2019-alle-2048x1150.jpg 2048w, https:\/\/www.anne-frank-gymnasium.de\/wp-content\/uploads\/2025\/10\/Schuelerlotsen-2018-2019-alle-870x488.jpg 870w\" sizes=\"auto, (max-width: 870px) 100vw, 870px\" \/><\/p>\n<p>&nbsp;<\/p>\n","protected":false},"excerpt":{"rendered":"<p>Seit vielen Jahren stellt das AFG an drei Kreuzungen in Laurensberg an Schultagen morgens Sch\u00fclerinnen und Sch\u00fcler als Sch\u00fclerlotsen f\u00fcr den sicheren \u00dcbergang kleinerer Kinder. Das sind die Kreuzungen Laurentiusstr.\/Vetschauer Str. (Kirche) Laurentiusstr.\/Karl-Friedrich-Str. und Pannhauser Str.\/Rathausstr. Die Aktion ist eine wahre Win-Win-Situation, denn auch unsere Sch\u00fclerinnen und Sch\u00fcler profitieren davon, indem sie lernen Verantwortung zu &hellip; <\/p>\n<p><a class=\"more-link btn\" href=\"https:\/\/www.anne-frank-gymnasium.de\/?page_id=4845\">Weiterlesen<\/a><\/p>\n","protected":false},"author":6,"featured_media":0,"parent":9301,"menu_order":6,"comment_status":"closed","ping_status":"closed","template":"","meta":{"footnotes":""},"class_list":["post-4845","page","type-page","status-publish","hentry","nodate","item-wrap"],"_links":{"self":[{"href":"https:\/\/www.anne-frank-gymnasium.de\/index.php?rest_route=\/wp\/v2\/pages\/4845","targetHints":{"allow":["GET"]}}],"collection":[{"href":"https:\/\/www.anne-frank-gymnasium.de\/index.php?rest_route=\/wp\/v2\/pages"}],"about":[{"href":"https:\/\/www.anne-frank-gymnasium.de\/index.php?rest_route=\/wp\/v2\/types\/page"}],"author":[{"embeddable":true,"href":"https:\/\/www.anne-frank-gymnasium.de\/index.php?rest_route=\/wp\/v2\/users\/6"}],"replies":[{"embeddable":true,"href":"https:\/\/www.anne-frank-gymnasium.de\/index.php?rest_route=%2Fwp%2Fv2%2Fcomments&post=4845"}],"version-history":[{"count":24,"href":"https:\/\/www.anne-frank-gymnasium.de\/index.php?rest_route=\/wp\/v2\/pages\/4845\/revisions"}],"predecessor-version":[{"id":19109,"href":"https:\/\/www.anne-frank-gymnasium.de\/index.php?rest_route=\/wp\/v2\/pages\/4845\/revisions\/19109"}],"up":[{"embeddable":true,"href":"https:\/\/www.anne-frank-gymnasium.de\/index.php?rest_route=\/wp\/v2\/pages\/9301"}],"wp:attachment":[{"href":"https:\/\/www.anne-frank-gymnasium.de\/index.php?rest_route=%2Fwp%2Fv2%2Fmedia&parent=4845"}],"curies":[{"name":"wp","href":"https:\/\/api.w.org\/{rel}","templated":true}]}}