{"id":4578,"date":"2016-10-25T10:37:28","date_gmt":"2016-10-25T08:37:28","guid":{"rendered":"http:\/\/www.anne-frank-gymnasium.de\/?page_id=4578"},"modified":"2021-05-08T12:24:01","modified_gmt":"2021-05-08T10:24:01","slug":"auf-kurs-mit-der-aok-rheinlandhamburg","status":"publish","type":"page","link":"https:\/\/www.anne-frank-gymnasium.de\/?page_id=4578","title":{"rendered":"KURS"},"content":{"rendered":"<h2 align=\"JUSTIFY\"><span style=\"font-size: 18pt;\">Starke Kooperationspartner im Rahmen der Initiative KURS<\/span><\/h2>\n<p>&nbsp;<\/p>\n<p align=\"JUSTIFY\"><a href=\"https:\/\/www.kurs-koeln.de\/\"><img loading=\"lazy\" decoding=\"async\" class=\"wp-image-12884 alignleft\" src=\"https:\/\/www.anne-frank-gymnasium.de\/wp-content\/uploads\/2021\/05\/kurs_logo_rgb_ohne_-claim-300x173.jpg\" alt=\"\" width=\"304\" height=\"175\" srcset=\"https:\/\/www.anne-frank-gymnasium.de\/wp-content\/uploads\/2021\/05\/kurs_logo_rgb_ohne_-claim-300x173.jpg 300w, https:\/\/www.anne-frank-gymnasium.de\/wp-content\/uploads\/2021\/05\/kurs_logo_rgb_ohne_-claim-768x444.jpg 768w, https:\/\/www.anne-frank-gymnasium.de\/wp-content\/uploads\/2021\/05\/kurs_logo_rgb_ohne_-claim-870x503.jpg 870w, https:\/\/www.anne-frank-gymnasium.de\/wp-content\/uploads\/2021\/05\/kurs_logo_rgb_ohne_-claim.jpg 917w\" sizes=\"auto, (max-width: 304px) 100vw, 304px\" \/><\/a>KURS steht f\u00fcr \u201eKooperationsnetz Unternehmen der Region und Schulen\u201c und ist eine Gemeinschaftsinitiative der Bezirksregierung K\u00f6ln sowie der Industrie- und Handelskammern zu Aachen, Bonn\/Rhein-Sieg und K\u00f6ln. Die Initiative KURS unterst\u00fctzt Schulen dabei, Wirtschaft am konkreten Beispiel eines Partnerunternehmens f\u00fcr Sch\u00fclerinnen und Sch\u00fcler anschaulich und greifbar zu machen. Gleichzeitig ist KURS ein Programm zur St\u00e4rkung der Wirtschaft vor Ort. Unternehmen pr\u00e4sentieren sich als \u201egute Nachbarn\u201c und bieten Jugendlichen dabei Einsichten in verschiedene Berufsfelder.<\/p>\n<p align=\"JUSTIFY\"><strong>&gt;&gt; mehr \u00fcber die Initiative Kurs: <\/strong><a href=\"http:\/\/www.kurs-koeln.de\" target=\"_blank\" rel=\"noopener\"><strong>www.kurs-koeln.de<\/strong><\/a><\/p>\n<p align=\"JUSTIFY\"><span style=\"color: #ffffff;\">Leerzeile<\/span><\/p>\n<p align=\"JUSTIFY\"><span style=\"font-size: 14pt;\"><strong>Spannende Sportaktivit\u00e4ten mit der AOK und dem Laurensberger Basketballverein BG Aachen<\/strong><\/span><\/p>\n<p align=\"JUSTIFY\">Seit dem Jahr 2008 besteht zwischen dem Anne-Frank-Gymnasium und der Kranken- und Pflegekasse AOK Rheinland\/Hamburg eine KURS-Lernpartnerschaft.<\/p>\n<p align=\"JUSTIFY\">In der Vergangenheit wurden bereits zahlrei<a href=\"https:\/\/www.aok.de\/pk\/rh\/\" rel=\"https:\/\/www.aok.de\/pk\/rh\/\"><img loading=\"lazy\" decoding=\"async\" class=\"wp-image-12886 alignleft\" src=\"https:\/\/www.anne-frank-gymnasium.de\/wp-content\/uploads\/2021\/05\/AOK-Logo-1-300x165.jpg\" alt=\"\" width=\"331\" height=\"182\" srcset=\"https:\/\/www.anne-frank-gymnasium.de\/wp-content\/uploads\/2021\/05\/AOK-Logo-1-300x165.jpg 300w, https:\/\/www.anne-frank-gymnasium.de\/wp-content\/uploads\/2021\/05\/AOK-Logo-1.jpg 613w\" sizes=\"auto, (max-width: 331px) 100vw, 331px\" \/><\/a>che Kooperationsma\u00dfnahmen durchgef\u00fchrt, so unterst\u00fctzte die AOK Rheinland\/Hamburg unsere Schule etwa beim regelm\u00e4\u00dfig stattfindenden \u201eAbend der Naturwissenschaften\u201c oder unsere Sch\u00fclerinnen und Sch\u00fcler nahmen an gesundheitsf\u00f6rdernden Ma\u00dfnahmen wie dem bundesweiten Wettbewerb \u201eBe smart \u2013 don&#8217;t start\u201c f\u00fcr rauchfreie Schulklassen teil.<\/p>\n<p align=\"JUSTIFY\">Gesundheitsbewusstsein und Bewegungsf\u00f6rderung stehen auch bei der AOK-Initiative \u201eFit durch die Schule\u201c im Vordergrund, an der das AFG und unser Kooperationspartner, der Basketballverein BG Aachen Gr\u00fcn-Wei\u00df Vaalserquartier e.V., teilnehmen. Kostenlose AGs und weitere, durch die BG Aachen betreute schulische Veranstaltungen bringen unseren Sch\u00fclerinnen und Sch\u00fclern diese Sportart n\u00e4her und begeistern f\u00fcr spielerische Bewegung, K\u00f6rperbewusstsein und Teamgedanken.<\/p>\n<p align=\"JUSTIFY\">Auch im Rahmen der Studien- und Berufsorient<a href=\"https:\/\/www.bg-aachen.de\/\" rel=\"https:\/\/www.bg-aachen.de\/\"><img loading=\"lazy\" decoding=\"async\" class=\"alignright wp-image-12887\" src=\"https:\/\/www.anne-frank-gymnasium.de\/wp-content\/uploads\/2021\/05\/BG-Logo.png\" alt=\"\" width=\"231\" height=\"218\" \/><\/a>ierung profitiert das AFG von unserer KURS-Partnerschaft: Seit dem Jahr 2017 wird f\u00fcr die Oberstufensch\u00fclerinnen und -sch\u00fcler unserer EF (Einf\u00fchrungsphase) j\u00e4hrlich ein Assessmentcenter in den R\u00e4umlichkeiten der AOK Rheinland\/Hamburg angeboten.<\/p>\n<p align=\"JUSTIFY\"><strong>&gt;&gt; mehr \u00fcber die AOK Rheinland\/Hamburg: <a href=\"https:\/\/rh.aok.de\/\" target=\"_blank\" rel=\"noopener\">www.rh.aok.de<\/a><\/strong><\/p>\n<p align=\"JUSTIFY\"><strong>&gt;&gt; mehr \u00fcber den Basketballverein BG Aachen: <\/strong><a href=\"http:\/\/www.bg-aachen.de\/\" target=\"_blank\" rel=\"noopener\"><strong>www.bg-aachen.de<\/strong><\/a><\/p>\n<p align=\"JUSTIFY\"><span style=\"color: #ffffff;\">Leerzeile<\/span><\/p>\n<p align=\"JUSTIFY\"><span style=\"font-size: 14pt;\"><strong>IT-Know-how aus erster Hand<\/strong><\/span><\/p>\n<p align=\"JUSTIFY\">Seit dem Jahr 2021 kooperiert das AFG im Rahmen einer zweiten KURS-Lernpartnerschaft mit dem in Aachen\/Oberforstbach ans\u00e4ssigen IT-Unternehmen INFORM.<\/p>\n<p align=\"JUSTIFY\"><a href=\"https:\/\/www.inform-software.de\/\" rel=\"https:\/\/www.inform-software.de\/\"><img loading=\"lazy\" decoding=\"async\" class=\"alignnone wp-image-12883\" src=\"https:\/\/www.anne-frank-gymnasium.de\/wp-content\/uploads\/2021\/05\/INFORM_RGB-HZweiss-300x107.png\" alt=\"\" width=\"454\" height=\"162\" srcset=\"https:\/\/www.anne-frank-gymnasium.de\/wp-content\/uploads\/2021\/05\/INFORM_RGB-HZweiss-300x107.png 300w, https:\/\/www.anne-frank-gymnasium.de\/wp-content\/uploads\/2021\/05\/INFORM_RGB-HZweiss-1024x366.png 1024w, https:\/\/www.anne-frank-gymnasium.de\/wp-content\/uploads\/2021\/05\/INFORM_RGB-HZweiss-768x274.png 768w, https:\/\/www.anne-frank-gymnasium.de\/wp-content\/uploads\/2021\/05\/INFORM_RGB-HZweiss-1536x549.png 1536w, https:\/\/www.anne-frank-gymnasium.de\/wp-content\/uploads\/2021\/05\/INFORM_RGB-HZweiss-870x311.png 870w, https:\/\/www.anne-frank-gymnasium.de\/wp-content\/uploads\/2021\/05\/INFORM_RGB-HZweiss.png 1680w\" sizes=\"auto, (max-width: 454px) 100vw, 454px\" \/><\/a><\/p>\n<p align=\"JUSTIFY\">Mitten in der Corona-Krise wurde die KURS-Lernpartnerschaft ins Leben gerufen und &#8211; passend zur Situation und zum Unternehmensprofil &#8211; mit digitalen Kooperationsbausteinen er\u00f6ffnet.<\/p>\n<p align=\"JUSTIFY\">Unsere Sch\u00fclerinnen und Sch\u00fcler profitieren vor allem im Fach Informatik von der Unterst\u00fctzung der INFORM-Expert*innen, insbesondere in den Bereichen Softwareentwicklung, Anwendungsentwicklung und Systemintegration.<\/p>\n<p align=\"JUSTIFY\">Auch Aktivit\u00e4ten im Zuge der Studien- und Berufswahlorientierung erm\u00f6glichen Einblicke in (duale) Ausbildungsg\u00e4nge, Studierm\u00f6glichkeiten und Berufsfelder mit dem Schwerpunkt auf Software-L\u00f6sungen f\u00fcr die Bereiche Logistik, Supply-Chain, Produktion, Workforce, Aviation, Automotive und Betrugspr\u00e4vention. Neben Berufsfelderkundungen und klassischen Betriebspraktika gew\u00e4hren regelm\u00e4\u00dfig Mitarbeiter*innen und Azubis Einblicke in ihr Arbeitsfeld und teilen dabei ihre Erfahrungen.<\/p>\n<p align=\"JUSTIFY\"><strong>&gt;&gt; mehr \u00fcber das Unternehmen INFORM: <\/strong><a href=\"https:\/\/www.inform-software.de\/\"><strong>https:\/\/www.inform-software.de\/<\/strong><\/a><\/p>\n","protected":false},"excerpt":{"rendered":"<p>Starke Kooperationspartner im Rahmen der Initiative KURS <\/p>\n<p>&nbsp;<\/p>\n<p align=\"JUSTIFY\"><a href=\"https:\/\/www.kurs-koeln.de\/\"><\/a>KURS steht f\u00fcr \u201eKooperationsnetz Unternehmen der Region und Schulen\u201c und ist eine Gemeinschaftsinitiative der Bezirksregierung K\u00f6ln sowie der Industrie- und Handelskammern zu Aachen, Bonn\/Rhein-Sieg und K\u00f6ln. Die Initiative KURS unterst\u00fctzt Schulen dabei, Wirtschaft am konkreten Beispiel eines Partnerunternehmens f\u00fcr Sch\u00fclerinnen und Sch\u00fcler anschaulich und greifbar &hellip; <\/p>\n<p><a class=\"more-link btn\" href=\"https:\/\/www.anne-frank-gymnasium.de\/?page_id=4578\">Weiterlesen<\/a><\/p>\n","protected":false},"author":6,"featured_media":0,"parent":2998,"menu_order":4,"comment_status":"closed","ping_status":"closed","template":"","meta":{"footnotes":""},"class_list":["post-4578","page","type-page","status-publish","hentry","nodate","item-wrap"],"_links":{"self":[{"href":"https:\/\/www.anne-frank-gymnasium.de\/index.php?rest_route=\/wp\/v2\/pages\/4578","targetHints":{"allow":["GET"]}}],"collection":[{"href":"https:\/\/www.anne-frank-gymnasium.de\/index.php?rest_route=\/wp\/v2\/pages"}],"about":[{"href":"https:\/\/www.anne-frank-gymnasium.de\/index.php?rest_route=\/wp\/v2\/types\/page"}],"author":[{"embeddable":true,"href":"https:\/\/www.anne-frank-gymnasium.de\/index.php?rest_route=\/wp\/v2\/users\/6"}],"replies":[{"embeddable":true,"href":"https:\/\/www.anne-frank-gymnasium.de\/index.php?rest_route=%2Fwp%2Fv2%2Fcomments&post=4578"}],"version-history":[{"count":9,"href":"https:\/\/www.anne-frank-gymnasium.de\/index.php?rest_route=\/wp\/v2\/pages\/4578\/revisions"}],"predecessor-version":[{"id":12889,"href":"https:\/\/www.anne-frank-gymnasium.de\/index.php?rest_route=\/wp\/v2\/pages\/4578\/revisions\/12889"}],"up":[{"embeddable":true,"href":"https:\/\/www.anne-frank-gymnasium.de\/index.php?rest_route=\/wp\/v2\/pages\/2998"}],"wp:attachment":[{"href":"https:\/\/www.anne-frank-gymnasium.de\/index.php?rest_route=%2Fwp%2Fv2%2Fmedia&parent=4578"}],"curies":[{"name":"wp","href":"https:\/\/api.w.org\/{rel}","templated":true}]}}