{"id":3333,"date":"2015-05-18T15:20:42","date_gmt":"2015-05-18T13:20:42","guid":{"rendered":"http:\/\/www.anne-frank-gymnasium.de\/?page_id=3333"},"modified":"2024-12-05T12:20:16","modified_gmt":"2024-12-05T11:20:16","slug":"mietglied-werden","status":"publish","type":"page","link":"https:\/\/www.anne-frank-gymnasium.de\/?page_id=3333","title":{"rendered":"Kann ich mitmachen?"},"content":{"rendered":"<p>Klar, wir freuen uns \u00fcber jedes neue Mitglied! Mit jeder Anmeldung erh\u00f6ht sich unser Spielraum, konstruktiv und f\u00f6rdernd zum Schulleben am AFG beizutragen. Einfach die nebenstehende Beitrittserkl\u00e4rung ausf\u00fcllen und eingescannt an Foerderverein(at)<a href=\"http:\/\/afgmail.de\" target=\"_blank\" rel=\"noopener noreferrer\" data-saferedirecturl=\"https:\/\/www.google.com\/url?q=http:\/\/afgmail.de&amp;source=gmail&amp;ust=1537697832322000&amp;usg=AFQjCNGeH69pR_cKURp3qq5HSzqdhYNy-A\">afgmail.de<\/a> schicken oder noch einfacher in der Schule im Sekretariat abgeben. Auch im Vorstand des F\u00f6rdervereins gibt es viel zu tun und wir freuen uns immer \u00fcber Eltern, die reinschnuppern und mitmachen m\u00f6chten!<\/p>\n<p><a href=\"https:\/\/www.anne-frank-gymnasium.de\/wp-content\/uploads\/2024\/12\/Beitrittserklaerung-2018.pdf\">Beitrittserkl\u00e4rung:<\/a><\/p>\n<a href=\"https:\/\/www.anne-frank-gymnasium.de\/wp-content\/uploads\/2024\/12\/Beitrittserklaerung-2018.pdf\" class=\"pdfemb-viewer\" style=\"height:600px;\" data-width=\"max\" data-height=\"600\" data-toolbar=\"bottom\" data-toolbar-fixed=\"off\">Beitrittserkla\u0308rung 2018<\/a>\n<p>&nbsp;<\/p>\n<p><a href=\"https:\/\/www.anne-frank-gymnasium.de\/wp-content\/uploads\/2015\/05\/Satzung-F\u00f6rderverein-AFG-2015.pdf\">Satzung:<\/a><\/p>\n<a href=\"https:\/\/www.anne-frank-gymnasium.de\/wp-content\/uploads\/2015\/05\/Satzung-F\u00f6rderverein-AFG-2015.pdf\" class=\"pdfemb-viewer\" style=\"height:600px;\" data-width=\"max\" data-height=\"600\" data-toolbar=\"bottom\" data-toolbar-fixed=\"off\">Satzung-F\u00f6rderverein-AFG-2015<\/a>\n","protected":false},"excerpt":{"rendered":"<p>Klar, wir freuen uns \u00fcber jedes neue Mitglied! Mit jeder Anmeldung erh\u00f6ht sich unser Spielraum, konstruktiv und f\u00f6rdernd zum Schulleben am AFG beizutragen. Einfach die nebenstehende Beitrittserkl\u00e4rung ausf\u00fcllen und eingescannt an Foerderverein(at)<a href=\"http:\/\/afgmail.de\" target=\"_blank\" rel=\"noopener noreferrer\" data-saferedirecturl=\"https:\/\/www.google.com\/url?q=http:\/\/afgmail.de&amp;source=gmail&amp;ust=1537697832322000&amp;usg=AFQjCNGeH69pR_cKURp3qq5HSzqdhYNy-A\">afgmail.de<\/a> schicken oder noch einfacher in der Schule im Sekretariat abgeben. Auch im Vorstand des F\u00f6rdervereins gibt es viel &hellip; <\/p>\n<p><a class=\"more-link btn\" href=\"https:\/\/www.anne-frank-gymnasium.de\/?page_id=3333\">Weiterlesen<\/a><\/p>\n","protected":false},"author":6,"featured_media":0,"parent":3319,"menu_order":3,"comment_status":"closed","ping_status":"closed","template":"","meta":{"footnotes":""},"class_list":["post-3333","page","type-page","status-publish","hentry","nodate","item-wrap"],"_links":{"self":[{"href":"https:\/\/www.anne-frank-gymnasium.de\/index.php?rest_route=\/wp\/v2\/pages\/3333","targetHints":{"allow":["GET"]}}],"collection":[{"href":"https:\/\/www.anne-frank-gymnasium.de\/index.php?rest_route=\/wp\/v2\/pages"}],"about":[{"href":"https:\/\/www.anne-frank-gymnasium.de\/index.php?rest_route=\/wp\/v2\/types\/page"}],"author":[{"embeddable":true,"href":"https:\/\/www.anne-frank-gymnasium.de\/index.php?rest_route=\/wp\/v2\/users\/6"}],"replies":[{"embeddable":true,"href":"https:\/\/www.anne-frank-gymnasium.de\/index.php?rest_route=%2Fwp%2Fv2%2Fcomments&post=3333"}],"version-history":[{"count":29,"href":"https:\/\/www.anne-frank-gymnasium.de\/index.php?rest_route=\/wp\/v2\/pages\/3333\/revisions"}],"predecessor-version":[{"id":18163,"href":"https:\/\/www.anne-frank-gymnasium.de\/index.php?rest_route=\/wp\/v2\/pages\/3333\/revisions\/18163"}],"up":[{"embeddable":true,"href":"https:\/\/www.anne-frank-gymnasium.de\/index.php?rest_route=\/wp\/v2\/pages\/3319"}],"wp:attachment":[{"href":"https:\/\/www.anne-frank-gymnasium.de\/index.php?rest_route=%2Fwp%2Fv2%2Fmedia&parent=3333"}],"curies":[{"name":"wp","href":"https:\/\/api.w.org\/{rel}","templated":true}]}}