{"id":3328,"date":"2015-05-18T14:56:07","date_gmt":"2015-05-18T12:56:07","guid":{"rendered":"http:\/\/www.anne-frank-gymnasium.de\/?page_id=3328"},"modified":"2023-11-27T16:56:02","modified_gmt":"2023-11-27T15:56:02","slug":"projekte","status":"publish","type":"page","link":"https:\/\/www.anne-frank-gymnasium.de\/?page_id=3328","title":{"rendered":"Was machen wir?"},"content":{"rendered":"<p>Wir sind zur Stelle, wann immer wir gebraucht werden. Egal, ob es sich um einen Zuschuss f\u00fcr die Freiarbeitsmaterialien, die Sch\u00fclerzeitung, f\u00fcr den Sport oder die Musik handelt. Der Verein setzt sich f\u00fcr die Naturwissenschaften, Sprachen und Kunst genauso ein wie f\u00fcr die Theaterarbeit. Hier ein paar Beispiele f\u00fcr Projekte, die wir in den letzten Jahren gef\u00f6rdert haben:<\/p>\n<ul>\n<li>F\u00f6rdermittelbeschaffung und Mitwirkung bei der Umsetzung von Projekten wie beim Pausenhof, Flurgestaltung, Oberstufenterrasse, Klassen- und Fachr\u00e4ume<\/li>\n<li>Beschaffung und Erg\u00e4nzung von Lehrmitteln und Schulausstattung: Audiomedien f\u00fcr den Sprachunterricht, Computerraum, Ausstattung der Sch\u00fclerbibliothek, Ausstattung der einzelnen Fachbereiche<\/li>\n<li>Mitfinanzierung der Austauschprogramme mit Gro\u00dfbritannien, Spanien, Niederlande, Frankreich, China und Russland<\/li>\n<li>Unterst\u00fctzung der Musikausbildung durch die Bereitstellung der Instrumente<\/li>\n<\/ul>\n<p>&nbsp;<\/p>\n","protected":false},"excerpt":{"rendered":"<p>Wir sind zur Stelle, wann immer wir gebraucht werden. Egal, ob es sich um einen Zuschuss f\u00fcr die Freiarbeitsmaterialien, die Sch\u00fclerzeitung, f\u00fcr den Sport oder die Musik handelt. Der Verein setzt sich f\u00fcr die Naturwissenschaften, Sprachen und Kunst genauso ein wie f\u00fcr die Theaterarbeit. Hier ein paar Beispiele f\u00fcr Projekte, die wir in den letzten &hellip; <\/p>\n<p><a class=\"more-link btn\" href=\"https:\/\/www.anne-frank-gymnasium.de\/?page_id=3328\">Weiterlesen<\/a><\/p>\n","protected":false},"author":6,"featured_media":16818,"parent":3319,"menu_order":2,"comment_status":"closed","ping_status":"closed","template":"","meta":{"footnotes":""},"class_list":["post-3328","page","type-page","status-publish","has-post-thumbnail","hentry","nodate","item-wrap"],"_links":{"self":[{"href":"https:\/\/www.anne-frank-gymnasium.de\/index.php?rest_route=\/wp\/v2\/pages\/3328","targetHints":{"allow":["GET"]}}],"collection":[{"href":"https:\/\/www.anne-frank-gymnasium.de\/index.php?rest_route=\/wp\/v2\/pages"}],"about":[{"href":"https:\/\/www.anne-frank-gymnasium.de\/index.php?rest_route=\/wp\/v2\/types\/page"}],"author":[{"embeddable":true,"href":"https:\/\/www.anne-frank-gymnasium.de\/index.php?rest_route=\/wp\/v2\/users\/6"}],"replies":[{"embeddable":true,"href":"https:\/\/www.anne-frank-gymnasium.de\/index.php?rest_route=%2Fwp%2Fv2%2Fcomments&post=3328"}],"version-history":[{"count":8,"href":"https:\/\/www.anne-frank-gymnasium.de\/index.php?rest_route=\/wp\/v2\/pages\/3328\/revisions"}],"predecessor-version":[{"id":15863,"href":"https:\/\/www.anne-frank-gymnasium.de\/index.php?rest_route=\/wp\/v2\/pages\/3328\/revisions\/15863"}],"up":[{"embeddable":true,"href":"https:\/\/www.anne-frank-gymnasium.de\/index.php?rest_route=\/wp\/v2\/pages\/3319"}],"wp:featuredmedia":[{"embeddable":true,"href":"https:\/\/www.anne-frank-gymnasium.de\/index.php?rest_route=\/wp\/v2\/media\/16818"}],"wp:attachment":[{"href":"https:\/\/www.anne-frank-gymnasium.de\/index.php?rest_route=%2Fwp%2Fv2%2Fmedia&parent=3328"}],"curies":[{"name":"wp","href":"https:\/\/api.w.org\/{rel}","templated":true}]}}