{"id":2027,"date":"2014-05-07T09:36:13","date_gmt":"2014-05-07T07:36:13","guid":{"rendered":"http:\/\/www.anne-frank-gymnasium.de\/?page_id=2027"},"modified":"2025-02-21T23:38:36","modified_gmt":"2025-02-21T22:38:36","slug":"vertretungsplan-2","status":"publish","type":"page","link":"https:\/\/www.anne-frank-gymnasium.de\/?page_id=2027","title":{"rendered":"Vertretungsplan"},"content":{"rendered":"<h4><span style=\"font-size: 12pt;\"><strong>Ausfallstunden unbedingt am entsprechenden Tag morgens noch einmal \u00fcberpr\u00fcfen!<\/strong><\/span><\/h4>\n<h4><span style=\"font-size: 12pt;\">Au\u00dferdem <strong>Sondereins\u00e4tze <\/strong> und im Differenzierungsbereich <strong>R\u00e4ume<\/strong> beachten.<\/span><\/h4>\n<p>&nbsp;<\/p>\n<p><span style=\"font-size: 12pt;\">Erl\u00e4uterungen zu den Bezeichnungen mit Vertretungsplan:<\/span><\/p>\n<p><span style=\"font-size: 12pt;\">&#8211; Die Bedeutung der K\u00fcrzel f\u00fcr das <em>&#8222;Fach&#8220;<\/em> finden Sie <a href=\"https:\/\/www.anne-frank-gymnasium.de\/?page_id=16274\">hier<\/a>.<\/span><br \/>\n<span style=\"font-size: 12pt;\">&#8211; Im Falle einer <em>&#8222;Vertretung&#8220;<\/em> wird die Klasse durch eine andere Lehrkraft unterrichtet.<br \/>\n&#8211; <\/span><span style=\"font-size: 12pt;\">Sch\u00fcler der Oberstufe lernen bei Abwesenheit der Lehrkraft in der Regel im <em>&#8222;Selbststudium&#8220;<\/em>, d.h. mit zur Verf\u00fcgung gestelltem Material, jedoch ohne anwesende Lehrkraft.<br \/>\n&#8211; Bei einer <em>&#8222;Raum-Vtr.&#8220;<\/em> Findet der Unterricht nicht im \u00fcblichen Raum statt, sondern im angegebenen <em>&#8222;Raum&#8220;<\/em>.<br \/>\n&#8211; Die Abk\u00fcrzung <em>&#8222;Veranst.&#8220;<\/em> weist auf eine besondere Veranstaltung f\u00fcr eine oder mehrere Klassen hin.<br \/>\n&#8211; Weitere Informationen findet man unter <em>&#8222;Text&#8220;.<\/em><br \/>\n<\/span><\/p>\n<html>\r\n<head>\r\n<title>Untis 2026 Vertretungsplan<\/title>\r\n<style type=\"text\/css\">\r\n\r\nbody { margin-top: 0px; margin-left: 20px; margin-right: 20px;\r\nbackground: #fff; color: #272727; font: 80% Arial, Helvetica, sans-serif; }\r\n\r\nh1 { color: #ee7f00; font-size: 150%; font-weight: normal;}\r\nh1 strong { font-size: 200%; font-weight: normal; }\r\nh2 { font-size: 125%;}\r\n\r\nh1, h2 { margin: 0; padding: 0;}\r\n\r\n\r\nth { background: #000; color: #fff; }\r\ntable.mon_list th, td { padding: 8px 4px;}\r\n\r\n\r\n.mon_title \r\n{ \r\n\tfont-weight: bold; \r\n\tfont-size: 120%; \r\n\tclear: both; \r\n\tmargin: 0; \r\n}\r\n\r\n.inline_header\r\n{\r\n\tfont-weight: bold; \r\n}\r\n\r\ntable.info\r\n{\r\n\tcolor: #000000; \r\n\tfont-size: 100%;\r\n\tborder: 1px;\r\n\tborder-style:solid;\r\n\tborder-collapse:collapse;\r\n\tpadding: 8px 4px;\r\n}\r\n\r\ntable.mon_list\r\n{\r\n\tcolor: #000000; \r\n\twidth: 100%; \r\n\tfont-size: 100%;\r\n\tborder: 1px;\r\n\tborder-style:solid;\r\n\tborder-collapse:collapse;\r\n}\r\n\r\ntable.mon_head\r\n{\r\n\tcolor: #000000; \r\n\twidth: 100%; \r\n\tfont-size: 100%;\r\n}\r\n\r\ntd.info,\r\nth.list,\r\ntd.list,\r\ntr.list\r\n{\r\n\tborder: 1px;\r\n\tborder-style: solid;\r\n\tborder-color: black;\r\n\tmargin: 0px;\r\n\tborder-collapse:collapse;\r\n\tpadding: 3px;\r\n}\r\n\r\ntr.odd { background: #fad3a6; }\r\ntr.even { background: #fdecd9; }\r\n\r\n<\/style>\r\n<meta name=\"generator\" content=\"Untis 2026\">\r\n<meta name=\"company\" content=\"Gruber &amp; Petters Software, A-2000 Stockerau, Austria, www.untis.at\">\r\n<\/head>\r\n\r\nStand: 27.03.2026 13:57<p>\r\n<body bgcolor=\"#F0F0F0\">\r\n<CENTER>\r\n<font size=\"3\" face=\"Arial\">\r\n<div class=\"mon_title\">27.3.2026 Freitag<\/div>\r\n<table class=\"mon_list\" >\r\n<tr class='list'><th class=\"list\" align=\"center\">Klasse(n)<\/th><th class=\"list\" align=\"center\">Stunde<\/th><th class=\"list\" align=\"center\">Fach<\/th><th class=\"list\" align=\"center\">Vertreter<\/th><th class=\"list\" align=\"center\">Raum<\/th><th class=\"list\" align=\"center\">(Fach)<\/th><th class=\"list\" align=\"center\">Art<\/th><th class=\"list\" align=\"center\" width='13'>Text<\/th><\/tr>\r\n<tr class='list odd'><td class=\"list\" align=\"center\">05c<\/td><td class=\"list\" align=\"center\">4<\/td><td class=\"list\" align=\"center\">IF<\/td><td class=\"list\" align=\"center\">Han<\/td><td class=\"list\" align=\"center\">A215<\/td><td class=\"list\" align=\"center\">IF<\/td><td class=\"list\" align=\"center\">Betreuung<\/td><td class=\"list\" align=\"center\">&nbsp;<\/td><\/tr>\r\n<tr class='list even'><td class=\"list\" align=\"center\">06b<\/td><td class=\"list\" align=\"center\">1<\/td><td class=\"list\" align=\"center\">E<\/td><td class=\"list\" align=\"center\">Wil<\/td><td class=\"list\" align=\"center\">A204<\/td><td class=\"list\" align=\"center\">E<\/td><td class=\"list\" align=\"center\">Betreuung<\/td><td class=\"list\" align=\"center\">&nbsp;<\/td><\/tr>\r\n<tr class='list odd'><td class=\"list\" align=\"center\">07b<\/td><td class=\"list\" align=\"center\">1<\/td><td class=\"list\" align=\"center\">MU<\/td><td class=\"list\" align=\"center\">Reu<\/td><td class=\"list\" align=\"center\">B003<\/td><td class=\"list\" align=\"center\">MU<\/td><td class=\"list\" align=\"center\">Vertretung<\/td><td class=\"list\" align=\"center\">&nbsp;<\/td><\/tr>\r\n<tr class='list even'><td class=\"list\" align=\"center\">07c<\/td><td class=\"list\" align=\"center\">4<\/td><td class=\"list\" align=\"center\">D<\/td><td class=\"list\" align=\"center\">Sk<\/td><td class=\"list\" align=\"center\">A236<\/td><td class=\"list\" align=\"center\">MU<\/td><td class=\"list\" align=\"center\">Betreuung<\/td><td class=\"list\" align=\"center\">&nbsp;<\/td><\/tr>\r\n<tr class='list odd'><td class=\"list\" align=\"center\">09a<\/td><td class=\"list\" align=\"center\">3<\/td><td class=\"list\" align=\"center\">EK<\/td><td class=\"list\" align=\"center\">Ker<\/td><td class=\"list\" align=\"center\">A202<\/td><td class=\"list\" align=\"center\">MU<\/td><td class=\"list\" align=\"center\">Verlegung<\/td><td class=\"list\" align=\"center\">&nbsp;<\/td><\/tr>\r\n<tr class='list even'><td class=\"list\" align=\"center\">09a<\/td><td class=\"list\" align=\"center\">4<\/td><td class=\"list\" align=\"center\">KU<\/td><td class=\"list\" align=\"center\">Rmn<\/td><td class=\"list\" align=\"center\">A050<\/td><td class=\"list\" align=\"center\">EK<\/td><td class=\"list\" align=\"center\">Vertretung<\/td><td class=\"list\" align=\"center\">&nbsp;<\/td><\/tr>\r\n<tr class='list odd'><td class=\"list\" align=\"center\"><span style=\"color: #010101\">EF<\/span><\/td><td class=\"list\" align=\"center\"><span style=\"color: #010101\">1<\/span><\/td><td class=\"list\" align=\"center\"><span style=\"color: #010101\">---<\/span><\/td><td class=\"list\" align=\"center\"><span style=\"color: #010101\">---<\/span><\/td><td class=\"list\" align=\"center\"><span style=\"color: #010101\">---<\/span><\/td><td class=\"list\" align=\"center\"><span style=\"color: #010101\">M-GK2<\/span><\/td><td class=\"list\" align=\"center\"><span style=\"color: #010101\">Selbststudium<\/span><\/td><td class=\"list\" align=\"center\">&nbsp;<\/td><\/tr>\r\n<tr class='list even'><td class=\"list\" align=\"center\"><span style=\"color: #010101\">EF<\/span><\/td><td class=\"list\" align=\"center\"><span style=\"color: #010101\">1<\/span><\/td><td class=\"list\" align=\"center\"><span style=\"color: #010101\">---<\/span><\/td><td class=\"list\" align=\"center\"><span style=\"color: #010101\">---<\/span><\/td><td class=\"list\" align=\"center\"><span style=\"color: #010101\">---<\/span><\/td><td class=\"list\" align=\"center\"><span style=\"color: #010101\">M-GK1<\/span><\/td><td class=\"list\" align=\"center\"><span style=\"color: #010101\">Selbststudium<\/span><\/td><td class=\"list\" align=\"center\">&nbsp;<\/td><\/tr>\r\n<tr class='list odd'><td class=\"list\" align=\"center\">EF<\/td><td class=\"list\" align=\"center\">1<\/td><td class=\"list\" align=\"center\">M-GK1<\/td><td class=\"list\" align=\"center\">Hon<\/td><td class=\"list\" align=\"center\">C111<\/td><td class=\"list\">&nbsp;<\/td><td class=\"list\" align=\"center\">Klausur<\/td><td class=\"list\" align=\"center\">Mathe<\/td><\/tr>\r\n<tr class='list even'><td class=\"list\">&nbsp;<\/td><td class=\"list\">&nbsp;<\/td><td class=\"list\">&nbsp;<\/td><td class=\"list\">&nbsp;<\/td><td class=\"list\">&nbsp;<\/td><td class=\"list\">&nbsp;<\/td><td class=\"list\">&nbsp;<\/td><td class=\"list\" align=\"center\">Klausur EF<\/td><\/tr>\r\n<tr class='list odd'><td class=\"list\">&nbsp;<\/td><td class=\"list\">&nbsp;<\/td><td class=\"list\">&nbsp;<\/td><td class=\"list\">&nbsp;<\/td><td class=\"list\">&nbsp;<\/td><td class=\"list\">&nbsp;<\/td><td class=\"list\">&nbsp;<\/td><td class=\"list\" align=\"center\">GK1<\/td><\/tr>\r\n<tr class='list even'><td class=\"list\" align=\"center\">EF<\/td><td class=\"list\" align=\"center\">1<\/td><td class=\"list\" align=\"center\">M-GK2<\/td><td class=\"list\" align=\"center\">Bod<\/td><td class=\"list\" align=\"center\">C113<\/td><td class=\"list\">&nbsp;<\/td><td class=\"list\" align=\"center\">Klausur<\/td><td class=\"list\" align=\"center\">Mathe<\/td><\/tr>\r\n<tr class='list odd'><td class=\"list\">&nbsp;<\/td><td class=\"list\">&nbsp;<\/td><td class=\"list\">&nbsp;<\/td><td class=\"list\">&nbsp;<\/td><td class=\"list\">&nbsp;<\/td><td class=\"list\">&nbsp;<\/td><td class=\"list\">&nbsp;<\/td><td class=\"list\" align=\"center\">Klausur EF<\/td><\/tr>\r\n<tr class='list even'><td class=\"list\">&nbsp;<\/td><td class=\"list\">&nbsp;<\/td><td class=\"list\">&nbsp;<\/td><td class=\"list\">&nbsp;<\/td><td class=\"list\">&nbsp;<\/td><td class=\"list\">&nbsp;<\/td><td class=\"list\">&nbsp;<\/td><td class=\"list\" align=\"center\">GK2<\/td><\/tr>\r\n<tr class='list odd'><td class=\"list\" align=\"center\">EF<\/td><td class=\"list\" align=\"center\">2<\/td><td class=\"list\" align=\"center\">KR-GK1<\/td><td class=\"list\" align=\"center\">Kaz<\/td><td class=\"list\" align=\"center\">A235<\/td><td class=\"list\" align=\"center\">KR-GK1<\/td><td class=\"list\" align=\"center\">Vertretung<\/td><td class=\"list\" align=\"center\">ab 9:55 Uhr<\/td><\/tr>\r\n<tr class='list even'><td class=\"list\" align=\"center\">EF<\/td><td class=\"list\" align=\"center\">2<\/td><td class=\"list\" align=\"center\">PL-GK1<\/td><td class=\"list\" align=\"center\">Mir<\/td><td class=\"list\" align=\"center\">A313<\/td><td class=\"list\" align=\"center\">PL-GK1<\/td><td class=\"list\" align=\"center\">Vertretung<\/td><td class=\"list\" align=\"center\">ab 9:55 Uhr<\/td><\/tr>\r\n<tr class='list odd'><td class=\"list\" align=\"center\">EF<\/td><td class=\"list\" align=\"center\">2<\/td><td class=\"list\" align=\"center\">PL-GK2<\/td><td class=\"list\" align=\"center\">Sed<\/td><td class=\"list\" align=\"center\">A312<\/td><td class=\"list\" align=\"center\">PL-GK2<\/td><td class=\"list\" align=\"center\">Vertretung<\/td><td class=\"list\" align=\"center\">ab 9:55 Uhr<\/td><\/tr>\r\n<tr class='list even'><td class=\"list\" align=\"center\">EF<\/td><td class=\"list\" align=\"center\">2<\/td><td class=\"list\" align=\"center\">M-GK1<\/td><td class=\"list\" align=\"center\">Kaz<\/td><td class=\"list\" align=\"center\">C111<\/td><td class=\"list\">&nbsp;<\/td><td class=\"list\" align=\"center\">Klausur<\/td><td class=\"list\" align=\"center\">Mathe<\/td><\/tr>\r\n<tr class='list odd'><td class=\"list\">&nbsp;<\/td><td class=\"list\">&nbsp;<\/td><td class=\"list\">&nbsp;<\/td><td class=\"list\">&nbsp;<\/td><td class=\"list\">&nbsp;<\/td><td class=\"list\">&nbsp;<\/td><td class=\"list\">&nbsp;<\/td><td class=\"list\" align=\"center\">Klausur EF<\/td><\/tr>\r\n<tr class='list even'><td class=\"list\">&nbsp;<\/td><td class=\"list\">&nbsp;<\/td><td class=\"list\">&nbsp;<\/td><td class=\"list\">&nbsp;<\/td><td class=\"list\">&nbsp;<\/td><td class=\"list\">&nbsp;<\/td><td class=\"list\">&nbsp;<\/td><td class=\"list\" align=\"center\">GK1<\/td><\/tr>\r\n<tr class='list odd'><td class=\"list\" align=\"center\">EF<\/td><td class=\"list\" align=\"center\">2<\/td><td class=\"list\" align=\"center\">M-GK2<\/td><td class=\"list\" align=\"center\">Sed<\/td><td class=\"list\" align=\"center\">C113<\/td><td class=\"list\">&nbsp;<\/td><td class=\"list\" align=\"center\">Klausur<\/td><td class=\"list\" align=\"center\">Mathe<\/td><\/tr>\r\n<tr class='list even'><td class=\"list\">&nbsp;<\/td><td class=\"list\">&nbsp;<\/td><td class=\"list\">&nbsp;<\/td><td class=\"list\">&nbsp;<\/td><td class=\"list\">&nbsp;<\/td><td class=\"list\">&nbsp;<\/td><td class=\"list\">&nbsp;<\/td><td class=\"list\" align=\"center\">Klausur EF<\/td><\/tr>\r\n<tr class='list odd'><td class=\"list\">&nbsp;<\/td><td class=\"list\">&nbsp;<\/td><td class=\"list\">&nbsp;<\/td><td class=\"list\">&nbsp;<\/td><td class=\"list\">&nbsp;<\/td><td class=\"list\">&nbsp;<\/td><td class=\"list\">&nbsp;<\/td><td class=\"list\" align=\"center\">GK2<\/td><\/tr>\r\n<tr class='list even'><td class=\"list\" align=\"center\">EF<\/td><td class=\"list\" align=\"center\">4<\/td><td class=\"list\" align=\"center\">D-GK1<\/td><td class=\"list\" align=\"center\">Wil<\/td><td class=\"list\" align=\"center\">A313<\/td><td class=\"list\" align=\"center\">D-GK1<\/td><td class=\"list\" align=\"center\">Lehrertausch<\/td><td class=\"list\" align=\"center\">&nbsp;<\/td><\/tr>\r\n<\/table>\r\n<p>\r\n<font size=\"3\" face=\"Arial\">\r\n\r\n<\/font><\/font>\r\n\r\n<\/CENTER>\r\n<p><center><font face=\"Arial\" size=\"2\"><a href=\"http:\/\/www.untis.at\" target=\"_blank\" >Untis Stundenplan Software<\/a><\/font><\/center>\r\n<\/body>\r\n<\/html>\r\n\r\n<html>\r\n<head>\r\n<title>Untis 2026 Vertretungsplan<\/title>\r\n<style type=\"text\/css\">\r\n\r\nbody { margin-top: 0px; margin-left: 20px; margin-right: 20px;\r\nbackground: #fff; color: #272727; font: 80% Arial, Helvetica, sans-serif; }\r\n\r\nh1 { color: #ee7f00; font-size: 150%; font-weight: normal;}\r\nh1 strong { font-size: 200%; font-weight: normal; }\r\nh2 { font-size: 125%;}\r\n\r\nh1, h2 { margin: 0; padding: 0;}\r\n\r\n\r\nth { background: #000; color: #fff; }\r\ntable.mon_list th, td { padding: 8px 4px;}\r\n\r\n\r\n.mon_title \r\n{ \r\n\tfont-weight: bold; \r\n\tfont-size: 120%; \r\n\tclear: both; \r\n\tmargin: 0; \r\n}\r\n\r\n.inline_header\r\n{\r\n\tfont-weight: bold; \r\n}\r\n\r\ntable.info\r\n{\r\n\tcolor: #000000; \r\n\tfont-size: 100%;\r\n\tborder: 1px;\r\n\tborder-style:solid;\r\n\tborder-collapse:collapse;\r\n\tpadding: 8px 4px;\r\n}\r\n\r\ntable.mon_list\r\n{\r\n\tcolor: #000000; \r\n\twidth: 100%; \r\n\tfont-size: 100%;\r\n\tborder: 1px;\r\n\tborder-style:solid;\r\n\tborder-collapse:collapse;\r\n}\r\n\r\ntable.mon_head\r\n{\r\n\tcolor: #000000; \r\n\twidth: 100%; \r\n\tfont-size: 100%;\r\n}\r\n\r\ntd.info,\r\nth.list,\r\ntd.list,\r\ntr.list\r\n{\r\n\tborder: 1px;\r\n\tborder-style: solid;\r\n\tborder-color: black;\r\n\tmargin: 0px;\r\n\tborder-collapse:collapse;\r\n\tpadding: 3px;\r\n}\r\n\r\ntr.odd { background: #fad3a6; }\r\ntr.even { background: #fdecd9; }\r\n\r\n<\/style>\r\n<meta name=\"generator\" content=\"Untis 2026\">\r\n<meta name=\"company\" content=\"Gruber &amp; Petters Software, A-2000 Stockerau, Austria, www.untis.at\">\r\n<\/head>\r\n\r\nStand: 27.03.2026 13:57<p>\r\n<body bgcolor=\"#F0F0F0\">\r\n<CENTER>\r\n<font size=\"3\" face=\"Arial\">\r\n<div class=\"mon_title\">13.4.2026 Montag<\/div>\r\n<table class=\"mon_list\" >\r\n<tr class=\"list\"><td class=\"list\" align=\"center\" >Keine Vertretungen<\/td><\/tr>\r\n<\/table>\r\n<p>\r\n<font size=\"3\" face=\"Arial\">\r\n\r\n<\/font><\/font>\r\n\r\n<\/CENTER>\r\n<p><center><font face=\"Arial\" size=\"2\"><a href=\"http:\/\/www.untis.at\" target=\"_blank\" >Untis Stundenplan Software<\/a><\/font><\/center>\r\n<\/body>\r\n<\/html>\r\n\r\n\n","protected":false},"excerpt":{"rendered":"<p>Ausfallstunden unbedingt am entsprechenden Tag morgens noch einmal \u00fcberpr\u00fcfen! Au\u00dferdem Sondereins\u00e4tze und im Differenzierungsbereich R\u00e4ume beachten. <\/p>\n<p>&nbsp;<\/p>\n<p>Erl\u00e4uterungen zu den Bezeichnungen mit Vertretungsplan:<\/p>\n<p>&#8211; Die Bedeutung der K\u00fcrzel f\u00fcr das &#8222;Fach&#8220; finden Sie <a href=\"https:\/\/www.anne-frank-gymnasium.de\/?page_id=16274\">hier<\/a>. &#8211; Im Falle einer &#8222;Vertretung&#8220; wird die Klasse durch eine andere Lehrkraft unterrichtet. &#8211; Sch\u00fcler der Oberstufe lernen bei Abwesenheit &hellip; <\/p>\n<p><a class=\"more-link btn\" href=\"https:\/\/www.anne-frank-gymnasium.de\/?page_id=2027\">Weiterlesen<\/a><\/p>\n","protected":false},"author":6,"featured_media":0,"parent":4673,"menu_order":0,"comment_status":"closed","ping_status":"closed","template":"template-onecolumn.php","meta":{"footnotes":""},"class_list":["post-2027","page","type-page","status-publish","hentry","nodate","item-wrap"],"_links":{"self":[{"href":"https:\/\/www.anne-frank-gymnasium.de\/index.php?rest_route=\/wp\/v2\/pages\/2027","targetHints":{"allow":["GET"]}}],"collection":[{"href":"https:\/\/www.anne-frank-gymnasium.de\/index.php?rest_route=\/wp\/v2\/pages"}],"about":[{"href":"https:\/\/www.anne-frank-gymnasium.de\/index.php?rest_route=\/wp\/v2\/types\/page"}],"author":[{"embeddable":true,"href":"https:\/\/www.anne-frank-gymnasium.de\/index.php?rest_route=\/wp\/v2\/users\/6"}],"replies":[{"embeddable":true,"href":"https:\/\/www.anne-frank-gymnasium.de\/index.php?rest_route=%2Fwp%2Fv2%2Fcomments&post=2027"}],"version-history":[{"count":29,"href":"https:\/\/www.anne-frank-gymnasium.de\/index.php?rest_route=\/wp\/v2\/pages\/2027\/revisions"}],"predecessor-version":[{"id":18370,"href":"https:\/\/www.anne-frank-gymnasium.de\/index.php?rest_route=\/wp\/v2\/pages\/2027\/revisions\/18370"}],"up":[{"embeddable":true,"href":"https:\/\/www.anne-frank-gymnasium.de\/index.php?rest_route=\/wp\/v2\/pages\/4673"}],"wp:attachment":[{"href":"https:\/\/www.anne-frank-gymnasium.de\/index.php?rest_route=%2Fwp%2Fv2%2Fmedia&parent=2027"}],"curies":[{"name":"wp","href":"https:\/\/api.w.org\/{rel}","templated":true}]}}