{"id":2010,"date":"2014-05-05T14:57:37","date_gmt":"2014-05-05T12:57:37","guid":{"rendered":"http:\/\/www.anne-frank-gymnasium.de\/?page_id=2010"},"modified":"2018-09-24T14:45:21","modified_gmt":"2018-09-24T12:45:21","slug":"beratung","status":"publish","type":"page","link":"https:\/\/www.anne-frank-gymnasium.de\/?page_id=2010","title":{"rendered":"Beratung"},"content":{"rendered":"<p><strong>Beratung f\u00fcr Oberstufensch\u00fcler<br \/>\n<\/strong><br \/>\n<a href=\"https:\/\/www.anne-frank-gymnasium.de\/wp-content\/uploads\/2014\/05\/beratung.gif\"><img loading=\"lazy\" decoding=\"async\" class=\"alignnone size-full wp-image-1986\" src=\"https:\/\/www.anne-frank-gymnasium.de\/wp-content\/uploads\/2014\/05\/beratung.gif\" alt=\"beratung\" width=\"288\" height=\"238\" \/><\/a><\/p>\n<p>Wenn es da ein Problem gibt&#8230;<br \/>\nWenn Du nicht mehr weiter wei\u00dft&#8230;<\/p>\n<p>Wenn es \u201ebrennt\u201c&#8230;<\/p>\n<p>Wenn Du einfach mal reden m\u00f6chtest&#8230;<br \/>\n&#8230; \u00fcber die Schule oder \u00fcber das Leben<br \/>\nSprechstunden: Montags in der Mittagspause<br \/>\n<!--more-->sowie jederzeit nach Vereinbarung<\/p>\n<p>Raum: B\u00fcro gegen\u00fcber dem Sekretariat<\/p>\n<p>Jedes Gespr\u00e4ch wird nat\u00fcrlich<br \/>\nabsolut vertraulich behandelt!<\/p>\n<p>G. Schins, Oberstufenkoordinator<\/p>\n","protected":false},"excerpt":{"rendered":"<p>Beratung f\u00fcr Oberstufensch\u00fcler <a href=\"https:\/\/www.anne-frank-gymnasium.de\/wp-content\/uploads\/2014\/05\/beratung.gif\"><\/a><\/p>\n<p>Wenn es da ein Problem gibt&#8230; Wenn Du nicht mehr weiter wei\u00dft&#8230;<\/p>\n<p>Wenn es \u201ebrennt\u201c&#8230;<\/p>\n<p>Wenn Du einfach mal reden m\u00f6chtest&#8230; &#8230; \u00fcber die Schule oder \u00fcber das Leben Sprechstunden: Montags in der Mittagspause<\/p><p><a class=\"more-link btn\" href=\"https:\/\/www.anne-frank-gymnasium.de\/?page_id=2010\">Weiterlesen<\/a><\/p>\n","protected":false},"author":6,"featured_media":0,"parent":118,"menu_order":4,"comment_status":"closed","ping_status":"closed","template":"","meta":{"footnotes":""},"class_list":["post-2010","page","type-page","status-publish","hentry","nodate","item-wrap"],"_links":{"self":[{"href":"https:\/\/www.anne-frank-gymnasium.de\/index.php?rest_route=\/wp\/v2\/pages\/2010","targetHints":{"allow":["GET"]}}],"collection":[{"href":"https:\/\/www.anne-frank-gymnasium.de\/index.php?rest_route=\/wp\/v2\/pages"}],"about":[{"href":"https:\/\/www.anne-frank-gymnasium.de\/index.php?rest_route=\/wp\/v2\/types\/page"}],"author":[{"embeddable":true,"href":"https:\/\/www.anne-frank-gymnasium.de\/index.php?rest_route=\/wp\/v2\/users\/6"}],"replies":[{"embeddable":true,"href":"https:\/\/www.anne-frank-gymnasium.de\/index.php?rest_route=%2Fwp%2Fv2%2Fcomments&post=2010"}],"version-history":[{"count":7,"href":"https:\/\/www.anne-frank-gymnasium.de\/index.php?rest_route=\/wp\/v2\/pages\/2010\/revisions"}],"predecessor-version":[{"id":8314,"href":"https:\/\/www.anne-frank-gymnasium.de\/index.php?rest_route=\/wp\/v2\/pages\/2010\/revisions\/8314"}],"up":[{"embeddable":true,"href":"https:\/\/www.anne-frank-gymnasium.de\/index.php?rest_route=\/wp\/v2\/pages\/118"}],"wp:attachment":[{"href":"https:\/\/www.anne-frank-gymnasium.de\/index.php?rest_route=%2Fwp%2Fv2%2Fmedia&parent=2010"}],"curies":[{"name":"wp","href":"https:\/\/api.w.org\/{rel}","templated":true}]}}