{"id":1902,"date":"2014-03-21T10:37:01","date_gmt":"2014-03-21T09:37:01","guid":{"rendered":"http:\/\/www.anne-frank-gymnasium.de\/?page_id=1902"},"modified":"2014-09-21T18:18:13","modified_gmt":"2014-09-21T16:18:13","slug":"projektkurs-raspberry-pi","status":"publish","type":"page","link":"https:\/\/www.anne-frank-gymnasium.de\/?page_id=1902","title":{"rendered":"Projektkurs &#8222;Raspberry Pi&#8220;"},"content":{"rendered":"<p><strong>Projektkurs &#8222;Experimente mit der digitalen Himbeere&#8220;<\/strong><a href=\"https:\/\/www.anne-frank-gymnasium.de\/wp-content\/uploads\/2014\/02\/RPi-Logo.png\"><img loading=\"lazy\" decoding=\"async\" src=\"https:\/\/www.anne-frank-gymnasium.de\/wp-content\/uploads\/2014\/02\/RPi-Logo.png\" alt=\"RPi Logo\" width=\"88\" height=\"92\" \/><\/a><a href=\"https:\/\/www.anne-frank-gymnasium.de\/wp-content\/uploads\/2014\/02\/RPi-Platine.png\"><img loading=\"lazy\" decoding=\"async\" src=\"https:\/\/www.anne-frank-gymnasium.de\/wp-content\/uploads\/2014\/02\/RPi-Platine.png\" alt=\"RPi Platine\" width=\"214\" height=\"155\" \/><\/a><\/p>\n<p>Liebe Sch\u00fclerinnen und Sch\u00fcler der EF.<\/p>\n<p>F\u00fcr das Schuljahr 2014\/2015 wird ein Projektkurs am AFG angeboten, beim dem sich alles um den Minicomputer Raspberry Pi dreht. Diese scheckkartengro\u00dfe Platine bringt alles mit, was einen Computer ausmacht und hat durch seine zahlreichen Anschl\u00fcsse eine fantastische Wandlungsf\u00e4higkeit. Viel Platz also f\u00fcr kreative Ideen und Projekte. Den Flyer gibt es hier: <a href=\"https:\/\/www.anne-frank-gymnasium.de\/wp-content\/uploads\/2014\/03\/Projektkurs-Raspberry-Pi-Kursbeschreibung-f\u00fcr-SuS.pdf\">Projektkurs Raspberry Pi &#8211; Kursbeschreibung f\u00fcr SuS<\/a>. F\u00fcr Fragen senden Sie gerne eine Nachricht an<\/p>\n<p><a href=\"https:\/\/www.anne-frank-gymnasium.de\/wp-content\/uploads\/2014\/02\/Adresse.png\"><img loading=\"lazy\" decoding=\"async\" src=\"https:\/\/www.anne-frank-gymnasium.de\/wp-content\/uploads\/2014\/02\/Adresse.png\" alt=\"Adresse\" width=\"126\" height=\"19\" \/><\/a><\/p>\n<p>senden.<\/p>\n<p><strong>Hier gibt es weitere Informationen:<\/strong><\/p>\n<ul>\n<li>Artikel aus Zeitschriften<\/li>\n<\/ul>\n<p><a href=\"http:\/\/jetzt.sueddeutsche.de\/texte\/anzeigen\/567768\/Die-Zukunft-ist-ein-Himbeerkuchen\">http:\/\/jetzt.sueddeutsche.de\/texte\/anzeigen\/567768\/Die-Zukunft-ist-ein-Himbeerkuchen<\/a><\/p>\n<p><a href=\"http:\/\/www.saarbruecker-zeitung.de\/mini-computer\/art427499,5075445\">http:\/\/www.saarbruecker-zeitung.de\/mini-computer\/art427499,5075445<\/a><\/p>\n<ul>\n<li>\u00a0Projekte<\/li>\n<\/ul>\n<p><a href=\"http:\/\/www.spiegel.de\/netzwelt\/web\/raspberry-pi-die-besten-projekte-fuer-den-46-euro-pc-a-874993.html\">http:\/\/www.spiegel.de\/netzwelt\/web\/raspberry-pi-die-besten-projekte-fuer-den-46-euro-pc-a-874993.html<\/a><\/p>\n<p><a href=\"http:\/\/www.chip.de\/bildergalerie\/Die-coolsten-Raspberry-Pi-Projekte-Galerie_64225812.html\">http:\/\/www.chip.de\/bildergalerie\/Die-coolsten-Raspberry-Pi-Projekte-Galerie_64225812.html<\/a><\/p>\n<ul>\n<li>\u00a0Raspberry Pi Seiten<\/li>\n<\/ul>\n<p><a href=\"http:\/\/raspberrypiguide.de\/\">http:\/\/raspberrypiguide.de\/<\/a><\/p>\n<p><a href=\"http:\/\/www.raspiprojekt.de\/\">http:\/\/www.raspiprojekt.de\/<\/a><\/p>\n<ul>\n<li>\u00a0Fachliches vom Ministerium:<\/li>\n<\/ul>\n<p><a href=\"http:\/\/www.standardsicherung.schulministerium.nrw.de\/cms\/projektkurse-sii\/angebot-home\/\">http:\/\/www.standardsicherung.schulministerium.nrw.de\/cms\/projektkurse-sii\/angebot-home\/<\/a><\/p>\n<p>&nbsp;<\/p>\n","protected":false},"excerpt":{"rendered":"<p>Projektkurs &#8222;Experimente mit der digitalen Himbeere&#8220;<a href=\"https:\/\/www.anne-frank-gymnasium.de\/wp-content\/uploads\/2014\/02\/RPi-Logo.png\"><\/a><a href=\"https:\/\/www.anne-frank-gymnasium.de\/wp-content\/uploads\/2014\/02\/RPi-Platine.png\"><\/a><\/p>\n<p>Liebe Sch\u00fclerinnen und Sch\u00fcler der EF.<\/p>\n<p>F\u00fcr das Schuljahr 2014\/2015 wird ein Projektkurs am AFG angeboten, beim dem sich alles um den Minicomputer Raspberry Pi dreht. Diese scheckkartengro\u00dfe Platine bringt alles mit, was einen Computer ausmacht und hat durch seine zahlreichen Anschl\u00fcsse eine fantastische Wandlungsf\u00e4higkeit. Viel Platz &hellip; <\/p>\n<p><a class=\"more-link btn\" href=\"https:\/\/www.anne-frank-gymnasium.de\/?page_id=1902\">Weiterlesen<\/a><\/p>\n","protected":false},"author":8,"featured_media":0,"parent":2480,"menu_order":0,"comment_status":"closed","ping_status":"closed","template":"","meta":{"footnotes":""},"class_list":["post-1902","page","type-page","status-publish","hentry","nodate","item-wrap"],"_links":{"self":[{"href":"https:\/\/www.anne-frank-gymnasium.de\/index.php?rest_route=\/wp\/v2\/pages\/1902","targetHints":{"allow":["GET"]}}],"collection":[{"href":"https:\/\/www.anne-frank-gymnasium.de\/index.php?rest_route=\/wp\/v2\/pages"}],"about":[{"href":"https:\/\/www.anne-frank-gymnasium.de\/index.php?rest_route=\/wp\/v2\/types\/page"}],"author":[{"embeddable":true,"href":"https:\/\/www.anne-frank-gymnasium.de\/index.php?rest_route=\/wp\/v2\/users\/8"}],"replies":[{"embeddable":true,"href":"https:\/\/www.anne-frank-gymnasium.de\/index.php?rest_route=%2Fwp%2Fv2%2Fcomments&post=1902"}],"version-history":[{"count":11,"href":"https:\/\/www.anne-frank-gymnasium.de\/index.php?rest_route=\/wp\/v2\/pages\/1902\/revisions"}],"predecessor-version":[{"id":2484,"href":"https:\/\/www.anne-frank-gymnasium.de\/index.php?rest_route=\/wp\/v2\/pages\/1902\/revisions\/2484"}],"up":[{"embeddable":true,"href":"https:\/\/www.anne-frank-gymnasium.de\/index.php?rest_route=\/wp\/v2\/pages\/2480"}],"wp:attachment":[{"href":"https:\/\/www.anne-frank-gymnasium.de\/index.php?rest_route=%2Fwp%2Fv2%2Fmedia&parent=1902"}],"curies":[{"name":"wp","href":"https:\/\/api.w.org\/{rel}","templated":true}]}}