{"id":16426,"date":"2023-09-08T12:04:06","date_gmt":"2023-09-08T10:04:06","guid":{"rendered":"https:\/\/www.anne-frank-gymnasium.de\/?page_id=16426"},"modified":"2025-11-28T13:22:02","modified_gmt":"2025-11-28T12:22:02","slug":"betriebspraktikum-kl-10","status":"publish","type":"page","link":"https:\/\/www.anne-frank-gymnasium.de\/?page_id=16426","title":{"rendered":"Betriebspraktikum Kl. 10"},"content":{"rendered":"<p><strong>Durchf\u00fchrungszeitraum Schuljahr 2025\/2026: 29.6.-3.7.2026<\/strong><\/p>\n<p>Ankn\u00fcpfend an die ersten betrieblichen Erfahrungen durch die Berufsfelderkundungstage (BFE) folgt nun im Jahrgang 10 ein einw\u00f6chiges und verpflichtendes Betriebspraktikum (BP10).<br \/>\nAngeleitet von uns StuBos suchen sich die Sch\u00fcler*innen hierf\u00fcr selbstst\u00e4ndig einen Praktikumsplatz, den sie sich durch den zuk\u00fcnftigen Praktikumsbetrieb bescheinigen lassen und bei uns einreichen m\u00fcssen. Dies ist u. a. auch aus versicherungstechnischen Gr\u00fcnden unbedingt erforderlich.<\/p>\n<p>Das BP dient der Vertiefung erster beruflicher Erfahrungen, resultierend aus der BFE. Nun werden betriebliche Strukturen und konkrete Abl\u00e4ufe \u00fcber einen l\u00e4ngeren Zeitraum und somit intensiver wahrgenommen und reflektiert. Dies f\u00fchrt idealerweise dazu, dass sich berufliche Perspektiven entwickeln. Auch die Erfahrung, dass sich der vermeintliche Traumberuf als nicht ganz so traumhaft entpuppt, ist wertvoll!<\/p>\n<p>Die abschlie\u00dfende Reflexion findet in Form einer Kurzdokumentation statt, die die Sch\u00fcler*innen digital erstellen und ihren Betreuer*innen zur Sichtung bis zu einem zuvor definierten Zeitpunkt einreichen. Diese Kurzdokumentation ist in ihrer Struktur bereits dem l\u00e4ngeren Praktikumsbericht nachempfunden, der das letzte BP in der Einf\u00fchrungsphase abschlie\u00dft.<\/p>\n<p>Alle notwendigen Informationen und Dokumente befinden sich auf der Homepage (s. u.) oder werden per E-Mail zug\u00e4nglich gemacht.<\/p>\n<p><strong>Informationen und Formulare zum Download:<\/strong><\/p>\n<p><a href=\"https:\/\/www.anne-frank-gymnasium.de\/wp-content\/uploads\/2025\/11\/BP-10-26-Merkblatt.pdf\">BP 10 26 Merkblatt<\/a><\/p>\n<p><a href=\"https:\/\/www.anne-frank-gymnasium.de\/wp-content\/uploads\/2025\/11\/BP-10-26-Bestaetigung-Betrieb.pdf\">BP 10 26 Best\u00e4tigung Betrieb<\/a><\/p>\n<p><a href=\"https:\/\/www.anne-frank-gymnasium.de\/wp-content\/uploads\/2025\/11\/BP-10-26-Antrag-ASEAG-Busticket.pdf\">BP 10 26 Antrag ASEAG Busticket<\/a><\/p>\n<p><a href=\"https:\/\/www.anne-frank-gymnasium.de\/wp-content\/uploads\/2025\/11\/BP-10-26-Formular-Betriebsentfernung-mehr-als-20km.pdf\">BP 10 26 Formular Betriebsentfernung mehr als 20km<\/a><\/p>\n<p>&nbsp;<\/p>\n<p>Nora Schouten, Stand 28.11.2025<\/p>\n<p>&nbsp;<\/p>\n<p>Kontakt: StuBo@afgmail.de<\/p>\n","protected":false},"excerpt":{"rendered":"<p>Durchf\u00fchrungszeitraum Schuljahr 2025\/2026: 29.6.-3.7.2026<\/p>\n<p>Ankn\u00fcpfend an die ersten betrieblichen Erfahrungen durch die Berufsfelderkundungstage (BFE) folgt nun im Jahrgang 10 ein einw\u00f6chiges und verpflichtendes Betriebspraktikum (BP10). Angeleitet von uns StuBos suchen sich die Sch\u00fcler*innen hierf\u00fcr selbstst\u00e4ndig einen Praktikumsplatz, den sie sich durch den zuk\u00fcnftigen Praktikumsbetrieb bescheinigen lassen und bei uns einreichen m\u00fcssen. Dies ist u. a. &hellip; <\/p>\n<p><a class=\"more-link btn\" href=\"https:\/\/www.anne-frank-gymnasium.de\/?page_id=16426\">Weiterlesen<\/a><\/p>\n","protected":false},"author":13,"featured_media":0,"parent":2998,"menu_order":5,"comment_status":"closed","ping_status":"closed","template":"","meta":{"footnotes":""},"class_list":["post-16426","page","type-page","status-publish","hentry","nodate","item-wrap"],"_links":{"self":[{"href":"https:\/\/www.anne-frank-gymnasium.de\/index.php?rest_route=\/wp\/v2\/pages\/16426","targetHints":{"allow":["GET"]}}],"collection":[{"href":"https:\/\/www.anne-frank-gymnasium.de\/index.php?rest_route=\/wp\/v2\/pages"}],"about":[{"href":"https:\/\/www.anne-frank-gymnasium.de\/index.php?rest_route=\/wp\/v2\/types\/page"}],"author":[{"embeddable":true,"href":"https:\/\/www.anne-frank-gymnasium.de\/index.php?rest_route=\/wp\/v2\/users\/13"}],"replies":[{"embeddable":true,"href":"https:\/\/www.anne-frank-gymnasium.de\/index.php?rest_route=%2Fwp%2Fv2%2Fcomments&post=16426"}],"version-history":[{"count":15,"href":"https:\/\/www.anne-frank-gymnasium.de\/index.php?rest_route=\/wp\/v2\/pages\/16426\/revisions"}],"predecessor-version":[{"id":19195,"href":"https:\/\/www.anne-frank-gymnasium.de\/index.php?rest_route=\/wp\/v2\/pages\/16426\/revisions\/19195"}],"up":[{"embeddable":true,"href":"https:\/\/www.anne-frank-gymnasium.de\/index.php?rest_route=\/wp\/v2\/pages\/2998"}],"wp:attachment":[{"href":"https:\/\/www.anne-frank-gymnasium.de\/index.php?rest_route=%2Fwp%2Fv2%2Fmedia&parent=16426"}],"curies":[{"name":"wp","href":"https:\/\/api.w.org\/{rel}","templated":true}]}}