{"id":16250,"date":"2023-08-21T11:41:29","date_gmt":"2023-08-21T09:41:29","guid":{"rendered":"https:\/\/www.anne-frank-gymnasium.de\/?page_id=16250"},"modified":"2023-08-24T18:52:22","modified_gmt":"2023-08-24T16:52:22","slug":"ag-schule-ohne-rassismus-schule-mit-courage","status":"publish","type":"page","link":"https:\/\/www.anne-frank-gymnasium.de\/?page_id=16250","title":{"rendered":"AG &#8222;Schule ohne Rassismus &#8211; Schule mit Courage&#8220;"},"content":{"rendered":"<p class=\"m_8861390871844011310MsoPlainText\"><span lang=\"en-DE\">M\u00f6chtest du auch, dass deine Schule ein Ort f\u00fcr alle is<\/span><span lang=\"en-DE\">t, an dem sich jede Person wohlf\u00fchlen kann?<\/span><span lang=\"en-DE\"><img loading=\"lazy\" decoding=\"async\" class=\"wp-image-10010 alignright\" src=\"https:\/\/www.anne-frank-gymnasium.de\/wp-content\/uploads\/2019\/03\/SoR-SmC.jpg\" alt=\"\" width=\"324\" height=\"116\" srcset=\"https:\/\/www.anne-frank-gymnasium.de\/wp-content\/uploads\/2019\/03\/SoR-SmC.jpg 2345w, https:\/\/www.anne-frank-gymnasium.de\/wp-content\/uploads\/2019\/03\/SoR-SmC-300x107.jpg 300w, https:\/\/www.anne-frank-gymnasium.de\/wp-content\/uploads\/2019\/03\/SoR-SmC-768x274.jpg 768w, https:\/\/www.anne-frank-gymnasium.de\/wp-content\/uploads\/2019\/03\/SoR-SmC-1024x365.jpg 1024w\" sizes=\"auto, (max-width: 324px) 100vw, 324px\" \/><\/span><\/p>\n<p class=\"m_8861390871844011310MsoPlainText\"><span lang=\"en-DE\">Dann komm in die AG \u201eSchule ohne Rassismus &#8211; Schule mit Courage\u201c und hilf mit deine Schule zu einem Lebensraum werden zu lassen, in dem jede Person aufgrund ihrer Individualit\u00e4t gesch\u00e4tzt wird und man sich durchweg mit Freundlichkeit begegnet. <u><\/u><u><\/u><\/span><\/p>\n<p class=\"m_8861390871844011310MsoPlainText\"><span lang=\"en-DE\">Durch Aktionen und Projekte von Sch\u00fcler:innen f\u00fcr Sch\u00fcler:innen (und auch Lehrer:innen) soll Raum geschaffen werden, um Schule ohne Rassismus und mit viel Courage tagt\u00e4glich zu leben. Werde Botschafter f\u00fcr Schule ohne Rassismus &#8211; Schule mit Courage (SoR-SmC).<\/span><\/p>\n","protected":false},"excerpt":{"rendered":"<p class=\"m_8861390871844011310MsoPlainText\">M\u00f6chtest du auch, dass deine Schule ein Ort f\u00fcr alle ist, an dem sich jede Person wohlf\u00fchlen kann?<\/p>\n<p class=\"m_8861390871844011310MsoPlainText\">Dann komm in die AG \u201eSchule ohne Rassismus &#8211; Schule mit Courage\u201c und hilf mit deine Schule zu einem Lebensraum werden zu lassen, in dem jede Person aufgrund ihrer Individualit\u00e4t gesch\u00e4tzt wird und man sich &hellip; <\/p>\n<p><a class=\"more-link btn\" href=\"https:\/\/www.anne-frank-gymnasium.de\/?page_id=16250\">Weiterlesen<\/a><\/p>\n","protected":false},"author":12,"featured_media":10555,"parent":4518,"menu_order":10,"comment_status":"closed","ping_status":"closed","template":"","meta":{"footnotes":""},"class_list":["post-16250","page","type-page","status-publish","has-post-thumbnail","hentry","nodate","item-wrap"],"_links":{"self":[{"href":"https:\/\/www.anne-frank-gymnasium.de\/index.php?rest_route=\/wp\/v2\/pages\/16250","targetHints":{"allow":["GET"]}}],"collection":[{"href":"https:\/\/www.anne-frank-gymnasium.de\/index.php?rest_route=\/wp\/v2\/pages"}],"about":[{"href":"https:\/\/www.anne-frank-gymnasium.de\/index.php?rest_route=\/wp\/v2\/types\/page"}],"author":[{"embeddable":true,"href":"https:\/\/www.anne-frank-gymnasium.de\/index.php?rest_route=\/wp\/v2\/users\/12"}],"replies":[{"embeddable":true,"href":"https:\/\/www.anne-frank-gymnasium.de\/index.php?rest_route=%2Fwp%2Fv2%2Fcomments&post=16250"}],"version-history":[{"count":3,"href":"https:\/\/www.anne-frank-gymnasium.de\/index.php?rest_route=\/wp\/v2\/pages\/16250\/revisions"}],"predecessor-version":[{"id":16265,"href":"https:\/\/www.anne-frank-gymnasium.de\/index.php?rest_route=\/wp\/v2\/pages\/16250\/revisions\/16265"}],"up":[{"embeddable":true,"href":"https:\/\/www.anne-frank-gymnasium.de\/index.php?rest_route=\/wp\/v2\/pages\/4518"}],"wp:featuredmedia":[{"embeddable":true,"href":"https:\/\/www.anne-frank-gymnasium.de\/index.php?rest_route=\/wp\/v2\/media\/10555"}],"wp:attachment":[{"href":"https:\/\/www.anne-frank-gymnasium.de\/index.php?rest_route=%2Fwp%2Fv2%2Fmedia&parent=16250"}],"curies":[{"name":"wp","href":"https:\/\/api.w.org\/{rel}","templated":true}]}}