{"id":14724,"date":"2022-09-19T13:10:47","date_gmt":"2022-09-19T11:10:47","guid":{"rendered":"https:\/\/www.anne-frank-gymnasium.de\/?page_id=14724"},"modified":"2022-09-19T13:10:47","modified_gmt":"2022-09-19T11:10:47","slug":"volleyball-ag","status":"publish","type":"page","link":"https:\/\/www.anne-frank-gymnasium.de\/?page_id=14724","title":{"rendered":"Volleyball AG"},"content":{"rendered":"<p>Zum Start des Schuljahres beginnt auch die Volleyball-AG wieder. Alle Sch\u00fclerInnen von der 5. bis zur 9. Klasse sind eingeladen, mit uns zusammen Volleyball zu spielen. Daf\u00fcr brauchst Du keine Vorerfahrungen oder besondere Kenntnisse. Wir \u00fcben mit Dir die Technik und Du kannst zusammen mit Deinen Freunden Volleyball spielen. Das gemeinsame Spielen macht den Kindern am meisten Spa\u00df, weshalb wir den Fokus darauf legen.<\/p>\n","protected":false},"excerpt":{"rendered":"<p>Zum Start des Schuljahres beginnt auch die Volleyball-AG wieder. Alle Sch\u00fclerInnen von der 5. bis zur 9. Klasse sind eingeladen, mit uns zusammen Volleyball zu spielen. Daf\u00fcr brauchst Du keine Vorerfahrungen oder besondere Kenntnisse. Wir \u00fcben mit Dir die Technik und Du kannst zusammen mit Deinen Freunden Volleyball spielen. Das gemeinsame Spielen macht den Kindern &hellip; <\/p>\n<p><a class=\"more-link btn\" href=\"https:\/\/www.anne-frank-gymnasium.de\/?page_id=14724\">Weiterlesen<\/a><\/p>\n","protected":false},"author":12,"featured_media":0,"parent":4518,"menu_order":9,"comment_status":"closed","ping_status":"closed","template":"","meta":{"footnotes":""},"class_list":["post-14724","page","type-page","status-publish","hentry","nodate","item-wrap"],"_links":{"self":[{"href":"https:\/\/www.anne-frank-gymnasium.de\/index.php?rest_route=\/wp\/v2\/pages\/14724","targetHints":{"allow":["GET"]}}],"collection":[{"href":"https:\/\/www.anne-frank-gymnasium.de\/index.php?rest_route=\/wp\/v2\/pages"}],"about":[{"href":"https:\/\/www.anne-frank-gymnasium.de\/index.php?rest_route=\/wp\/v2\/types\/page"}],"author":[{"embeddable":true,"href":"https:\/\/www.anne-frank-gymnasium.de\/index.php?rest_route=\/wp\/v2\/users\/12"}],"replies":[{"embeddable":true,"href":"https:\/\/www.anne-frank-gymnasium.de\/index.php?rest_route=%2Fwp%2Fv2%2Fcomments&post=14724"}],"version-history":[{"count":1,"href":"https:\/\/www.anne-frank-gymnasium.de\/index.php?rest_route=\/wp\/v2\/pages\/14724\/revisions"}],"predecessor-version":[{"id":14725,"href":"https:\/\/www.anne-frank-gymnasium.de\/index.php?rest_route=\/wp\/v2\/pages\/14724\/revisions\/14725"}],"up":[{"embeddable":true,"href":"https:\/\/www.anne-frank-gymnasium.de\/index.php?rest_route=\/wp\/v2\/pages\/4518"}],"wp:attachment":[{"href":"https:\/\/www.anne-frank-gymnasium.de\/index.php?rest_route=%2Fwp%2Fv2%2Fmedia&parent=14724"}],"curies":[{"name":"wp","href":"https:\/\/api.w.org\/{rel}","templated":true}]}}