{"id":14549,"date":"2022-08-17T18:16:24","date_gmt":"2022-08-17T16:16:24","guid":{"rendered":"https:\/\/www.anne-frank-gymnasium.de\/?page_id=14549"},"modified":"2025-09-18T15:19:05","modified_gmt":"2025-09-18T13:19:05","slug":"potenzialanalyse","status":"publish","type":"page","link":"https:\/\/www.anne-frank-gymnasium.de\/?page_id=14549","title":{"rendered":"ESI (Einstiegsinstrument in die berufliche Orientierung)"},"content":{"rendered":"<p><strong>ESI = Einstiegsinstrument in die berufliche Orientierung<\/strong><em>Potenziale entdecken \u2013 dein Einstieg in die berufliche Orientierung<\/em><\/p>\n<p>Am Anne-Frank-Gymnasium beginnt der Einstieg in die Studien- und Berufsorientierung mit dem Einstiegsinstrument (ESI) des Landes Nordrhein-Westfalen im Rahmen der Initiative \u201eKein Abschluss ohne Anschluss \u2013 \u00dcbergang Schule \u2013 Beruf in NRW\u201c.<\/p>\n<p><strong>Was ist ESI?<\/strong>ESI ist ein Testverfahren, das mit allen Sch\u00fcler:innen des 8. Jahrgangs an einem au\u00dferschulischen Standort durchgef\u00fchrt wird, der durch Ausschreibungen der Stadt Aachen regelm\u00e4\u00dfig neu festgelegt wird (Tr\u00e4gerverbund <em>beo<\/em> der St\u00e4dteRegion Aachen f\u00fcr Berufsorientierung). Ziel ist es, pers\u00f6nliche Interessen, Neigungen und St\u00e4rken zu erkennen, falls diese bisher noch unerkannt geblieben sind. Diese k\u00f6nnen erste Impulse f\u00fcr passende Berufsfelder oder Studienrichtungen geben.<\/p>\n<p><strong>Wie funktioniert ESI?<\/strong><\/p>\n<ul>\n<li><strong>Aktueller Veranstaltungsort:<\/strong> Kolping Bildungswerk, Aachen<\/li>\n<li><strong>Dauer:<\/strong> 6 Stunden<\/li>\n<li><strong>Ablauf vor Ort:<\/strong> In einer Gruppe werden vielf\u00e4ltige praxisbezogene Aufgaben bearbeitet. Dabei beobachtet fachlich geschultes p\u00e4dagogisches Personal die Sch\u00fcler:innen und konzentriert sich auf acht Potenziale\/St\u00e4rken.<\/li>\n<li><strong>Abschlie\u00dfendes Reflexionsgespr\u00e4ch:<\/strong> R\u00fcckmeldung der beobachteten St\u00e4rken<\/li>\n<li><strong>St\u00e4rkenkompass:<\/strong> Aush\u00e4ndigung eines begleitenden Portfolioinstruments, entwickelt und herausgegeben vom Land NRW, verpflichtend zur Dokumentation der Erkenntnisse<\/li>\n<\/ul>\n<p>&nbsp;<\/p>\n<p><strong>Warum ist ESI wichtig?<\/strong><br \/>\nDie Entscheidung f\u00fcr einen Beruf oder ein Studium ist eine gro\u00dfe Herausforderung. ESI kann eine erste Orientierungshilfe bieten und schafft die M\u00f6glichkeit, eigene Vorstellungen zu \u00fcberpr\u00fcfen und neue Perspektiven zu entdecken. Damit unterst\u00fctzt das Instrument unsere Sch\u00fcler:innen fr\u00fchzeitig und gezielt bei ihrer pers\u00f6nlichen Berufs- und Studienwahl.<\/p>\n<p>Sobald der Termin naht, setzt sich das StuBo-Team mit Eltern und Sch\u00fcler:innen in Verbindung und informiert konkret \u00fcber Adresse, Termine und Uhrzeiten \u2013 erg\u00e4nzend zur Infoveranstaltung im Rahmen des ersten Pflegschaftsabends, die vom jeweiligen Tr\u00e4ger durchgef\u00fchrt wird.<\/p>\n<p>Zur Teilnahme an ESI ist die unterschriebene ESI-Einverst\u00e4ndniserkl\u00e4rung verpflichtend, die Ihnen ebenfalls rechtzeitig ausgeh\u00e4ndigt wird.<\/p>\n<p>&nbsp;<\/p>\n<p>Nora Schouten, Stand 18.9.2025<\/p>\n<p>Kontakt: StuBo@afgmail.de<\/p>\n","protected":false},"excerpt":{"rendered":"<p>ESI = Einstiegsinstrument in die berufliche OrientierungPotenziale entdecken \u2013 dein Einstieg in die berufliche Orientierung<\/p>\n<p>Am Anne-Frank-Gymnasium beginnt der Einstieg in die Studien- und Berufsorientierung mit dem Einstiegsinstrument (ESI) des Landes Nordrhein-Westfalen im Rahmen der Initiative \u201eKein Abschluss ohne Anschluss \u2013 \u00dcbergang Schule \u2013 Beruf in NRW\u201c.<\/p>\n<p>Was ist ESI?ESI ist ein Testverfahren, das mit &hellip; <\/p>\n<p><a class=\"more-link btn\" href=\"https:\/\/www.anne-frank-gymnasium.de\/?page_id=14549\">Weiterlesen<\/a><\/p>\n","protected":false},"author":12,"featured_media":0,"parent":2998,"menu_order":3,"comment_status":"closed","ping_status":"closed","template":"","meta":{"footnotes":""},"class_list":["post-14549","page","type-page","status-publish","hentry","nodate","item-wrap"],"_links":{"self":[{"href":"https:\/\/www.anne-frank-gymnasium.de\/index.php?rest_route=\/wp\/v2\/pages\/14549","targetHints":{"allow":["GET"]}}],"collection":[{"href":"https:\/\/www.anne-frank-gymnasium.de\/index.php?rest_route=\/wp\/v2\/pages"}],"about":[{"href":"https:\/\/www.anne-frank-gymnasium.de\/index.php?rest_route=\/wp\/v2\/types\/page"}],"author":[{"embeddable":true,"href":"https:\/\/www.anne-frank-gymnasium.de\/index.php?rest_route=\/wp\/v2\/users\/12"}],"replies":[{"embeddable":true,"href":"https:\/\/www.anne-frank-gymnasium.de\/index.php?rest_route=%2Fwp%2Fv2%2Fcomments&post=14549"}],"version-history":[{"count":8,"href":"https:\/\/www.anne-frank-gymnasium.de\/index.php?rest_route=\/wp\/v2\/pages\/14549\/revisions"}],"predecessor-version":[{"id":18967,"href":"https:\/\/www.anne-frank-gymnasium.de\/index.php?rest_route=\/wp\/v2\/pages\/14549\/revisions\/18967"}],"up":[{"embeddable":true,"href":"https:\/\/www.anne-frank-gymnasium.de\/index.php?rest_route=\/wp\/v2\/pages\/2998"}],"wp:attachment":[{"href":"https:\/\/www.anne-frank-gymnasium.de\/index.php?rest_route=%2Fwp%2Fv2%2Fmedia&parent=14549"}],"curies":[{"name":"wp","href":"https:\/\/api.w.org\/{rel}","templated":true}]}}