{"id":12626,"date":"2020-12-17T18:26:23","date_gmt":"2020-12-17T17:26:23","guid":{"rendered":"https:\/\/www.anne-frank-gymnasium.de\/?page_id=12626"},"modified":"2024-06-19T17:01:25","modified_gmt":"2024-06-19T15:01:25","slug":"unser-ipad-konzept","status":"publish","type":"page","link":"https:\/\/www.anne-frank-gymnasium.de\/?page_id=12626","title":{"rendered":"Unser iPad-Konzept"},"content":{"rendered":"<p><strong><a href=\"https:\/\/www.anne-frank-gymnasium.de\/wp-content\/uploads\/2019\/03\/IMG_6168.jpg\"><img loading=\"lazy\" decoding=\"async\" class=\"alignnone wp-image-10029 size-full\" src=\"https:\/\/www.anne-frank-gymnasium.de\/wp-content\/uploads\/2019\/03\/IMG_6168.jpg\" alt=\"\" width=\"4874\" height=\"2214\" srcset=\"https:\/\/www.anne-frank-gymnasium.de\/wp-content\/uploads\/2019\/03\/IMG_6168.jpg 4874w, https:\/\/www.anne-frank-gymnasium.de\/wp-content\/uploads\/2019\/03\/IMG_6168-300x136.jpg 300w, https:\/\/www.anne-frank-gymnasium.de\/wp-content\/uploads\/2019\/03\/IMG_6168-768x349.jpg 768w, https:\/\/www.anne-frank-gymnasium.de\/wp-content\/uploads\/2019\/03\/IMG_6168-1024x465.jpg 1024w\" sizes=\"auto, (max-width: 4874px) 100vw, 4874px\" \/><\/a><\/strong><\/p>\n<p>&nbsp;<\/p>\n<p>Das Anne-Frank-Gymnasium hat mit dem Schuljahr 2020-2021 nach l\u00e4ngerer Planungs- und Sondierungsphase und intensivem Erfahrungsaustausch mit Pionierschulen zwei iPad-Klassen ab Jahrgangsstufe 7 eingef\u00fchrt, die nun schon im zweiten Jahr Ihr Lernen durch eigene iPads erg\u00e4nzen. Unsere digitale Infrastruktur wurde aufw\u00e4ndig erneuert und verzahnt, bald alle R\u00e4ume verf\u00fcgen \u00fcber drahtlosen Zugang zum Beamer und schnelles Internet und unsere Schulcloud erm\u00f6glicht einen gesteuerten Austausch von Daten, auch im Krankheitsfall. Das Lehrerkollegium wurde ebenfalls mit iPads ausgestattet, bildet sich regelm\u00e4\u00dfig fort und tauscht sich \u00fcber seine Erfahrungen und neue Entwicklungen aus.<\/p>\n<p>Unsere Erfahrungen mit und R\u00fcckmeldung aus den iPad-Klassen waren ganz \u00fcberwiegend positiv, Bedenken bez\u00fcglich Ungleichbehandlung durch entstehende Kosten oder ausufernder Bildschirmzeiten haben sich aufgel\u00f6st. Wir sehen, wie ebenso st\u00e4rkere wie schw\u00e4chere Sch\u00fclerinnen und Sch\u00fcler in ihrer Entwicklung vom Zuwachs an Medienkompetenz profitieren, sowohl im Bereich der technischen und kreativen Nutzung von Medien, als auch im kritischen Umgang mit ihnen, wobei das iPad nicht Selbstzweck sondern Werkzeug sein soll. Daher haben wir uns entschlossen, unsere iPad-Klassen fortzuf\u00fchren und auszubauen. Weitere Informationen erhalten Sie unter den folgenden Links.<\/p>\n<p>&nbsp;<\/p>\n<p>Weitere Informationen:<\/p>\n<ul>\n<li><a href=\"https:\/\/www.anne-frank-gymnasium.de\/?page_id=13868\">Informationen zum Kauf<\/a><\/li>\n<li><a href=\"https:\/\/www.anne-frank-gymnasium.de\/?p=12600\">Erfahrungsbericht <\/a>aus der erstem ersten iPad-Jahrgang<\/li>\n<li><a href=\"https:\/\/www.anne-frank-gymnasium.de\/wp-content\/uploads\/2022\/02\/Regeln-Umgang-iPad-AFG.pdf\">Regeln zur Nutzung von iPads am AFG<\/a><\/li>\n<li><a href=\"https:\/\/www.anne-frank-gymnasium.de\/?cat=87\">Beitr\u00e4ge <\/a>zum Thema iPad<\/li>\n<\/ul>\n<p>&nbsp;<\/p>\n<p>Ben\u00f6tigen Sie Hilfe bei der Einrichtung eines iPads?<\/p>\n<p>Eltern helfen Eltern bei der Konfiguration des Ipads &#8211; Sofern es um allgemeinere technische Fragen geht, bitten wir Sie zun\u00e4chst, die folgende Email-Adresse zu verwenden: <a href=\"mailto:ipadhilfe@afgmail.de\">ipadhilfe@afgmail.de<\/a><\/p>\n<p>Sofern schulinterne Informationen f\u00fcr die Beantwortung n\u00f6tig ist, k\u00f6nnen Sie unter der folgenden Email eine zust\u00e4ndige Lehrkraft erreichen: <a href=\"mailto:ipads@afgmail.de\">ipads@afgmail.de<\/a>.<\/p>\n<p>&nbsp;<\/p>\n<p><img decoding=\"async\" class=\"aligncenter\" src=\"https:\/\/www.anne-frank-gymnasium.de\/wp-content\/uploads\/2020\/12\/IMG_6468-scaled.jpg\" \/><\/p>\n<p>&nbsp;<\/p>\n","protected":false},"excerpt":{"rendered":"<p><a href=\"https:\/\/www.anne-frank-gymnasium.de\/wp-content\/uploads\/2019\/03\/IMG_6168.jpg\"><\/a><\/p>\n<p>&nbsp;<\/p>\n<p>Das Anne-Frank-Gymnasium hat mit dem Schuljahr 2020-2021 nach l\u00e4ngerer Planungs- und Sondierungsphase und intensivem Erfahrungsaustausch mit Pionierschulen zwei iPad-Klassen ab Jahrgangsstufe 7 eingef\u00fchrt, die nun schon im zweiten Jahr Ihr Lernen durch eigene iPads erg\u00e4nzen. Unsere digitale Infrastruktur wurde aufw\u00e4ndig erneuert und verzahnt, bald alle R\u00e4ume verf\u00fcgen \u00fcber drahtlosen Zugang zum Beamer &hellip; <\/p>\n<p><a class=\"more-link btn\" href=\"https:\/\/www.anne-frank-gymnasium.de\/?page_id=12626\">Weiterlesen<\/a><\/p>\n","protected":false},"author":12,"featured_media":0,"parent":9958,"menu_order":0,"comment_status":"closed","ping_status":"closed","template":"","meta":{"footnotes":""},"class_list":["post-12626","page","type-page","status-publish","hentry","nodate","item-wrap"],"_links":{"self":[{"href":"https:\/\/www.anne-frank-gymnasium.de\/index.php?rest_route=\/wp\/v2\/pages\/12626","targetHints":{"allow":["GET"]}}],"collection":[{"href":"https:\/\/www.anne-frank-gymnasium.de\/index.php?rest_route=\/wp\/v2\/pages"}],"about":[{"href":"https:\/\/www.anne-frank-gymnasium.de\/index.php?rest_route=\/wp\/v2\/types\/page"}],"author":[{"embeddable":true,"href":"https:\/\/www.anne-frank-gymnasium.de\/index.php?rest_route=\/wp\/v2\/users\/12"}],"replies":[{"embeddable":true,"href":"https:\/\/www.anne-frank-gymnasium.de\/index.php?rest_route=%2Fwp%2Fv2%2Fcomments&post=12626"}],"version-history":[{"count":13,"href":"https:\/\/www.anne-frank-gymnasium.de\/index.php?rest_route=\/wp\/v2\/pages\/12626\/revisions"}],"predecessor-version":[{"id":17586,"href":"https:\/\/www.anne-frank-gymnasium.de\/index.php?rest_route=\/wp\/v2\/pages\/12626\/revisions\/17586"}],"up":[{"embeddable":true,"href":"https:\/\/www.anne-frank-gymnasium.de\/index.php?rest_route=\/wp\/v2\/pages\/9958"}],"wp:attachment":[{"href":"https:\/\/www.anne-frank-gymnasium.de\/index.php?rest_route=%2Fwp%2Fv2%2Fmedia&parent=12626"}],"curies":[{"name":"wp","href":"https:\/\/api.w.org\/{rel}","templated":true}]}}