{"id":12556,"date":"2020-12-12T17:27:46","date_gmt":"2020-12-12T16:27:46","guid":{"rendered":"https:\/\/www.anne-frank-gymnasium.de\/?page_id=12556"},"modified":"2025-09-16T15:31:23","modified_gmt":"2025-09-16T13:31:23","slug":"sanitaetsraum","status":"publish","type":"page","link":"https:\/\/www.anne-frank-gymnasium.de\/?page_id=12556","title":{"rendered":"Sanit\u00e4tsraum"},"content":{"rendered":"<p><img loading=\"lazy\" decoding=\"async\" class=\"aligncenter wp-image-18939 size-large\" src=\"https:\/\/www.anne-frank-gymnasium.de\/wp-content\/uploads\/2025\/09\/IMG_6531-1-scaled-1-e1758029479832-1024x640.jpg\" alt=\"\" width=\"870\" height=\"544\" srcset=\"https:\/\/www.anne-frank-gymnasium.de\/wp-content\/uploads\/2025\/09\/IMG_6531-1-scaled-1-e1758029479832-1024x640.jpg 1024w, https:\/\/www.anne-frank-gymnasium.de\/wp-content\/uploads\/2025\/09\/IMG_6531-1-scaled-1-e1758029479832-300x188.jpg 300w, https:\/\/www.anne-frank-gymnasium.de\/wp-content\/uploads\/2025\/09\/IMG_6531-1-scaled-1-e1758029479832-768x480.jpg 768w, https:\/\/www.anne-frank-gymnasium.de\/wp-content\/uploads\/2025\/09\/IMG_6531-1-scaled-1-e1758029479832-1536x960.jpg 1536w, https:\/\/www.anne-frank-gymnasium.de\/wp-content\/uploads\/2025\/09\/IMG_6531-1-scaled-1-e1758029479832-2048x1280.jpg 2048w, https:\/\/www.anne-frank-gymnasium.de\/wp-content\/uploads\/2025\/09\/IMG_6531-1-scaled-1-e1758029479832-870x544.jpg 870w\" sizes=\"auto, (max-width: 870px) 100vw, 870px\" \/><\/p>\n<p>In unserem Sanit\u00e4tsraum k\u00f6nnen Sch\u00fclerinnen und Sch\u00fcler mit kleineren Beschwerden behandelt werden. Daf\u00fcr wurden Sch\u00fclerinnen und Sch\u00fcler unseres schuleigenen Sanit\u00e4tsdienstes professionell in Erster Hilfe ausgebildet. Sie k\u00f6nnen \u00fcber die Kommunikationsanlage der Schule gerufen werden und sind vor dem Rettungsdienst vor Ort.<\/p>\n<p>&nbsp;<\/p>\n","protected":false},"excerpt":{"rendered":"<\/p>\n<p>In unserem Sanit\u00e4tsraum k\u00f6nnen Sch\u00fclerinnen und Sch\u00fcler mit kleineren Beschwerden behandelt werden. Daf\u00fcr wurden Sch\u00fclerinnen und Sch\u00fcler unseres schuleigenen Sanit\u00e4tsdienstes professionell in Erster Hilfe ausgebildet. Sie k\u00f6nnen \u00fcber die Kommunikationsanlage der Schule gerufen werden und sind vor dem Rettungsdienst vor Ort.<\/p>\n<p>&nbsp;<\/p>\n","protected":false},"author":12,"featured_media":0,"parent":104,"menu_order":8,"comment_status":"closed","ping_status":"closed","template":"","meta":{"footnotes":""},"class_list":["post-12556","page","type-page","status-publish","hentry","nodate","item-wrap"],"_links":{"self":[{"href":"https:\/\/www.anne-frank-gymnasium.de\/index.php?rest_route=\/wp\/v2\/pages\/12556","targetHints":{"allow":["GET"]}}],"collection":[{"href":"https:\/\/www.anne-frank-gymnasium.de\/index.php?rest_route=\/wp\/v2\/pages"}],"about":[{"href":"https:\/\/www.anne-frank-gymnasium.de\/index.php?rest_route=\/wp\/v2\/types\/page"}],"author":[{"embeddable":true,"href":"https:\/\/www.anne-frank-gymnasium.de\/index.php?rest_route=\/wp\/v2\/users\/12"}],"replies":[{"embeddable":true,"href":"https:\/\/www.anne-frank-gymnasium.de\/index.php?rest_route=%2Fwp%2Fv2%2Fcomments&post=12556"}],"version-history":[{"count":2,"href":"https:\/\/www.anne-frank-gymnasium.de\/index.php?rest_route=\/wp\/v2\/pages\/12556\/revisions"}],"predecessor-version":[{"id":18940,"href":"https:\/\/www.anne-frank-gymnasium.de\/index.php?rest_route=\/wp\/v2\/pages\/12556\/revisions\/18940"}],"up":[{"embeddable":true,"href":"https:\/\/www.anne-frank-gymnasium.de\/index.php?rest_route=\/wp\/v2\/pages\/104"}],"wp:attachment":[{"href":"https:\/\/www.anne-frank-gymnasium.de\/index.php?rest_route=%2Fwp%2Fv2%2Fmedia&parent=12556"}],"curies":[{"name":"wp","href":"https:\/\/api.w.org\/{rel}","templated":true}]}}