{"id":12255,"date":"2020-11-12T17:37:01","date_gmt":"2020-11-12T16:37:01","guid":{"rendered":"https:\/\/www.anne-frank-gymnasium.de\/?page_id=12255"},"modified":"2025-09-16T15:45:44","modified_gmt":"2025-09-16T13:45:44","slug":"sanierung","status":"publish","type":"page","link":"https:\/\/www.anne-frank-gymnasium.de\/?page_id=12255","title":{"rendered":"Sanierung"},"content":{"rendered":"<p>Im Dezember 2019 wurde die Sanierung unseres Schugeb\u00e4udes beschlossen und in den Herbsferien 2020 ging es dann endlich mit den Arbeiten los! Seitdem schreiten die Arbeit gut voran und wir sind zuversichtlich dass die H\u00fcller der Schule bis Ende 2022 in neuem Glanz erscheinen wird.<\/p>\n<p>Der \u00e4ltere, gru\u0308ne Bauteil A des Schulzentrums stammt aus den sp\u00e4ten 1970er Jahren. Damals galt er als innovativ und war hochwertig umgesetzt und noch heute geh\u00f6rt er zu den wenigen Vertretern der 70er Jahre Architektur in unserer Region, dessen Erscheinung konsequent in einer Formensprache gedacht wurde. Die Zeit hat allerdings ihre Spuren hinterlassen. Schon l\u00e4nger war die Fassade der Schule nicht mehr ansehnlich. Fu\u0308r die Sanierung wurde das renommierte Laurensberger Architekturbu\u0308ro Hahn Helten engagiert. Die Hu\u0308lle des Geb\u00e4udes wird \u00e4sthetisch erneuert und auch technisch und energetisch auf den neuesten Stand gebracht, ohne jedoch den spezifischen Charakter des Geb\u00e4udes mit seinen 45 Grad-Ecken zu ver\u00e4ndern. Die Sanierung erfolgt in vier Bauabschnitten bis Ende 2022, wobei die besonders l\u00e4rm- und staubintensiven Arbeiten jeweils in den Ferien stattfinden.<\/p>\n<p><a href=\"https:\/\/www.anne-frank-gymnasium.de\/wp-content\/uploads\/2021\/12\/2021-04-27-14.07.04-scaled.jpg\"><img loading=\"lazy\" decoding=\"async\" class=\"alignleft wp-image-13656 size-large\" src=\"https:\/\/www.anne-frank-gymnasium.de\/wp-content\/uploads\/2021\/12\/2021-04-27-14.07.04-1024x576.jpg\" alt=\"\" width=\"870\" height=\"489\" srcset=\"https:\/\/www.anne-frank-gymnasium.de\/wp-content\/uploads\/2021\/12\/2021-04-27-14.07.04-1024x576.jpg 1024w, https:\/\/www.anne-frank-gymnasium.de\/wp-content\/uploads\/2021\/12\/2021-04-27-14.07.04-300x169.jpg 300w, https:\/\/www.anne-frank-gymnasium.de\/wp-content\/uploads\/2021\/12\/2021-04-27-14.07.04-768x432.jpg 768w, https:\/\/www.anne-frank-gymnasium.de\/wp-content\/uploads\/2021\/12\/2021-04-27-14.07.04-1536x864.jpg 1536w, https:\/\/www.anne-frank-gymnasium.de\/wp-content\/uploads\/2021\/12\/2021-04-27-14.07.04-2048x1152.jpg 2048w, https:\/\/www.anne-frank-gymnasium.de\/wp-content\/uploads\/2021\/12\/2021-04-27-14.07.04-870x489.jpg 870w\" sizes=\"auto, (max-width: 870px) 100vw, 870px\" \/><\/a><\/p>\n<p>Hier sehen wir alt und neu nebeneinander. Das Foto stammt von April 2021.<\/p>\n<p><a href=\"https:\/\/www.anne-frank-gymnasium.de\/wp-content\/uploads\/2021\/12\/IMG_5176-scaled.jpg\"><img loading=\"lazy\" decoding=\"async\" class=\"alignnone wp-image-13657 size-large\" src=\"https:\/\/www.anne-frank-gymnasium.de\/wp-content\/uploads\/2021\/12\/IMG_5176-1024x768.jpg\" alt=\"\" width=\"870\" height=\"653\" srcset=\"https:\/\/www.anne-frank-gymnasium.de\/wp-content\/uploads\/2021\/12\/IMG_5176-1024x768.jpg 1024w, https:\/\/www.anne-frank-gymnasium.de\/wp-content\/uploads\/2021\/12\/IMG_5176-300x225.jpg 300w, https:\/\/www.anne-frank-gymnasium.de\/wp-content\/uploads\/2021\/12\/IMG_5176-768x576.jpg 768w, https:\/\/www.anne-frank-gymnasium.de\/wp-content\/uploads\/2021\/12\/IMG_5176-1536x1152.jpg 1536w, https:\/\/www.anne-frank-gymnasium.de\/wp-content\/uploads\/2021\/12\/IMG_5176-2048x1536.jpg 2048w, https:\/\/www.anne-frank-gymnasium.de\/wp-content\/uploads\/2021\/12\/IMG_5176-870x653.jpg 870w\" sizes=\"auto, (max-width: 870px) 100vw, 870px\" \/><\/a><\/p>\n<p>Blick aus dem hinteren Treppenhaus (November 2021).<\/p>\n<p>&nbsp;<\/p>\n","protected":false},"excerpt":{"rendered":"<p>Im Dezember 2019 wurde die Sanierung unseres Schugeb\u00e4udes beschlossen und in den Herbsferien 2020 ging es dann endlich mit den Arbeiten los! Seitdem schreiten die Arbeit gut voran und wir sind zuversichtlich dass die H\u00fcller der Schule bis Ende 2022 in neuem Glanz erscheinen wird.<\/p>\n<p>Der \u00e4ltere, gru\u0308ne Bauteil A des Schulzentrums stammt aus den &hellip; <\/p>\n<p><a class=\"more-link btn\" href=\"https:\/\/www.anne-frank-gymnasium.de\/?page_id=12255\">Weiterlesen<\/a><\/p>\n","protected":false},"author":12,"featured_media":0,"parent":104,"menu_order":9,"comment_status":"closed","ping_status":"closed","template":"","meta":{"footnotes":""},"class_list":["post-12255","page","type-page","status-publish","hentry","nodate","item-wrap"],"_links":{"self":[{"href":"https:\/\/www.anne-frank-gymnasium.de\/index.php?rest_route=\/wp\/v2\/pages\/12255","targetHints":{"allow":["GET"]}}],"collection":[{"href":"https:\/\/www.anne-frank-gymnasium.de\/index.php?rest_route=\/wp\/v2\/pages"}],"about":[{"href":"https:\/\/www.anne-frank-gymnasium.de\/index.php?rest_route=\/wp\/v2\/types\/page"}],"author":[{"embeddable":true,"href":"https:\/\/www.anne-frank-gymnasium.de\/index.php?rest_route=\/wp\/v2\/users\/12"}],"replies":[{"embeddable":true,"href":"https:\/\/www.anne-frank-gymnasium.de\/index.php?rest_route=%2Fwp%2Fv2%2Fcomments&post=12255"}],"version-history":[{"count":6,"href":"https:\/\/www.anne-frank-gymnasium.de\/index.php?rest_route=\/wp\/v2\/pages\/12255\/revisions"}],"predecessor-version":[{"id":18949,"href":"https:\/\/www.anne-frank-gymnasium.de\/index.php?rest_route=\/wp\/v2\/pages\/12255\/revisions\/18949"}],"up":[{"embeddable":true,"href":"https:\/\/www.anne-frank-gymnasium.de\/index.php?rest_route=\/wp\/v2\/pages\/104"}],"wp:attachment":[{"href":"https:\/\/www.anne-frank-gymnasium.de\/index.php?rest_route=%2Fwp%2Fv2%2Fmedia&parent=12255"}],"curies":[{"name":"wp","href":"https:\/\/api.w.org\/{rel}","templated":true}]}}