{"id":122,"date":"2012-07-10T01:05:53","date_gmt":"2012-07-09T23:05:53","guid":{"rendered":"http:\/\/pegasus.informatik.rwth-aachen.de\/?page_id=122"},"modified":"2025-10-09T15:33:57","modified_gmt":"2025-10-09T13:33:57","slug":"mittagsbetreuung","status":"publish","type":"page","link":"https:\/\/www.anne-frank-gymnasium.de\/?page_id=122","title":{"rendered":"\u00dcbermittagsbetreuung"},"content":{"rendered":"<p>Wir bieten eine P\u00e4dagogische \u00dcbermittagsbetreuung f\u00fcr alle Sch\u00fclerinnen und Sch\u00fcler der 5. bis 6. Klassen an. Ihre Kinder werden von Mitarbeiter\/innen der &#8222;AWO&#8220; montags bis donnerstags in der Zeit von 13.20 Uhr bis 15.30 Uhr betreut. Nach einer beaufsichtigten Mittagspause in unserer\u00a0 Mensa, k\u00f6nnen die Kinder verschiedene Betreuungsangebote in Anspruch nehmen. Es gibt t\u00e4glich eine Hausaufgabenbetreuung. Dort haben die Sch\u00fclerinnen und Sch\u00fcler die Gelegenheit &#8211; unter Aufsicht -ihre Hausaufgaben zu machen.<\/p>\n<p>Im \u201eChill-Out\u201c k\u00f6nnen unsere Sch\u00fclerinnen und Sch\u00fcler Gesellschaftsspiele spielen oder sich ausruhen. Zus\u00e4tzlich bieten wir bei entsprechender Nachfrage Kurse f\u00fcr verschiedene Bereiche an, z.B. Sport, Sprache, Computer, Kunst oder Theater.<\/p>\n<p>Anmeldeformulare bzw. Vertr\u00e4ge zur P\u00e4dagogischen Nachmittagsbetreuung erhalten Sie zus\u00e4tzlich im Sekretariat des Anne-Frank-Gymnasiums.<\/p>\n","protected":false},"excerpt":{"rendered":"<p>Wir bieten eine P\u00e4dagogische \u00dcbermittagsbetreuung f\u00fcr alle Sch\u00fclerinnen und Sch\u00fcler der 5. bis 6. Klassen an. Ihre Kinder werden von Mitarbeiter\/innen der &#8222;AWO&#8220; montags bis donnerstags in der Zeit von 13.20 Uhr bis 15.30 Uhr betreut. Nach einer beaufsichtigten Mittagspause in unserer\u00a0 Mensa, k\u00f6nnen die Kinder verschiedene Betreuungsangebote in Anspruch nehmen. Es gibt t\u00e4glich eine &hellip; <\/p>\n<p><a class=\"more-link btn\" href=\"https:\/\/www.anne-frank-gymnasium.de\/?page_id=122\">Weiterlesen<\/a><\/p>\n","protected":false},"author":6,"featured_media":0,"parent":34,"menu_order":5,"comment_status":"closed","ping_status":"closed","template":"","meta":{"footnotes":""},"class_list":["post-122","page","type-page","status-publish","hentry","nodate","item-wrap"],"_links":{"self":[{"href":"https:\/\/www.anne-frank-gymnasium.de\/index.php?rest_route=\/wp\/v2\/pages\/122","targetHints":{"allow":["GET"]}}],"collection":[{"href":"https:\/\/www.anne-frank-gymnasium.de\/index.php?rest_route=\/wp\/v2\/pages"}],"about":[{"href":"https:\/\/www.anne-frank-gymnasium.de\/index.php?rest_route=\/wp\/v2\/types\/page"}],"author":[{"embeddable":true,"href":"https:\/\/www.anne-frank-gymnasium.de\/index.php?rest_route=\/wp\/v2\/users\/6"}],"replies":[{"embeddable":true,"href":"https:\/\/www.anne-frank-gymnasium.de\/index.php?rest_route=%2Fwp%2Fv2%2Fcomments&post=122"}],"version-history":[{"count":84,"href":"https:\/\/www.anne-frank-gymnasium.de\/index.php?rest_route=\/wp\/v2\/pages\/122\/revisions"}],"predecessor-version":[{"id":19088,"href":"https:\/\/www.anne-frank-gymnasium.de\/index.php?rest_route=\/wp\/v2\/pages\/122\/revisions\/19088"}],"up":[{"embeddable":true,"href":"https:\/\/www.anne-frank-gymnasium.de\/index.php?rest_route=\/wp\/v2\/pages\/34"}],"wp:attachment":[{"href":"https:\/\/www.anne-frank-gymnasium.de\/index.php?rest_route=%2Fwp%2Fv2%2Fmedia&parent=122"}],"curies":[{"name":"wp","href":"https:\/\/api.w.org\/{rel}","templated":true}]}}