{"id":12120,"date":"2020-10-07T13:49:58","date_gmt":"2020-10-07T11:49:58","guid":{"rendered":"https:\/\/www.anne-frank-gymnasium.de\/?page_id=12120"},"modified":"2023-02-06T18:06:58","modified_gmt":"2023-02-06T17:06:58","slug":"nutzungsordnung-it","status":"publish","type":"page","link":"https:\/\/www.anne-frank-gymnasium.de\/?page_id=12120","title":{"rendered":"IT Nutzungsordnung"},"content":{"rendered":"<p><strong>Hinweis:<\/strong> <em>In der Startphase werden die Anmeldungen von der SV stufenweise \u00fcber die Kurssprecher eingesammelt. Bitte wendet euch bei Fragen \u00fcber eure Klassen- oder Stufensprecher an die SV.<\/em><\/p>\n<h2>Nutzungsordnung der Computereinrichtungen des Anne-Frank-Gymnasiums<br \/>\nSeptember 2020<\/h2>\n<h2>A. Allgemeines<\/h2>\n<p>Diese Benutzerordnung regelt die Benutzung der IT-Einrichtungen des Anne-Frank-Gymnasiums. Zuwiderhandlungen gegen diese Nutzungsordnung k\u00f6nnen neben dem Entzug der Nutzungsberechtigung schul-ordnungsrechtliche Ma\u00dfnahmen zur Folge haben.<\/p>\n<p>Nachfolgende Regelung gilt f\u00fcr die Benutzung von schulischen Computereinrichtungen und der zugeh\u00f6rigen Netzwerke durch Sch\u00fclerinnen und Sch\u00fcler. Dabei gilt Teil B f\u00fcr jede Nutzung der Schulcomputer. Teil C erg\u00e4nzt Teil B in Bezug auf die Nutzung au\u00dferhalb des Unterrichtes.<br \/>\nAnlage 1 regelt die Bereitstellung eines Internet-Zugangs \u00fcber WLAN.<br \/>\nAnlage 2 regelt die Nutzung von Cloudspeichern.<\/p>\n<p>Alle Nutzer werden \u00fcber diese Nutzungsordnung unterrichtet. Die Sch\u00fclerinnen und Sch\u00fcler sowie im Falle der Minderj\u00e4hrigkeit ihre Erziehungsberechtigten versichern durch ihre Unterschrift (siehe Anlage), dass sie diese Ordnung anerkennen.<\/p>\n<h2>B. Regeln f\u00fcr jede Nutzung<\/h2>\n<h3>Passw\u00f6rter<\/h3>\n<p>Alle Sch\u00fclerinnen und Sch\u00fcler erhalten eine individuelle Nutzerkennung und ein Passwort, mit dem sie sich an vernetzten Computern der Schule anmelden k\u00f6nnen. Vor der ersten Benutzung muss ggf. das eigene Benutzerkonto, der Account, freigeschaltet werden; ohne individuelles Passwort ist keine Arbeit am Computer m\u00f6glich. Nach Beendigung der Nutzung hat sich die Sch\u00fclerin oder der Sch\u00fcler am PC vom Netzwerk abzumelden.<\/p>\n<p>F\u00fcr unter der Nutzerkennung erfolgte Handlungen werden Sch\u00fclerinnen und Sch\u00fcler verantwortlich gemacht. Deshalb muss das Passwort vertraulich gehalten werden. Das Arbeiten unter einem fremden Passwort ist verboten. Wer ein fremdes Passwort erf\u00e4hrt, ist verpflichtet, dies der Schule mitzuteilen.<\/p>\n<p>Es sind sichere Passw\u00f6rter zu verwenden. Dabei muss das ausgew\u00e4hlte Passwort mindestens 8 Zeichen lang sein, Gro\u00df- und Kleinschreibung sowie ein Sonderzeichen enthalten.<\/p>\n<h3>Datenschutz und Datensicherheit<\/h3>\n<p>Das Anlegen von Sicherheitskopien wichtiger pers\u00f6nlicher Dateien wird dringend empfohlen.<br \/>\nDas Anne-Frank-Gymnasium ist in Wahrnehmung seiner Aufsichtspflicht berechtigt, den durch den Provider (RegioIT) gespeicherten Datenverkehr zu kontrollieren. Diese Daten werden in der Regel nach einem Monat, sp\u00e4testens jedoch zu Beginn eines jeden neuen Schuljahres gel\u00f6scht. Dies gilt nicht, wenn Tatsachen den Verdacht eines schwerwiegenden Missbrauches der schulischen Computer begr\u00fcnden.<\/p>\n<p>Das Anne-Frank-Gymnasium wird von seinen Einsichtsrechten nur in F\u00e4llen des Verdachts von Missbrauch Gebrauch machen.<\/p>\n<p>Lehrkr\u00e4fte des Anne-Frank-Gymnasium sind berechtigt auch au\u00dferhalb eines konkreten Verdachtsfalles stichprobenartig die pers\u00f6nlichen Verzeichnisse der Nutzer einzusehen.<\/p>\n<h3>Eingriffe in die Hard- und Softwareinstallation<\/h3>\n<p>Ver\u00e4nderungen der Installation und Konfiguration der Arbeitsstationen und des Netzwerkes sowie Manipulationen an der Hardwareausstattung sind grunds\u00e4tzlich untersagt.<br \/>\nFremdger\u00e4te d\u00fcrfen nicht an Computer oder an das Netzwerk angeschlossen werden. Die Nutzung von Datenspeichern (z.B. USB-Sticks) bedarf der Erlaubnis eines Lehrers. Ausnahmen zum WLAN regelt Anhang 1.<\/p>\n<p>Unn\u00f6tiges Datenaufkommen durch Laden und Versenden von gro\u00dfen Dateien (z.B. Videos) aus dem Internet, ist zu vermeiden. Sollte ein Nutzer unberechtigt gr\u00f6\u00dfere Datenmengen, die offensichtlich nicht f\u00fcr den Unterricht gedacht sind, in seinem Arbeitsbereich ablegen, ist die Schule berechtigt, diese Daten zu l\u00f6schen.<\/p>\n<h3>Schutz der Ger\u00e4te<\/h3>\n<p>Die Bedienung der Hard- und Software hat entsprechend den Instruktionen zu erfolgen. St\u00f6rungen oder Sch\u00e4den sind sofort der f\u00fcr die Computernutzung verantwortlichen Person zu melden. Wer schuldhaft Sch\u00e4den verursacht, hat diese zu ersetzen.<\/p>\n<p>Die Tastaturen sind durch Schmutz und Fl\u00fcssigkeiten besonders gef\u00e4hrdet. Deshalb ist w\u00e4hrend der Nutzung der Schulcomputer Essen und Trinken verboten.<\/p>\n<h3>Nutzung von Informationen aus dem Internet<\/h3>\n<p>Der Internet-Zugang soll grunds\u00e4tzlich nur f\u00fcr schulische Zwecke genutzt werden. Als schulisch ist auch ein elektronischer Informationsaustausch anzusehen, der unter Ber\u00fccksichtigung seines Inhalts und des Adressatenkreises mit der schulischen Arbeit im Zusammenhang steht.<br \/>\nDas Herunterladen von Anwendungen ist nur mit Einwilligung der Schule zul\u00e4ssig.<\/p>\n<p>Das Anne-Frank-Gymnasium ist nicht f\u00fcr den Inhalt der \u00fcber ihren Zugang abrufbaren Angebote Dritter im Internet verantwortlich.<\/p>\n<p>Im Namen der Schule d\u00fcrfen weder Vertragsverh\u00e4ltnisse eingegangen noch ohne Erlaubnis kostenpflichtige Dienste im Internet benutzt werden.<\/p>\n<p>Bei der Weiterverarbeitung von Daten aus dem Internet sind insbesondere Urheber- oder Nutzungsrechte zu beachten.<\/p>\n<h3>Versenden von Informationen in das Internet<\/h3>\n<p>Werden Informationen aus dem Schulnetzwerk in das Internet versandt, geschieht das unter Beachtung der allgemein anerkannten Umgangsformen.<\/p>\n<p>F\u00fcr fremde Inhalte ist insbesondere das Urheberrecht zu beachten. So d\u00fcrfen zum Beispiel digitalisierte Texte, Bilder und andere Materialien nur mit Erlaubnis der Urheber in eigenen Internetseiten verwandt werden. Der Urheber ist zu nennen, wenn dieser es w\u00fcnscht.<\/p>\n<p>Das Recht am eigenen Bild ist zu beachten. Die Ver\u00f6ffentlichung von Fotos und Sch\u00fclermaterialien im Internet ist nur gestattet mit der Genehmigung der Sch\u00fclerinnen und Sch\u00fcler sowie im Falle der Minderj\u00e4hrigkeit ihrer Erziehungsberechtigten.<\/p>\n<h2>C. Erg\u00e4nzende Regeln f\u00fcr die Nutzung au\u00dferhalb des Unterrichtes<\/h2>\n<p>Au\u00dferhalb des Unterrichts kann im Rahmen der medienp\u00e4dagogischen Arbeit Sch\u00fclerinnen und Sch\u00fclern ein Nutzungsrecht gew\u00e4hrt werden.<\/p>\n<p>Eigenes Arbeiten au\u00dferhalb des Unterrichts an schuleigenen Computern ist f\u00fcr Sch\u00fclerinnen und Sch\u00fcler nur unter Aufsicht gestattet. Ausgenommen ist der Sch\u00fclerarbeitsraum, in dem Oberstufensch\u00fcler auch ohne direkte Aufsicht die Computer nutzen d\u00fcrfen.<\/p>\n<p>Die Nutzer werden \u00fcber diese Nutzungsordnung unterrichtet. Die Sch\u00fclerinnen und Sch\u00fcler sowie im Falle der Minderj\u00e4hrigkeit ihre Erziehungsberechtigten versichern durch ihre Unterschrift (siehe Anlage), dass sie diese Ordnung anerkennen. Dies ist Voraussetzung f\u00fcr die Nutzung.<\/p>\n<h3>Aufsichtspersonen<\/h3>\n<p>Aufsichtspersonen sind weisungsberechtigt. Dazu k\u00f6nnen neben Lehrkr\u00e4ften und sonstigen Bediensteten der Schule auch Eltern und f\u00fcr diese Aufgabe geeignete Sch\u00fclerinnen und Sch\u00fcler eingesetzt werden.<\/p>\n<h2>Anlage 1 zur Nutzungsordnung der Computereinrichtungen: WLAN<\/h2>\n<h3>Bereitstellung einer Internetverbindung \u00fcber ein drahtloses Netzwerk (WLAN)<\/h3>\n<p>Das Anne-Frank\u2010Gymnasium er\u00f6ffnet seinen Sch\u00fclerinnen und Sch\u00fclern in Teilbereichen des Schulgel\u00e4ndes als freiwilliges Angebot kostenlos den Zugang zum Internet mit privaten Endger\u00e4ten (Notebooks \/ Tablet-PCs \/ Smartphones) \u00fcber ein WLAN. Ein Anspruch auf Zulassung zur Internetnutzung besteht nicht. Das freiwillige Angebot der Internet\u2010Nutzungsm\u00f6glichkeit kann individuell oder generell durch die Schule eingeschr\u00e4nkt werden.<\/p>\n<p>Die Nutzung hat ausschlie\u00dflich f\u00fcr unterrichtliche Zwecke zu erfolgen und geschieht auf eigene Gefahr und Verantwortung. Einen Schutz gegen Attacken aus dem Internet oder durch andere Mitbenutzer des Internetzugangs gibt es von Seiten des Anne-Frank-Gymnasiums nicht. Einen Virenschutz oder eine sogenannte Firewall-Konfiguration liegt in der eigenen Verantwortung der Benutzer. Gleichwohl werden jugendgef\u00e4hrdende Webseiten mit einer Filterfunktion automatisch gesperrt.<\/p>\n<p>Folgende erg\u00e4nzende Regelungen zur allgemeinen Nutzungsordnung der Computereinrichtungen des Anne-Frank-Gymnasiums sind zu befolgen:<\/p>\n<ol>\n<li>Einhaltung der g\u00fcltigen Datenschutzbestimmungen, insbesondere des BDSG (Bundesdatenschutzgesetzes), DSG NRW (Datenschutzgesetz NRW), TKG (Tele-kommunikationsgesetz) und TMG (Telemediengesetz).<\/li>\n<li>Der Zugang \u00fcber das WLAN in das Internet darf nur \u00fcber solche Systeme erfolgen, die einen angemessenen, aktuellen Schutz gegen Schadsoftware aufweisen.<\/li>\n<li>Der Abruf und die Verteilung von Dateien (Down- und Uploads), welche gegen das Urheberrecht versto\u00dfen, sind unzul\u00e4ssig. Dies bedeutet insbesondere, dass die Teilnahme an bzw. Nutzung von Tauschb\u00f6rsen, insbesondere Musik-, Foto- und Filmb\u00f6rsen sowie Sozialen Medien, unzul\u00e4ssig ist.<\/li>\n<li>Der Austausch von privaten und \/ oder nicht-unterrichtsbezogenen Daten \u00fcber den WLAN-Zugang ist unzul\u00e4ssig.<\/li>\n<li>Bei Teilnahme an Chat- oder sonstigen Kommunikationsdiensten ist das Ansehen der Schule und deren Lehrer \/-innen zu wahren.<\/li>\n<li>Der Aufruf kostenpflichtiger Seiten ist untersagt.<\/li>\n<li>Die zur Verf\u00fcgung gestellten WLAN-Zugangsdaten d\u00fcrfen keinesfalls an Dritte weitergegeben werden. Er wird einem f\u00fcr die Nutzung des WLAN autorisierten Nutzer pers\u00f6nlich mitgeteilt und ist von diesem unter Verschluss zu halten. Sollte ein Versto\u00df gegen diese Verpflichtung zur Geheimhaltung des WLAN-Schl\u00fcssels Ma\u00dfnahmen nach sich ziehen, die mit Kosten verbunden sind, gehen diese Kosten zu Lasten des Verursachers.<\/li>\n<\/ol>\n<p>Sie sind verpflichtet die aufgef\u00fchrten Bestimmungen im Rahmen Ihrer WLAN-Nutzung zu beachten und anzuwenden. Sollten Situationen oder Umst\u00e4nde auftreten, die nicht oder nicht eindeutig in den genannten Bestimmungen ber\u00fccksichtigt sind, so sind Sie verpflichtet, dies umgehend mit dem \/ der f\u00fcr Sie zust\u00e4ndigen Lehrer\/-in zu kl\u00e4ren.<br \/>\nSofern weitergehende Informationen zu den Bestimmungen gew\u00fcnscht sind, wenden Sie sich bitte an den zust\u00e4ndigen Ansprechpartner Ihrer Schule.<\/p>\n<h2>Anlage 2 zur Nutzungsordnung der Computereinrichtungen: Cloudspeicher<\/h2>\n<h3>Gegenstand<\/h3>\n<p>ucloud4schools: Mit der ucloud4schools stellt die Stadt Aachen als Schultr\u00e4ger den st\u00e4dtischen Schulen \u00fcber ihren Dienstleister regioIT einen Speicherort zur Verf\u00fcgung, auf den mittels unterschiedlicher Endger\u00e4te via Internet zugegriffen werden kann.<\/p>\n<h3>Funktionen; Zugang; Inhalte und Benutzerkonto<\/h3>\n<p>Der Zugriff auf die der Schule bereitgestellte ucloud4schools-Instanz erfolgt \u00fcber das f\u00fcr die Schule eingerichtete Webportal oder durch die Schule freigegebene Software.<br \/>\nDie Nutzung der Dienste setzt die Anlage eines Benutzerkontos voraus. Daf\u00fcr werden Vor- und Nachname sowie das Geburtsdatum zur Unterscheidung bei Namensgleichheiten \u00fcbermittelt.<\/p>\n<p>Das Benutzerkonto und s\u00e4mtliche dazu gespeicherten Daten werden mit Verlassen der Schule automatisch und im \u00dcbrigen auf Wunsch der Nutzerin\/ des Nutzers gel\u00f6scht. Dar\u00fcber hinaus kann das Nutzerkonto gel\u00f6scht werden, wenn gegen die Nutzungsbedingungen schwerwiegend oder wiederholt versto\u00dfen wurde. Die Nutzung der Cloudspeicher bzw. einzelner Nutzerkonten kann auch zur St\u00f6rungsbeseitigung sowie zur Systemadministration\/-erweiterung vor\u00fcbergehend gesperrt werden.<\/p>\n<h3>Verarbeitung personenbezogener Daten; Zugriff auf Inhalte; Verschl\u00fcsselung<\/h3>\n<p>Der Cloudanbieter speichert neben den abgespeicherten Daten Vor- und Nachname sowie ein aus dem Geburtsdatum ermitteltes Wort f\u00fcr die Zugangsberechtigung. Damit auf Daten immer nur von berechtigten Personen zugegriffen werden kann, k\u00f6nnen geschlossene Benutzergruppen (Kurse, Klassen) gebildet werden. Inhalte k\u00f6nnen zur Beendigung von Rechtsverst\u00f6\u00dfen bearbeitet, gesperrt oder gel\u00f6scht werden, wenn die Nutzerin\/der Nutzer einer entsprechenden Aufforderung durch den IT-Dienstleister oder die Schule nicht unverz\u00fcglich nachkommt.<br \/>\nIn Abstimmung mit der Schule k\u00f6nnen Inhalte der Cloudspeicher mit einer Verschl\u00fcsselung versehen werden, um eine unautorisierte Nutzung zu verhindern. Diese Kodierungen d\u00fcrfen von den Nutzern nicht beseitigt werden, die Entschl\u00fcsselung erfolgt in diesem Fall \u00fcber ein Passwort.<\/p>\n<h2>Zustimmungserkl\u00e4rung<\/h2>\n<p>Die <a href=\"https:\/\/www.anne-frank-gymnasium.de\/wp-content\/uploads\/2020\/09\/Zustimmung-Nutzungsordnung.pdf\">Zustimmung zur Nutzungsordnung<\/a>, die zur Freischaltung des WLAN notwendig ist, kann <a href=\"https:\/\/www.anne-frank-gymnasium.de\/wp-content\/uploads\/2020\/09\/Zustimmung-Nutzungsordnung.pdf\">hier<\/a> heruntergeladen werden.<\/p>\n<p>[su_document url=&#8220;https:\/\/www.anne-frank-gymnasium.de\/wp-content\/uploads\/2020\/09\/Zustimmung-Nutzungsordnung.pdf&#8220; width=&#8220;600&#8243; height=&#8220;600&#8243; responsive=&#8220;yes&#8220; class=&#8220;&#8220;]<\/p>\n","protected":false},"excerpt":{"rendered":"<p>Hinweis: In der Startphase werden die Anmeldungen von der SV stufenweise \u00fcber die Kurssprecher eingesammelt. Bitte wendet euch bei Fragen \u00fcber eure Klassen- oder Stufensprecher an die SV.<\/p>\n<p> Nutzungsordnung der Computereinrichtungen des Anne-Frank-Gymnasiums September 2020 A. Allgemeines <\/p>\n<p>Diese Benutzerordnung regelt die Benutzung der IT-Einrichtungen des Anne-Frank-Gymnasiums. Zuwiderhandlungen gegen diese Nutzungsordnung k\u00f6nnen neben dem Entzug der &hellip; <\/p>\n<p><a class=\"more-link btn\" href=\"https:\/\/www.anne-frank-gymnasium.de\/?page_id=12120\">Weiterlesen<\/a><\/p>\n","protected":false},"author":6,"featured_media":0,"parent":11694,"menu_order":0,"comment_status":"closed","ping_status":"closed","template":"","meta":{"footnotes":""},"class_list":["post-12120","page","type-page","status-publish","hentry","nodate","item-wrap"],"_links":{"self":[{"href":"https:\/\/www.anne-frank-gymnasium.de\/index.php?rest_route=\/wp\/v2\/pages\/12120","targetHints":{"allow":["GET"]}}],"collection":[{"href":"https:\/\/www.anne-frank-gymnasium.de\/index.php?rest_route=\/wp\/v2\/pages"}],"about":[{"href":"https:\/\/www.anne-frank-gymnasium.de\/index.php?rest_route=\/wp\/v2\/types\/page"}],"author":[{"embeddable":true,"href":"https:\/\/www.anne-frank-gymnasium.de\/index.php?rest_route=\/wp\/v2\/users\/6"}],"replies":[{"embeddable":true,"href":"https:\/\/www.anne-frank-gymnasium.de\/index.php?rest_route=%2Fwp%2Fv2%2Fcomments&post=12120"}],"version-history":[{"count":9,"href":"https:\/\/www.anne-frank-gymnasium.de\/index.php?rest_route=\/wp\/v2\/pages\/12120\/revisions"}],"predecessor-version":[{"id":15541,"href":"https:\/\/www.anne-frank-gymnasium.de\/index.php?rest_route=\/wp\/v2\/pages\/12120\/revisions\/15541"}],"up":[{"embeddable":true,"href":"https:\/\/www.anne-frank-gymnasium.de\/index.php?rest_route=\/wp\/v2\/pages\/11694"}],"wp:attachment":[{"href":"https:\/\/www.anne-frank-gymnasium.de\/index.php?rest_route=%2Fwp%2Fv2%2Fmedia&parent=12120"}],"curies":[{"name":"wp","href":"https:\/\/api.w.org\/{rel}","templated":true}]}}