{"id":12035,"date":"2020-09-16T16:12:06","date_gmt":"2020-09-16T14:12:06","guid":{"rendered":"https:\/\/www.anne-frank-gymnasium.de\/?page_id=12035"},"modified":"2025-04-04T12:03:17","modified_gmt":"2025-04-04T10:03:17","slug":"beratungsangebot-zur-studien-und-berufswahlorientierung-der-agentur-fuer-arbeit","status":"publish","type":"page","link":"https:\/\/www.anne-frank-gymnasium.de\/?page_id=12035","title":{"rendered":"Beratungsangebot zur Studien- und Berufswahlorientierung der Agentur f\u00fcr Arbeit"},"content":{"rendered":"\r\n<p>Im Rahmen einer Kooperation mit der Agentur f\u00fcr Arbeit bieten wir unseren Sch\u00fclerinnen und Sch\u00fclern verschiedene Angebote zur Studien- und Berufswahlorientierung.<\/p>\r\n<p>Ein wichtiger Baustein unseres Konzepts ist die pers\u00f6nliche Studien- und Berufsberatung von Anke Hahn von der Agentur f\u00fcr Arbeit, die monatlich stattfindet. Sch\u00fclerinnen und Sch\u00fcler k\u00f6nnen sich nach Vereinbarung eines Gespr\u00e4chstermins eine Stunde lang individuell zu diesem Themenfeld beraten lassen, dies auch gerne mehrfach und werden so optimal in ihrem Findungsprozess begleitet.<\/p>\r\n<p>Wann Anke Hahn in der Schule ist, wird den Sch\u00fclerinnen und Sch\u00fclern durch die StuBos mitgeteilt, i.d.R. per E-Mail. Die Buchung der Zeitfenster findet anschlie\u00dfend ebenfalls per E-Mail statt. Ort der Beratung: C114, StuBo-B\u00fcro.<\/p>\r\n<p>Anke Hahn freut sich \u00fcber reges Interesse.<\/p>\r\n\r\n\r\n\r\n<p>Ansprechperson am AFG: Frau Schouten (<a href=\"mailto:StuBo@afgmail.de\" target=\"_blank\" rel=\"noreferrer noopener\">StuBo@afgmail.de<\/a>)<\/p>\r\n\r\n\r\n<a href=\"https:\/\/www.anne-frank-gymnasium.de\/wp-content\/uploads\/2025\/04\/aktualisierter-Flyer_Schuljahr-2025_AFG.pdf\" class=\"pdfemb-viewer\" style=\"\" data-width=\"max\" data-height=\"max\" data-toolbar=\"bottom\" data-toolbar-fixed=\"off\">Flyer_Schuljahr 2025_Agentur_fuer_Arbeit<\/a>\n\r\n\r\n\r\n<p>&nbsp;<\/p>\r\n\r\n\r\n\r\n<p>&nbsp;<\/p>\r\n","protected":false},"excerpt":{"rendered":"<p>Im Rahmen einer Kooperation mit der Agentur f\u00fcr Arbeit bieten wir unseren Sch\u00fclerinnen und Sch\u00fclern verschiedene Angebote zur Studien- und Berufswahlorientierung.<\/p>\n<p>Ein wichtiger Baustein unseres Konzepts ist die pers\u00f6nliche Studien- und Berufsberatung von Anke Hahn von der Agentur f\u00fcr Arbeit, die monatlich stattfindet. Sch\u00fclerinnen und Sch\u00fcler k\u00f6nnen sich nach Vereinbarung eines Gespr\u00e4chstermins eine Stunde lang &hellip; <\/p>\n<p><a class=\"more-link btn\" href=\"https:\/\/www.anne-frank-gymnasium.de\/?page_id=12035\">Weiterlesen<\/a><\/p>\n","protected":false},"author":12,"featured_media":0,"parent":2998,"menu_order":9,"comment_status":"closed","ping_status":"closed","template":"","meta":{"footnotes":""},"class_list":["post-12035","page","type-page","status-publish","hentry","nodate","item-wrap"],"_links":{"self":[{"href":"https:\/\/www.anne-frank-gymnasium.de\/index.php?rest_route=\/wp\/v2\/pages\/12035","targetHints":{"allow":["GET"]}}],"collection":[{"href":"https:\/\/www.anne-frank-gymnasium.de\/index.php?rest_route=\/wp\/v2\/pages"}],"about":[{"href":"https:\/\/www.anne-frank-gymnasium.de\/index.php?rest_route=\/wp\/v2\/types\/page"}],"author":[{"embeddable":true,"href":"https:\/\/www.anne-frank-gymnasium.de\/index.php?rest_route=\/wp\/v2\/users\/12"}],"replies":[{"embeddable":true,"href":"https:\/\/www.anne-frank-gymnasium.de\/index.php?rest_route=%2Fwp%2Fv2%2Fcomments&post=12035"}],"version-history":[{"count":7,"href":"https:\/\/www.anne-frank-gymnasium.de\/index.php?rest_route=\/wp\/v2\/pages\/12035\/revisions"}],"predecessor-version":[{"id":18472,"href":"https:\/\/www.anne-frank-gymnasium.de\/index.php?rest_route=\/wp\/v2\/pages\/12035\/revisions\/18472"}],"up":[{"embeddable":true,"href":"https:\/\/www.anne-frank-gymnasium.de\/index.php?rest_route=\/wp\/v2\/pages\/2998"}],"wp:attachment":[{"href":"https:\/\/www.anne-frank-gymnasium.de\/index.php?rest_route=%2Fwp%2Fv2%2Fmedia&parent=12035"}],"curies":[{"name":"wp","href":"https:\/\/api.w.org\/{rel}","templated":true}]}}