{"id":11353,"date":"2020-04-22T11:59:01","date_gmt":"2020-04-22T09:59:01","guid":{"rendered":"https:\/\/www.anne-frank-gymnasium.de\/?page_id=11353"},"modified":"2025-05-09T14:54:54","modified_gmt":"2025-05-09T12:54:54","slug":"wahlpflicht-i-2-fremdsprache","status":"publish","type":"page","link":"https:\/\/www.anne-frank-gymnasium.de\/?page_id=11353","title":{"rendered":"Wahlpflichtbereich I (Zweite Fremdsprache)"},"content":{"rendered":"<div class=\"entry-content clearfix\">\n<p>Mit dem Eintritt in die Mittelstufe in Klasse 7 beginnt am Gymnasium (G9) der Unterricht in der zweiten Fremdsprache. Zus\u00e4tzlich zu unseren Informationsveranstaltungen f\u00fcr Eltern und Sch\u00fclerInnen im zweiten Halbjahr der Klasse 6 finden Sie hier folgende Informationen:<\/p>\n<ul>\n<li>Allgemeine Informationen zur Wahl der zweiten Fremdsprache<\/li>\n<li>Informationen zu Franz\u00f6sisch und Latein sowie dem jeweiligen Unterricht am AFG<\/li>\n<li>Informationen zu Ansprechpartnern<\/li>\n<\/ul>\n<p>&nbsp;<\/p>\n<p><strong>Allgemeine Informationen zur Wahl der zweiten Fremdsprache<\/strong><\/p>\n<a href=\"https:\/\/www.anne-frank-gymnasium.de\/wp-content\/uploads\/2025\/05\/Allgemeine-Informationen-WPI-G9-Elternabend_Schulmanager.pdf\" class=\"pdfemb-viewer\" style=\"\" data-width=\"max\" data-height=\"max\" data-toolbar=\"bottom\" data-toolbar-fixed=\"off\">Allgemeine Informationen-WPI-G9-Elternabend_Schulmanager<\/a>\n<p>&nbsp;<\/p>\n<p><strong>Franz\u00f6sisch <\/strong><\/p>\n<p><a href=\"https:\/\/www.anne-frank-gymnasium.de\/wp-content\/uploads\/2024\/11\/Vorstellung_F_2FS_2020-klein.pdf\">Pr\u00e4sentation Elternabend 2025<\/a><\/p>\n<p>-&gt; Besuchen Sie die <a href=\"https:\/\/www.anne-frank-gymnasium.de\/?page_id=8351\" target=\"_blank\" rel=\"noopener noreferrer\">Homepage-Seite <em>Franz\u00f6sisch am AFG<\/em><\/a> mit vielen weiteren Informationen zur Entscheidungsfindung.<\/p>\n<\/div>\n<p>&nbsp;<\/p>\n<p>&nbsp;<\/p>\n<p><strong>Latein<\/strong><\/p>\n<div class=\"entry-content clearfix\">\n<p><a href=\"https:\/\/www.anne-frank-gymnasium.de\/wp-content\/uploads\/2025\/05\/Latein-2.-Fremdsprache-2025Compatibility-Mode.pdf\">Pr\u00e4sentation Elternabend 2025<\/a><\/p>\n<p>-&gt; Besuchen Sie die <a href=\"https:\/\/www.anne-frank-gymnasium.de\/?page_id=8510\" target=\"_blank\" rel=\"noopener noreferrer\">Homepage-Seite <em>Latein am AFG<\/em><\/a> mit vielen weiteren Informationen zur Entscheidungsfindung.<\/p>\n<p>&nbsp;<\/p>\n<\/div>\n<p>&nbsp;<\/p>\n<div class=\"entry-content clearfix\">\n<p>R. Reiners, 09.05.2025<\/p>\n<\/div>\n","protected":false},"excerpt":{"rendered":"<p>Mit dem Eintritt in die Mittelstufe in Klasse 7 beginnt am Gymnasium (G9) der Unterricht in der zweiten Fremdsprache. Zus\u00e4tzlich zu unseren Informationsveranstaltungen f\u00fcr Eltern und Sch\u00fclerInnen im zweiten Halbjahr der Klasse 6 finden Sie hier folgende Informationen:<\/p>\n<ul>\n<li>Allgemeine Informationen zur Wahl der zweiten Fremdsprache<\/li>\n<li>Informationen zu Franz\u00f6sisch und Latein sowie dem jeweiligen Unterricht &hellip;\n<p><a class=\"more-link btn\" href=\"https:\/\/www.anne-frank-gymnasium.de\/?page_id=11353\">Weiterlesen<\/a><\/p>\n<\/li>\n<\/ul>\n","protected":false},"author":12,"featured_media":0,"parent":4640,"menu_order":7,"comment_status":"closed","ping_status":"closed","template":"","meta":{"footnotes":""},"class_list":["post-11353","page","type-page","status-publish","hentry","nodate","item-wrap"],"_links":{"self":[{"href":"https:\/\/www.anne-frank-gymnasium.de\/index.php?rest_route=\/wp\/v2\/pages\/11353","targetHints":{"allow":["GET"]}}],"collection":[{"href":"https:\/\/www.anne-frank-gymnasium.de\/index.php?rest_route=\/wp\/v2\/pages"}],"about":[{"href":"https:\/\/www.anne-frank-gymnasium.de\/index.php?rest_route=\/wp\/v2\/types\/page"}],"author":[{"embeddable":true,"href":"https:\/\/www.anne-frank-gymnasium.de\/index.php?rest_route=\/wp\/v2\/users\/12"}],"replies":[{"embeddable":true,"href":"https:\/\/www.anne-frank-gymnasium.de\/index.php?rest_route=%2Fwp%2Fv2%2Fcomments&post=11353"}],"version-history":[{"count":33,"href":"https:\/\/www.anne-frank-gymnasium.de\/index.php?rest_route=\/wp\/v2\/pages\/11353\/revisions"}],"predecessor-version":[{"id":18547,"href":"https:\/\/www.anne-frank-gymnasium.de\/index.php?rest_route=\/wp\/v2\/pages\/11353\/revisions\/18547"}],"up":[{"embeddable":true,"href":"https:\/\/www.anne-frank-gymnasium.de\/index.php?rest_route=\/wp\/v2\/pages\/4640"}],"wp:attachment":[{"href":"https:\/\/www.anne-frank-gymnasium.de\/index.php?rest_route=%2Fwp%2Fv2%2Fmedia&parent=11353"}],"curies":[{"name":"wp","href":"https:\/\/api.w.org\/{rel}","templated":true}]}}