{"id":10836,"date":"2019-12-08T12:57:33","date_gmt":"2019-12-08T11:57:33","guid":{"rendered":"https:\/\/www.anne-frank-gymnasium.de\/?page_id=10836"},"modified":"2026-02-22T19:45:31","modified_gmt":"2026-02-22T18:45:31","slug":"anmeldung","status":"publish","type":"page","link":"https:\/\/www.anne-frank-gymnasium.de\/?page_id=10836","title":{"rendered":"Anmeldung am AFG"},"content":{"rendered":"<div><a href=\"https:\/\/www.anne-frank-gymnasium.de\/wp-content\/uploads\/2025\/12\/Anmeldezeiten-2026-27-1.pdf\" class=\"pdfemb-viewer\" style=\"\" data-width=\"max\" data-height=\"max\" data-toolbar=\"bottom\" data-toolbar-fixed=\"off\">Anmeldezeiten 2026-27<\/a><\/div>\n<p>&nbsp;<\/p>\n<div><\/div>\n<div>Haben Sie den Tag der offenen T\u00fcr verpasst und m\u00f6chten uns in einer individuellen F\u00fchrung pers\u00f6nlich kennenlernen? M\u00f6chten Sie ein Beratungsgespr\u00e4ch f\u00fchren (zum Beispiel bei eingeschr\u00e4nkter Empfehlung), pers\u00f6nlich oder am Telefon? Rufen Sie uns gern im <a href=\"https:\/\/www.anne-frank-gymnasium.de\/?page_id=4629\" target=\"_blank\" rel=\"noopener noreferrer\" data-saferedirecturl=\"https:\/\/www.google.com\/url?q=https:\/\/www.anne-frank-gymnasium.de\/?page_id%3D4629&amp;source=gmail&amp;ust=1701970804224000&amp;usg=AOvVaw1dLK7vO-RlqdvzbmrdVt5Q\">Sekretariat<\/a> an. Ab sofort k\u00f6nnen Sie \u00fcber das Sekretariat bei uns auch Termine f\u00fcr die offizielle Anmeldephase reservieren.<\/div>\n<div>\n<p>&nbsp;<\/p>\n<div>Wir freuen uns auf Sie und Euch!<\/div>\n<p>&nbsp;<\/p>\n<div><strong>Anmelde-Unterlagen zum Download<\/strong><\/div>\n<div><\/div>\n<ul>\n<li style=\"list-style-type: none;\">\n<ul>\n<li><a href=\"https:\/\/www.anne-frank-gymnasium.de\/wp-content\/uploads\/2025\/12\/Anmeldeformular-AFG-5er-2025.pdf\">Anmeldeformular des Anne-Frank-Gymnasiums<\/a>\n<ul>\n<li>Bitte nach M\u00f6glichkeit elektronisch ausf\u00fcllen, ausdrucken und mitbringen\/uns zusenden. Sp\u00e4tere Erg\u00e4nzungen sind nat\u00fcrlich m\u00f6glich.<\/li>\n<li>Bei Anmeldung zur gymn. Oberstufe ist eine zus\u00e4tzliche Registrierung bei der zentralen Internetanmeldung &#8222;Sch\u00fcler Online&#8220; notwendig. Diese ist bei Anmeldung vorzulegen.<\/li>\n<\/ul>\n<\/li>\n<li>Im Falle des Fehlens einer\/s Erziehungsberechtigten: Ausgef\u00fcllte <a href=\"https:\/\/www.anne-frank-gymnasium.de\/wp-content\/uploads\/2025\/12\/Vollmacht-fuer-die-Anmeldung-zum-Schulbesuch.pdf\">Vollmacht f\u00fcr die Anmeldung zum Schulbesuch<\/a>.<\/li>\n<li>Gegebenenfalls <a href=\"https:\/\/www.staedteregion-aachen.de\/de\/navigation\/aemter\/schulamt-a-41\/informationen-fuer-schueler\/-innen-und-eltern\/herkunftssprachlicher-unterricht\">Interessensbekundung f\u00fcr Herkunftssprachlichen Unterricht<\/a> (f\u00fcr mehrsprachige Kinder, in bestimmten F\u00e4llen)<\/li>\n<\/ul>\n<\/li>\n<\/ul>\n<p>&nbsp;<\/p>\n<p><strong>Flyer<\/strong><span style=\"text-decoration: underline;\"><strong><br \/>\n<\/strong><\/span><\/p>\n<p><a href=\"https:\/\/www.anne-frank-gymnasium.de\/wp-content\/uploads\/2026\/02\/Europa_Flyer-3-komprimiert.pdf\">Europa am AFG<\/a><\/p>\n<a href=\"https:\/\/www.anne-frank-gymnasium.de\/wp-content\/uploads\/2026\/02\/Europa_Flyer-3-komprimiert.pdf\" class=\"pdfemb-viewer\" style=\"\" data-width=\"max\" data-height=\"max\" data-toolbar=\"bottom\" data-toolbar-fixed=\"off\">Europa_Flyer-3 komprimiert<\/a>\n<\/div>\n<p>&nbsp;<\/p>\n<p><a href=\"https:\/\/www.anne-frank-gymnasium.de\/wp-content\/uploads\/2026\/02\/Mint_Flyer-5-komprimiert.pdf\">MINT am AFG<\/a><\/p>\n<div>\n<a href=\"https:\/\/www.anne-frank-gymnasium.de\/wp-content\/uploads\/2026\/02\/Mint_Flyer-5-komprimiert.pdf\" class=\"pdfemb-viewer\" style=\"\" data-width=\"max\" data-height=\"max\" data-toolbar=\"bottom\" data-toolbar-fixed=\"off\">Mint_Flyer-5 komprimiert<\/a>\n<\/div>\n<p>&nbsp;<\/p>\n<p><a href=\"https:\/\/www.anne-frank-gymnasium.de\/wp-content\/uploads\/2026\/02\/Sport_Flyer-3-komprimiert.pdf\">Sport am AFG<\/a><\/p>\n<div>\n<a href=\"https:\/\/www.anne-frank-gymnasium.de\/wp-content\/uploads\/2026\/02\/Sport_Flyer-3-komprimiert.pdf\" class=\"pdfemb-viewer\" style=\"\" data-width=\"max\" data-height=\"max\" data-toolbar=\"bottom\" data-toolbar-fixed=\"off\">Sport_Flyer-3 komprimiert<\/a>\n<\/div>\n<p>&nbsp;<\/p>\n<p><a href=\"https:\/\/www.anne-frank-gymnasium.de\/wp-content\/uploads\/2026\/02\/Musik_Flyer-2-komprimiert-1.pdf\">Musik am AFG<\/a><\/p>\n<a href=\"https:\/\/www.anne-frank-gymnasium.de\/wp-content\/uploads\/2026\/02\/Musik_Flyer-2-komprimiert-1.pdf\" class=\"pdfemb-viewer\" style=\"\" data-width=\"max\" data-height=\"max\" data-toolbar=\"bottom\" data-toolbar-fixed=\"off\">Musik_Flyer-2-komprimiert (1)<\/a>\n<p>&nbsp;<\/p>\n","protected":false},"excerpt":{"rendered":"<p>&nbsp;<\/p>\n<p> Haben Sie den Tag der offenen T\u00fcr verpasst und m\u00f6chten uns in einer individuellen F\u00fchrung pers\u00f6nlich kennenlernen? M\u00f6chten Sie ein Beratungsgespr\u00e4ch f\u00fchren (zum Beispiel bei eingeschr\u00e4nkter Empfehlung), pers\u00f6nlich oder am Telefon? Rufen Sie uns gern im <a href=\"https:\/\/www.anne-frank-gymnasium.de\/?page_id=4629\" target=\"_blank\" rel=\"noopener noreferrer\" data-saferedirecturl=\"https:\/\/www.google.com\/url?q=https:\/\/www.anne-frank-gymnasium.de\/?page_id%3D4629&amp;source=gmail&amp;ust=1701970804224000&amp;usg=AOvVaw1dLK7vO-RlqdvzbmrdVt5Q\">Sekretariat<\/a> an. Ab sofort k\u00f6nnen Sie \u00fcber das Sekretariat bei uns auch Termine &hellip; <\/p>\n<p><a class=\"more-link btn\" href=\"https:\/\/www.anne-frank-gymnasium.de\/?page_id=10836\">Weiterlesen<\/a><\/p>\n","protected":false},"author":12,"featured_media":0,"parent":73,"menu_order":0,"comment_status":"closed","ping_status":"closed","template":"","meta":{"footnotes":""},"class_list":["post-10836","page","type-page","status-publish","hentry","nodate","item-wrap"],"_links":{"self":[{"href":"https:\/\/www.anne-frank-gymnasium.de\/index.php?rest_route=\/wp\/v2\/pages\/10836","targetHints":{"allow":["GET"]}}],"collection":[{"href":"https:\/\/www.anne-frank-gymnasium.de\/index.php?rest_route=\/wp\/v2\/pages"}],"about":[{"href":"https:\/\/www.anne-frank-gymnasium.de\/index.php?rest_route=\/wp\/v2\/types\/page"}],"author":[{"embeddable":true,"href":"https:\/\/www.anne-frank-gymnasium.de\/index.php?rest_route=\/wp\/v2\/users\/12"}],"replies":[{"embeddable":true,"href":"https:\/\/www.anne-frank-gymnasium.de\/index.php?rest_route=%2Fwp%2Fv2%2Fcomments&post=10836"}],"version-history":[{"count":133,"href":"https:\/\/www.anne-frank-gymnasium.de\/index.php?rest_route=\/wp\/v2\/pages\/10836\/revisions"}],"predecessor-version":[{"id":19470,"href":"https:\/\/www.anne-frank-gymnasium.de\/index.php?rest_route=\/wp\/v2\/pages\/10836\/revisions\/19470"}],"up":[{"embeddable":true,"href":"https:\/\/www.anne-frank-gymnasium.de\/index.php?rest_route=\/wp\/v2\/pages\/73"}],"wp:attachment":[{"href":"https:\/\/www.anne-frank-gymnasium.de\/index.php?rest_route=%2Fwp%2Fv2%2Fmedia&parent=10836"}],"curies":[{"name":"wp","href":"https:\/\/api.w.org\/{rel}","templated":true}]}}