{"id":108,"date":"2012-07-10T01:02:42","date_gmt":"2012-07-09T23:02:42","guid":{"rendered":"http:\/\/pegasus.informatik.rwth-aachen.de\/?page_id=108"},"modified":"2023-06-18T11:33:30","modified_gmt":"2023-06-18T09:33:30","slug":"schliesfacher","status":"publish","type":"page","link":"https:\/\/www.anne-frank-gymnasium.de\/?page_id=108","title":{"rendered":"Schlie\u00dff\u00e4cher"},"content":{"rendered":"<p><a href=\"https:\/\/www.anne-frank-gymnasium.de\/wp-content\/uploads\/2018\/11\/Schlie\u00dff\u00e4cher.jpg\"><img loading=\"lazy\" decoding=\"async\" class=\"alignnone size-full wp-image-9444\" src=\"https:\/\/www.anne-frank-gymnasium.de\/wp-content\/uploads\/2018\/11\/Schlie\u00dff\u00e4cher.jpg\" alt=\"\" width=\"4544\" height=\"1209\" srcset=\"https:\/\/www.anne-frank-gymnasium.de\/wp-content\/uploads\/2018\/11\/Schlie\u00dff\u00e4cher.jpg 4544w, https:\/\/www.anne-frank-gymnasium.de\/wp-content\/uploads\/2018\/11\/Schlie\u00dff\u00e4cher-300x80.jpg 300w, https:\/\/www.anne-frank-gymnasium.de\/wp-content\/uploads\/2018\/11\/Schlie\u00dff\u00e4cher-768x204.jpg 768w, https:\/\/www.anne-frank-gymnasium.de\/wp-content\/uploads\/2018\/11\/Schlie\u00dff\u00e4cher-1024x272.jpg 1024w\" sizes=\"auto, (max-width: 4544px) 100vw, 4544px\" \/><\/a><\/p>\n<p>F\u00fcr die Sch\u00fclerinnen und Sch\u00fcler stehen in unserem Schulgeb\u00e4ude eine Reihe von Schlie\u00dff\u00e4chern mit Zahlenkombinationsschloss zur Verf\u00fcgung. Schulsachen wie Sportbekleidung, Zeichenmaterialien und Schulb\u00fccher sowie pers\u00f6nliche Wertgegenst\u00e4nde k\u00f6nnen in einem Schlie\u00dffach verstaut werden. Der R\u00fccken wird entlastetet und die Sch\u00fcler k\u00f6nnen sich unbeschwerter im Schulhaus bewegen.<\/p>\n<p>Die Organisation der Schlie\u00dff\u00e4cher erfolgt durch die externe Firma Mietra. Der Abschluss von Mietvertr\u00e4gen erfolgt \u00fcber deren Homepage (siehe unten). Nach erfolgreicher Anmeldung werden Ihnen die Zugangsdaten per E-Mail zugeschickt und Sie k\u00f6nnen im Anschluss Ihr Schlie\u00dffach nutzen.<\/p>\n<p>&nbsp;<\/p>\n<p>Informationen zu den Schlie\u00dff\u00e4chern:<\/p>\n<ul>\n<li>Schlie\u00dffachma\u00dfe H 46 x B 35 x T 50 cm<\/li>\n<li>T\u00fcren aus 1,5 mm Qualit\u00e4tsstahlblech<\/li>\n<li>Robuste Klavierbandaufh\u00e4ngung &#8211; verhindert das Aushebeln der T\u00fcren<\/li>\n<li>L\u00fcftungsl\u00f6cher in der R\u00fcckwand<\/li>\n<li>Zahlenkombinationsschloss mit h\u00f6chster Sicherheitsstufe, unverw\u00fcstlich und mit 59.000 Kombinationen<\/li>\n<li>j\u00e4hrliche K\u00fcndigungserinnerungen f\u00fcr Sch\u00fcler<\/li>\n<\/ul>\n<p>&nbsp;<\/p>\n<p>So funktioniert die Anmeldung:<\/p>\n<p>&#8211; Klicken Sie auf den unten stehenden Link.<br \/>\n&#8211; Nach kurzer Zeit wird unsere Schule automatisch ausgew\u00e4hlt.<br \/>\n&#8211; Im Browser m\u00fcssen Scripte aktiviert sein<\/p>\n<p>&nbsp;<\/p>\n<p>Melden Sie Ihr Schlie\u00dffach an unter <a href=\"https:\/\/serviceportal.schliessfaecher.de\/schliessfach-mieten?School=106591\" target=\"_blank\" rel=\"noopener noreferrer\" data-saferedirecturl=\"https:\/\/www.google.com\/url?q=http:\/\/www.mietra.de&amp;source=gmail&amp;ust=1687162250469000&amp;usg=AOvVaw1REDJiHiHaqSoRFo57OzBg\"><strong>www.mietra.de.<\/strong><\/a><\/p>\n","protected":false},"excerpt":{"rendered":"<p><a href=\"https:\/\/www.anne-frank-gymnasium.de\/wp-content\/uploads\/2018\/11\/Schlie\u00dff\u00e4cher.jpg\"><\/a><\/p>\n<p>F\u00fcr die Sch\u00fclerinnen und Sch\u00fcler stehen in unserem Schulgeb\u00e4ude eine Reihe von Schlie\u00dff\u00e4chern mit Zahlenkombinationsschloss zur Verf\u00fcgung. Schulsachen wie Sportbekleidung, Zeichenmaterialien und Schulb\u00fccher sowie pers\u00f6nliche Wertgegenst\u00e4nde k\u00f6nnen in einem Schlie\u00dffach verstaut werden. Der R\u00fccken wird entlastetet und die Sch\u00fcler k\u00f6nnen sich unbeschwerter im Schulhaus bewegen.<\/p>\n<p>Die Organisation der Schlie\u00dff\u00e4cher erfolgt durch die externe &hellip; <\/p>\n<p><a class=\"more-link btn\" href=\"https:\/\/www.anne-frank-gymnasium.de\/?page_id=108\">Weiterlesen<\/a><\/p>\n","protected":false},"author":6,"featured_media":0,"parent":104,"menu_order":6,"comment_status":"closed","ping_status":"closed","template":"","meta":{"footnotes":""},"class_list":["post-108","page","type-page","status-publish","hentry","nodate","item-wrap"],"_links":{"self":[{"href":"https:\/\/www.anne-frank-gymnasium.de\/index.php?rest_route=\/wp\/v2\/pages\/108","targetHints":{"allow":["GET"]}}],"collection":[{"href":"https:\/\/www.anne-frank-gymnasium.de\/index.php?rest_route=\/wp\/v2\/pages"}],"about":[{"href":"https:\/\/www.anne-frank-gymnasium.de\/index.php?rest_route=\/wp\/v2\/types\/page"}],"author":[{"embeddable":true,"href":"https:\/\/www.anne-frank-gymnasium.de\/index.php?rest_route=\/wp\/v2\/users\/6"}],"replies":[{"embeddable":true,"href":"https:\/\/www.anne-frank-gymnasium.de\/index.php?rest_route=%2Fwp%2Fv2%2Fcomments&post=108"}],"version-history":[{"count":17,"href":"https:\/\/www.anne-frank-gymnasium.de\/index.php?rest_route=\/wp\/v2\/pages\/108\/revisions"}],"predecessor-version":[{"id":16049,"href":"https:\/\/www.anne-frank-gymnasium.de\/index.php?rest_route=\/wp\/v2\/pages\/108\/revisions\/16049"}],"up":[{"embeddable":true,"href":"https:\/\/www.anne-frank-gymnasium.de\/index.php?rest_route=\/wp\/v2\/pages\/104"}],"wp:attachment":[{"href":"https:\/\/www.anne-frank-gymnasium.de\/index.php?rest_route=%2Fwp%2Fv2%2Fmedia&parent=108"}],"curies":[{"name":"wp","href":"https:\/\/api.w.org\/{rel}","templated":true}]}}