{"id":106,"date":"2012-07-10T01:02:12","date_gmt":"2012-07-09T23:02:12","guid":{"rendered":"http:\/\/pegasus.informatik.rwth-aachen.de\/?page_id=106"},"modified":"2025-11-01T13:00:51","modified_gmt":"2025-11-01T12:00:51","slug":"onlineraum","status":"publish","type":"page","link":"https:\/\/www.anne-frank-gymnasium.de\/?page_id=106","title":{"rendered":"Makerspace"},"content":{"rendered":"<p><img loading=\"lazy\" decoding=\"async\" class=\"aligncenter wp-image-19140 size-large\" src=\"https:\/\/www.anne-frank-gymnasium.de\/wp-content\/uploads\/2025\/11\/20250122_162142-1024x473.jpeg\" alt=\"\" width=\"870\" height=\"402\" srcset=\"https:\/\/www.anne-frank-gymnasium.de\/wp-content\/uploads\/2025\/11\/20250122_162142-1024x473.jpeg 1024w, https:\/\/www.anne-frank-gymnasium.de\/wp-content\/uploads\/2025\/11\/20250122_162142-300x139.jpeg 300w, https:\/\/www.anne-frank-gymnasium.de\/wp-content\/uploads\/2025\/11\/20250122_162142-768x355.jpeg 768w, https:\/\/www.anne-frank-gymnasium.de\/wp-content\/uploads\/2025\/11\/20250122_162142-1536x710.jpeg 1536w, https:\/\/www.anne-frank-gymnasium.de\/wp-content\/uploads\/2025\/11\/20250122_162142-2048x946.jpeg 2048w, https:\/\/www.anne-frank-gymnasium.de\/wp-content\/uploads\/2025\/11\/20250122_162142-870x402.jpeg 870w\" sizes=\"auto, (max-width: 870px) 100vw, 870px\" \/><\/p>\n<p>Im Raum A 134, direkt neben der Schulbibliothek befindet sich der Makerspace unserer Schule. Es handelt sich um einen Raum, in dem Du kreative Ideen zum Leben erwecken kannst. Er wurde seit 2024 St\u00fcckweise durch Sch\u00fclerinnen und Sch\u00fcler der Making AG aufgebaut und eingerichtet. Hier kannst du deine Ideen in die Tat umsetzen und spannende Projekte realisieren. Ob du dich f\u00fcr 3D-Druck, Robotics, Fotografie mit Greenscreen, die Nutzung einer Cutting Maschine oder andere kreative Techniken interessierst \u2013 bei uns stehen dir alle M\u00f6glichkeiten offen!<\/p>\n<p>Hast du kreative Ideen und m\u00f6chtest sie mit moderner Technik und coolen Werkzeugen umsetzen? Dann ist unsere neue Making AG von Herrn Fr\u00fchwein genau das Richtige f\u00fcr dich!<\/p>\n<p>Mehr Informationen findest Du in der <a href=\"https:\/\/www.anne-frank-gymnasium.de\/?page_id=5593\">AG-\u00dcbersicht.<\/a><\/p>\n<p><a href=\"https:\/\/www.anne-frank-gymnasium.de\/wp-content\/uploads\/2025\/10\/7F0A8135-scaled.jpeg\"><img loading=\"lazy\" decoding=\"async\" class=\"aligncenter wp-image-19097 size-large\" src=\"https:\/\/www.anne-frank-gymnasium.de\/wp-content\/uploads\/2025\/10\/7F0A8135-scaled-e1760081552891-1024x640.jpeg\" alt=\"\" width=\"870\" height=\"544\" srcset=\"https:\/\/www.anne-frank-gymnasium.de\/wp-content\/uploads\/2025\/10\/7F0A8135-scaled-e1760081552891-1024x640.jpeg 1024w, https:\/\/www.anne-frank-gymnasium.de\/wp-content\/uploads\/2025\/10\/7F0A8135-scaled-e1760081552891-300x188.jpeg 300w, https:\/\/www.anne-frank-gymnasium.de\/wp-content\/uploads\/2025\/10\/7F0A8135-scaled-e1760081552891-768x480.jpeg 768w, https:\/\/www.anne-frank-gymnasium.de\/wp-content\/uploads\/2025\/10\/7F0A8135-scaled-e1760081552891-1536x960.jpeg 1536w, https:\/\/www.anne-frank-gymnasium.de\/wp-content\/uploads\/2025\/10\/7F0A8135-scaled-e1760081552891-2048x1281.jpeg 2048w, https:\/\/www.anne-frank-gymnasium.de\/wp-content\/uploads\/2025\/10\/7F0A8135-scaled-e1760081552891-870x544.jpeg 870w\" sizes=\"auto, (max-width: 870px) 100vw, 870px\" \/><\/a><\/p>\n<p><a href=\"https:\/\/www.anne-frank-gymnasium.de\/wp-content\/uploads\/2025\/10\/7F0A8155-scaled.jpeg\"><img loading=\"lazy\" decoding=\"async\" class=\"aligncenter wp-image-19090 size-large\" src=\"https:\/\/www.anne-frank-gymnasium.de\/wp-content\/uploads\/2025\/10\/7F0A8155-scaled-e1760081435142-1024x640.jpeg\" alt=\"\" width=\"870\" height=\"544\" srcset=\"https:\/\/www.anne-frank-gymnasium.de\/wp-content\/uploads\/2025\/10\/7F0A8155-scaled-e1760081435142-1024x640.jpeg 1024w, https:\/\/www.anne-frank-gymnasium.de\/wp-content\/uploads\/2025\/10\/7F0A8155-scaled-e1760081435142-300x188.jpeg 300w, https:\/\/www.anne-frank-gymnasium.de\/wp-content\/uploads\/2025\/10\/7F0A8155-scaled-e1760081435142-768x480.jpeg 768w, https:\/\/www.anne-frank-gymnasium.de\/wp-content\/uploads\/2025\/10\/7F0A8155-scaled-e1760081435142-1536x960.jpeg 1536w, https:\/\/www.anne-frank-gymnasium.de\/wp-content\/uploads\/2025\/10\/7F0A8155-scaled-e1760081435142-2048x1280.jpeg 2048w, https:\/\/www.anne-frank-gymnasium.de\/wp-content\/uploads\/2025\/10\/7F0A8155-scaled-e1760081435142-870x544.jpeg 870w\" sizes=\"auto, (max-width: 870px) 100vw, 870px\" \/><\/a><\/p>\n<p><a href=\"https:\/\/www.anne-frank-gymnasium.de\/wp-content\/uploads\/2025\/11\/20250116_143642-scaled.jpeg\"><img loading=\"lazy\" decoding=\"async\" class=\"alignnone size-large wp-image-19141\" src=\"https:\/\/www.anne-frank-gymnasium.de\/wp-content\/uploads\/2025\/11\/20250116_143642-1024x577.jpeg\" alt=\"\" width=\"870\" height=\"490\" srcset=\"https:\/\/www.anne-frank-gymnasium.de\/wp-content\/uploads\/2025\/11\/20250116_143642-1024x577.jpeg 1024w, https:\/\/www.anne-frank-gymnasium.de\/wp-content\/uploads\/2025\/11\/20250116_143642-300x169.jpeg 300w, https:\/\/www.anne-frank-gymnasium.de\/wp-content\/uploads\/2025\/11\/20250116_143642-768x432.jpeg 768w, https:\/\/www.anne-frank-gymnasium.de\/wp-content\/uploads\/2025\/11\/20250116_143642-1536x865.jpeg 1536w, https:\/\/www.anne-frank-gymnasium.de\/wp-content\/uploads\/2025\/11\/20250116_143642-2048x1153.jpeg 2048w, https:\/\/www.anne-frank-gymnasium.de\/wp-content\/uploads\/2025\/11\/20250116_143642-870x490.jpeg 870w\" sizes=\"auto, (max-width: 870px) 100vw, 870px\" \/><\/a><\/p>\n<p><a href=\"https:\/\/www.anne-frank-gymnasium.de\/wp-content\/uploads\/2025\/10\/7F0A8144-scaled.jpeg\"><img loading=\"lazy\" decoding=\"async\" class=\"aligncenter wp-image-19094 size-large\" src=\"https:\/\/www.anne-frank-gymnasium.de\/wp-content\/uploads\/2025\/10\/7F0A8144-scaled-e1760081470373-1024x639.jpeg\" alt=\"\" width=\"870\" height=\"543\" srcset=\"https:\/\/www.anne-frank-gymnasium.de\/wp-content\/uploads\/2025\/10\/7F0A8144-scaled-e1760081470373-1024x639.jpeg 1024w, https:\/\/www.anne-frank-gymnasium.de\/wp-content\/uploads\/2025\/10\/7F0A8144-scaled-e1760081470373-300x187.jpeg 300w, https:\/\/www.anne-frank-gymnasium.de\/wp-content\/uploads\/2025\/10\/7F0A8144-scaled-e1760081470373-768x480.jpeg 768w, https:\/\/www.anne-frank-gymnasium.de\/wp-content\/uploads\/2025\/10\/7F0A8144-scaled-e1760081470373-1536x959.jpeg 1536w, https:\/\/www.anne-frank-gymnasium.de\/wp-content\/uploads\/2025\/10\/7F0A8144-scaled-e1760081470373-2048x1279.jpeg 2048w, https:\/\/www.anne-frank-gymnasium.de\/wp-content\/uploads\/2025\/10\/7F0A8144-scaled-e1760081470373-870x543.jpeg 870w\" sizes=\"auto, (max-width: 870px) 100vw, 870px\" \/><\/a><\/p>\n<p><a href=\"https:\/\/www.anne-frank-gymnasium.de\/wp-content\/uploads\/2025\/10\/7F0A8138-scaled.jpeg\"><img loading=\"lazy\" decoding=\"async\" class=\"aligncenter wp-image-19096 size-large\" src=\"https:\/\/www.anne-frank-gymnasium.de\/wp-content\/uploads\/2025\/10\/7F0A8138-scaled-e1760081521364-1024x640.jpeg\" alt=\"\" width=\"870\" height=\"544\" srcset=\"https:\/\/www.anne-frank-gymnasium.de\/wp-content\/uploads\/2025\/10\/7F0A8138-scaled-e1760081521364-1024x640.jpeg 1024w, https:\/\/www.anne-frank-gymnasium.de\/wp-content\/uploads\/2025\/10\/7F0A8138-scaled-e1760081521364-300x188.jpeg 300w, https:\/\/www.anne-frank-gymnasium.de\/wp-content\/uploads\/2025\/10\/7F0A8138-scaled-e1760081521364-768x480.jpeg 768w, https:\/\/www.anne-frank-gymnasium.de\/wp-content\/uploads\/2025\/10\/7F0A8138-scaled-e1760081521364-1536x960.jpeg 1536w, https:\/\/www.anne-frank-gymnasium.de\/wp-content\/uploads\/2025\/10\/7F0A8138-scaled-e1760081521364-2048x1280.jpeg 2048w, https:\/\/www.anne-frank-gymnasium.de\/wp-content\/uploads\/2025\/10\/7F0A8138-scaled-e1760081521364-870x544.jpeg 870w\" sizes=\"auto, (max-width: 870px) 100vw, 870px\" \/><\/a><\/p>\n<p>&nbsp;<\/p>\n<p>&nbsp;<\/p>\n","protected":false},"excerpt":{"rendered":"<\/p>\n<p>Im Raum A 134, direkt neben der Schulbibliothek befindet sich der Makerspace unserer Schule. Es handelt sich um einen Raum, in dem Du kreative Ideen zum Leben erwecken kannst. Er wurde seit 2024 St\u00fcckweise durch Sch\u00fclerinnen und Sch\u00fcler der Making AG aufgebaut und eingerichtet. Hier kannst du deine Ideen in die Tat umsetzen und &hellip; <\/p>\n<p><a class=\"more-link btn\" href=\"https:\/\/www.anne-frank-gymnasium.de\/?page_id=106\">Weiterlesen<\/a><\/p>\n","protected":false},"author":6,"featured_media":0,"parent":104,"menu_order":4,"comment_status":"closed","ping_status":"closed","template":"","meta":{"footnotes":""},"class_list":["post-106","page","type-page","status-publish","hentry","nodate","item-wrap"],"_links":{"self":[{"href":"https:\/\/www.anne-frank-gymnasium.de\/index.php?rest_route=\/wp\/v2\/pages\/106","targetHints":{"allow":["GET"]}}],"collection":[{"href":"https:\/\/www.anne-frank-gymnasium.de\/index.php?rest_route=\/wp\/v2\/pages"}],"about":[{"href":"https:\/\/www.anne-frank-gymnasium.de\/index.php?rest_route=\/wp\/v2\/types\/page"}],"author":[{"embeddable":true,"href":"https:\/\/www.anne-frank-gymnasium.de\/index.php?rest_route=\/wp\/v2\/users\/6"}],"replies":[{"embeddable":true,"href":"https:\/\/www.anne-frank-gymnasium.de\/index.php?rest_route=%2Fwp%2Fv2%2Fcomments&post=106"}],"version-history":[{"count":13,"href":"https:\/\/www.anne-frank-gymnasium.de\/index.php?rest_route=\/wp\/v2\/pages\/106\/revisions"}],"predecessor-version":[{"id":19142,"href":"https:\/\/www.anne-frank-gymnasium.de\/index.php?rest_route=\/wp\/v2\/pages\/106\/revisions\/19142"}],"up":[{"embeddable":true,"href":"https:\/\/www.anne-frank-gymnasium.de\/index.php?rest_route=\/wp\/v2\/pages\/104"}],"wp:attachment":[{"href":"https:\/\/www.anne-frank-gymnasium.de\/index.php?rest_route=%2Fwp%2Fv2%2Fmedia&parent=106"}],"curies":[{"name":"wp","href":"https:\/\/api.w.org\/{rel}","templated":true}]}}