{"id":10372,"date":"2019-09-03T18:04:31","date_gmt":"2019-09-03T16:04:31","guid":{"rendered":"https:\/\/www.anne-frank-gymnasium.de\/?page_id=10372"},"modified":"2025-12-13T17:08:09","modified_gmt":"2025-12-13T16:08:09","slug":"lrs","status":"publish","type":"page","link":"https:\/\/www.anne-frank-gymnasium.de\/?page_id=10372","title":{"rendered":"LRS-F\u00f6rderung"},"content":{"rendered":"<p>\u201eDer Beherrschung der Schriftsprache kommt f\u00fcr die sprachliche Verst\u00e4ndigung, f\u00fcr den Erwerb von Wissen und Bildung, f\u00fcr den Zugang zum Beruf und f\u00fcr das Berufsleben besondere Bedeutung zu\u201c (RdErl. d. Kultusministeriums zur \u201eF\u00f6rderung von Sch\u00fclerinnen und Sch\u00fclern bei besonderen Schwierigkeiten im Erlernen des Lesens und Rechtschreibens (LRS), S. 1).<\/p>\n<p>Wie dem Runderlass zu LRS des Kultusministeriums zu entnehmen ist, sind die korrekte Beherrschung der Schriftsprache sowie die F\u00e4higkeit des Lesens von besonderer Bedeutung f\u00fcr die Sch\u00fclerinnen und Sch\u00fcler. Um die Sch\u00fclerinnen und Sch\u00fcler auf die Anforderungen ihres sp\u00e4teren Alltags, insbesondere auch ihres beruflichen Alltags, vorzubereiten, ist es also die Aufgabe von Schule daf\u00fcr Sorge zu tragen, ihren Sch\u00fclerinnen und Sch\u00fclern einen sicheren Umgang mit Sprache beizubringen. Dies gilt selbstverst\u00e4ndlich auch f\u00fcr Sch\u00fclerinnen und Sch\u00fcler, bei denen noch Schwierigkeiten im Erlernen oder bei der Aus\u00fcbung des Lesens und insbesondere des Rechtschreibens festgestellt werden. Diesen Sch\u00fclerinnen und Sch\u00fclern f\u00fchlt sich das Anne-Frank-Gymnasium besonders verpflichtet und tr\u00e4gt dieser Verpflichtung mit dem schulinternen LRS-Konzept, der Kooperation mit dem LRS-Zentrum Aachen sowie den eingerichteten F\u00f6rderkursen Rechnung.<\/p>\n<p>Der Runderlass des Ministeriums sieht sowohl schulische als auch au\u00dferschulische Ma\u00dfnahmen f\u00fcr die F\u00f6rderung von Sch\u00fclerinnen und Sch\u00fclern mit LRS vor. Das Anne-Frank-Gymnasium hat sich durch den Kooperationsvertrag vom 28.11.2019 mit dem LRS-Zentrum Aachen professionelle au\u00dferschulische Unterst\u00fctzung zugesichert, die bei der Analyse und Diagnose von Sch\u00fclerinnen und Sch\u00fclern mit LRS in den Klassen der Jahrgangsstufe 5 sowie bei den F\u00f6rderma\u00dfnahmen zur Anwendung kommt. Im Folgenden finden Sie einige Informationen rund um das LRS-Konzept, die F\u00f6rderkurse, das LRS-Zentrum und die Ansprechpartner.<\/p>\n<p>Ansprechpartnerin ist <a href=\"https:\/\/www.anne-frank-gymnasium.de\/?page_id=97\">Frau Reimann<\/a>.<\/p>\n<ul>\n<li><a href=\"https:\/\/www.anne-frank-gymnasium.de\/wp-content\/uploads\/2025\/11\/LRS-Foerderkonzept_Stand-14.11.2025.pdf\">LRS-F\u00f6rderkonzept, Stand 14.11.2025<\/a><\/li>\n<li><a href=\"https:\/\/lrs-online.de\">Link zu unserem Kooperationspartner, dem LRS-Zentrum <\/a><\/li>\n<li><a href=\"https:\/\/bass.schul-welt.de\/280.htm\">LRS-Erlass<\/a><\/li>\n<li><a href=\"https:\/\/www.schulministerium.nrw.de\/eltern\/beratung-und-service\/besondere-herausforderungen\/lese-rechtschreib-und-rechen\">Hinweise des Schulministeriums<\/a><\/li>\n<li><a href=\"https:\/\/www.anne-frank-gymnasium.de\/?p=10745\">Unser Beitrag vom 02.12.19<\/a><\/li>\n<\/ul>\n","protected":false},"excerpt":{"rendered":"<p>\u201eDer Beherrschung der Schriftsprache kommt f\u00fcr die sprachliche Verst\u00e4ndigung, f\u00fcr den Erwerb von Wissen und Bildung, f\u00fcr den Zugang zum Beruf und f\u00fcr das Berufsleben besondere Bedeutung zu\u201c (RdErl. d. Kultusministeriums zur \u201eF\u00f6rderung von Sch\u00fclerinnen und Sch\u00fclern bei besonderen Schwierigkeiten im Erlernen des Lesens und Rechtschreibens (LRS), S. 1).<\/p>\n<p>Wie dem Runderlass zu LRS des &hellip; <\/p>\n<p><a class=\"more-link btn\" href=\"https:\/\/www.anne-frank-gymnasium.de\/?page_id=10372\">Weiterlesen<\/a><\/p>\n","protected":false},"author":12,"featured_media":0,"parent":5212,"menu_order":3,"comment_status":"closed","ping_status":"closed","template":"","meta":{"footnotes":""},"class_list":["post-10372","page","type-page","status-publish","hentry","nodate","item-wrap"],"_links":{"self":[{"href":"https:\/\/www.anne-frank-gymnasium.de\/index.php?rest_route=\/wp\/v2\/pages\/10372","targetHints":{"allow":["GET"]}}],"collection":[{"href":"https:\/\/www.anne-frank-gymnasium.de\/index.php?rest_route=\/wp\/v2\/pages"}],"about":[{"href":"https:\/\/www.anne-frank-gymnasium.de\/index.php?rest_route=\/wp\/v2\/types\/page"}],"author":[{"embeddable":true,"href":"https:\/\/www.anne-frank-gymnasium.de\/index.php?rest_route=\/wp\/v2\/users\/12"}],"replies":[{"embeddable":true,"href":"https:\/\/www.anne-frank-gymnasium.de\/index.php?rest_route=%2Fwp%2Fv2%2Fcomments&post=10372"}],"version-history":[{"count":16,"href":"https:\/\/www.anne-frank-gymnasium.de\/index.php?rest_route=\/wp\/v2\/pages\/10372\/revisions"}],"predecessor-version":[{"id":19253,"href":"https:\/\/www.anne-frank-gymnasium.de\/index.php?rest_route=\/wp\/v2\/pages\/10372\/revisions\/19253"}],"up":[{"embeddable":true,"href":"https:\/\/www.anne-frank-gymnasium.de\/index.php?rest_route=\/wp\/v2\/pages\/5212"}],"wp:attachment":[{"href":"https:\/\/www.anne-frank-gymnasium.de\/index.php?rest_route=%2Fwp%2Fv2%2Fmedia&parent=10372"}],"curies":[{"name":"wp","href":"https:\/\/api.w.org\/{rel}","templated":true}]}}